{"id":1009,"date":"2024-09-20T20:35:13","date_gmt":"2024-09-20T18:35:13","guid":{"rendered":"https:\/\/golden-group.pl\/?post_type=product&#038;p=1009"},"modified":"2024-10-11T12:56:25","modified_gmt":"2024-10-11T10:56:25","slug":"spiworek-misiu-niebieski","status":"publish","type":"product","link":"https:\/\/golden-group.eu\/en\/product\/spiworek-misiu-niebieski\/","title":{"rendered":"Teddy bear sleeping bag blue"},"content":{"rendered":"<section class=\"section\">\n<section class=\"section\">\n<section>\n<div class=\"ast-oembed-container\" style=\"height: 100%;\"><iframe loading=\"lazy\" title=\"13 wrze\u015bnia 2023\" width=\"500\" height=\"375\" src=\"https:\/\/www.youtube.com\/embed\/VUYLet0v2Z0?feature=oembed\" frameborder=\"0\" allow=\"accelerometer; autoplay; clipboard-write; encrypted-media; gyroscope; picture-in-picture; web-share\" referrerpolicy=\"strict-origin-when-cross-origin\" allowfullscreen><\/iframe><\/div>\n<\/section>\n<section class=\"section\">\n<section>\n<h4 class=\"item item-12\"><b style=\"font-style: inherit;\">Kocyk &#8222;MISIU&#8221;, jesienno-zimowy \u015bpiworek, otulacz do fotelika samochodowego, spacer\u00f3wki, noside\u0142ka lub gondoli.<\/b><\/h4>\n<p>&nbsp;<\/p>\n<p><strong style=\"font-size: 16px;\">DESTINY: <\/strong><strong style=\"font-size: 1.1em;\">dzieci od dnia narodzin do 6.-8. miesi\u0105ca \u017cycia<\/strong><\/p>\n<p>Our baby sleeping bag is <strong>universal and fits every seat<\/strong>. It has sewn in <strong>two zippers with a double slider that can be freely adjusted to the belt system.\u00a0<\/strong>Stworzyli\u015bmy otulacz, kt\u00f3ry b\u0119dzie s\u0142u\u017cy\u0142 dziecku od pierwszych dni \u017cycia do <span style=\"font-size: 16px;\">ok. 8. miesi\u0105ca. Otulacz jest bardzo <strong>ciep\u0142y, odpowiedni na zim\u0119.<\/strong><\/span><\/p>\n<\/section>\n<section class=\"section\"><b>SEAT BELTS HOLES:<br \/>\n<\/b><span style=\"font-size: 16px;\">Universal belt holes are usually located around the shoulders and hips of a child sitting in a seat. Our wraps have double-zipper zippers sewn in, through which the seat belts can be fed to properly secure the child. This solution makes <\/span><strong style=\"font-size: 16px;\">the sleeping bag fits any car seat. It can also be easily adjusted to the height of a growing child.<\/strong><span style=\"font-size: 16px;\"> The wrap is fastened with a comfortable Velcro, <\/span><strong style=\"font-size: 16px;\">allows for any adjustment.<\/strong><\/section>\n<section class=\"section\">\n<h6><\/h6>\n<h6>Golden Kids products are sewn by hand in Poland at 100%, thanks to which we pay attention to every detail at every stage of production.<\/h6>\n<p>&nbsp;<\/p>\n<p><b style=\"font-style: inherit;\">FABRIC:<br \/>\n<\/b><span style=\"font-size: 16px;\">sk\u0142ad:100% poliester najwy\u017cszej jako\u015bci, oryginalny Polar Minky Plush o gramaturze 170<\/span><\/p>\n<\/section>\n<section class=\"section\"><b>FILLING:<\/b><br \/>\nAnti-allergic, breathable 300g silicone non-woven fabric that does not change its structure during use. The filling inside is sewn into the outer fabrics, so it does not move during use.<b>CERTIFICATES:<\/b><br \/>\nAll materials used in production are safe for children and have the appropriate certificates. Minky Plush fleece, outer fabric, threads and labels have the OEKO-TEX 100 class I Certificate (certificates are sent at the Buyer&#039;s request).<\/section>\n<section class=\"section\">\n<section><\/section>\n<section class=\"section\"><strong> WASHING METHOD:<\/strong><\/section>\n<ul>\n<li><span style=\"font-size: 16px;\">machine washable at 30\u00ba C <\/span><\/li>\n<li><span style=\"font-size: 16px;\">delicate program, max. spin - 800 rpm\u00a0<\/span><\/li>\n<li><span style=\"font-size: 16px;\"> use gentle detergents\u00a0<\/span><\/li>\n<li><span style=\"font-size: 16px;\">do not use bleach\u00a0<\/span><\/li>\n<li><span style=\"font-size: 16px;\"> do not tumble dry\u00a0<\/span><\/li>\n<li><span style=\"font-size: 16px;\">iron cotton fabric at a temperature of up to 110\u00ba C \u00a0<\/span><\/li>\n<\/ul>\n<p><b style=\"font-style: inherit;\">Remember: regular washing prevents the growth of bacteria, mold and fungi.<\/b><\/p>\n<\/section>\n<\/section>\n<\/section>\n<\/section>","protected":false},"excerpt":{"rendered":"<p>?Ciep\u0142y \u015bpiworek\u00a0 do fotelika samochodowego GoldenKids to przyjemne i mi\u0142e otulenie dziecka podczas podr\u00f3\u017cy. Jest to praktyczne i wygodne rozwi\u0105zanie. Szybko i w \u0142atwy spos\u00f3b okryjesz maluszka chroni\u0105c go przed ch\u0142odem, a gdy zrobi si\u0119 cieplej np. w samochodzie w ka\u017cdej chwili mo\u017cesz go odkry\u0107, zapobiegaj\u0105c w ten spos\u00f3b przed przegrzaniem dziecka. A po powrocie do domu nie musisz go wybudza\u0107, aby zdj\u0105\u0107 np. ciep\u0142y kombinezon. Wystarczy tylko odkry\u0107 boki otulacza i wyj\u0105\u0107 malca?<\/p>","protected":false},"featured_media":1010,"comment_status":"open","ping_status":"closed","template":"","meta":{"_acf_changed":false,"_uag_custom_page_level_css":"","site-sidebar-layout":"default","site-content-layout":"","ast-site-content-layout":"default","site-content-style":"default","site-sidebar-style":"default","ast-global-header-display":"","ast-banner-title-visibility":"","ast-main-header-display":"","ast-hfb-above-header-display":"","ast-hfb-below-header-display":"","ast-hfb-mobile-header-display":"","site-post-title":"","ast-breadcrumbs-content":"","ast-featured-img":"","footer-sml-layout":"","ast-disable-related-posts":"","theme-transparent-header-meta":"default","adv-header-id-meta":"","stick-header-meta":"default","header-above-stick-meta":"","header-main-stick-meta":"","header-below-stick-meta":"","astra-migrate-meta-layouts":"set","ast-page-background-enabled":"default","ast-page-background-meta":{"desktop":{"background-color":"","background-image":"","background-repeat":"repeat","background-position":"center center","background-size":"auto","background-attachment":"scroll","background-type":"","background-media":"","overlay-type":"","overlay-color":"","overlay-opacity":"","overlay-gradient":""},"tablet":{"background-color":"","background-image":"","background-repeat":"repeat","background-position":"center center","background-size":"auto","background-attachment":"scroll","background-type":"","background-media":"","overlay-type":"","overlay-color":"","overlay-opacity":"","overlay-gradient":""},"mobile":{"background-color":"","background-image":"","background-repeat":"repeat","background-position":"center center","background-size":"auto","background-attachment":"scroll","background-type":"","background-media":"","overlay-type":"","overlay-color":"","overlay-opacity":"","overlay-gradient":""}},"ast-content-background-meta":{"desktop":{"background-color":"var(--ast-global-color-5)","background-image":"","background-repeat":"repeat","background-position":"center center","background-size":"auto","background-attachment":"scroll","background-type":"","background-media":"","overlay-type":"","overlay-color":"","overlay-opacity":"","overlay-gradient":""},"tablet":{"background-color":"var(--ast-global-color-5)","background-image":"","background-repeat":"repeat","background-position":"center center","background-size":"auto","background-attachment":"scroll","background-type":"","background-media":"","overlay-type":"","overlay-color":"","overlay-opacity":"","overlay-gradient":""},"mobile":{"background-color":"var(--ast-global-color-5)","background-image":"","background-repeat":"repeat","background-position":"center center","background-size":"auto","background-attachment":"scroll","background-type":"","background-media":"","overlay-type":"","overlay-color":"","overlay-opacity":"","overlay-gradient":""}}},"product_brand":[360],"product_cat":[80],"product_tag":[],"class_list":{"0":"post-1009","1":"product","2":"type-product","3":"status-publish","4":"has-post-thumbnail","6":"product_brand-golden-kids","7":"product_cat-spiworki","8":"product_shipping_class-spiworki","9":"desktop-align-center","10":"tablet-align-center","11":"mobile-align-center","12":"ast-product-gallery-layout-horizontal","13":"ast-product-tabs-layout-accordion","15":"first","16":"instock","17":"taxable","18":"shipping-taxable","19":"purchasable","20":"product-type-simple","21":"add-to-wishlist-before_image"},"acf":[],"spectra_custom_meta":{"_sku":["5904533615340"],"total_sales":["0"],"_tax_status":["taxable"],"_tax_class":[""],"_manage_stock":["yes"],"_backorders":["no"],"_sold_individually":["no"],"_virtual":["no"],"_downloadable":["no"],"_download_limit":["0"],"_download_expiry":["0"],"_stock":["6"],"_stock_status":["instock"],"_wc_average_rating":["0"],"_wc_review_count":["0"],"_product_version":["9.3.3"],"_wp_old_slug":["import-placeholder-for-8886"],"_regular_price":["140.00"],"_weight":["0"],"_thumbnail_id":["1010"],"_product_attributes":["a:1:{s:17:\"pa_wymiary-basenu\";a:6:{s:4:\"name\";s:17:\"pa_wymiary-basenu\";s:5:\"value\";s:0:\"\";s:8:\"position\";i:0;s:10:\"is_visible\";i:1;s:12:\"is_variation\";i:0;s:11:\"is_taxonomy\";i:1;}}"],"_price":["140.00"],"_product_image_gallery":["1011,337,338,1012,1013,1014,1015,1016,1017"],"_oembed_4fdd4340c2f67f89aa1d140915d95df0":["<iframe title=\"13 wrze\u015bnia 2023\" width=\"1333\" height=\"1000\" src=\"https:\/\/www.youtube.com\/embed\/VUYLet0v2Z0?feature=oembed\" frameborder=\"0\" allow=\"accelerometer; autoplay; clipboard-write; encrypted-media; gyroscope; picture-in-picture; web-share\" referrerpolicy=\"strict-origin-when-cross-origin\" allowfullscreen><\/iframe>"],"_oembed_time_4fdd4340c2f67f89aa1d140915d95df0":["1727279449"],"_edit_lock":["1728644072:3"],"_oembed_82d8ccc666915c087d39c310342b49b5":["<iframe title=\"13 wrze\u015bnia 2023\" width=\"1333\" height=\"1000\" src=\"https:\/\/www.youtube.com\/embed\/VUYLet0v2Z0?feature=oembed\" frameborder=\"0\" allow=\"accelerometer; autoplay; clipboard-write; encrypted-media; gyroscope; picture-in-picture; web-share\" referrerpolicy=\"strict-origin-when-cross-origin\" allowfullscreen><\/iframe>"],"_oembed_time_82d8ccc666915c087d39c310342b49b5":["1728632593"],"_edit_last":["3"],"_iwo_price_last_change":["a:4:{s:5:\"price\";s:6:\"140.00\";s:10:\"price_sale\";s:0:\"\";s:19:\"price_including_tax\";d:140;s:9:\"timestamp\";i:1728632917;}"],"site-sidebar-layout":["default"],"ast-site-content-layout":["default"],"site-content-style":["default"],"site-sidebar-style":["default"],"theme-transparent-header-meta":["default"],"stick-header-meta":["default"],"_oembed_0d891eb6d4f5d76dbc733efcdf408a0d":["<iframe title=\"13 wrze\u015bnia 2023\" width=\"500\" height=\"375\" src=\"https:\/\/www.youtube.com\/embed\/VUYLet0v2Z0?feature=oembed\" frameborder=\"0\" allow=\"accelerometer; autoplay; clipboard-write; encrypted-media; gyroscope; picture-in-picture; web-share\" referrerpolicy=\"strict-origin-when-cross-origin\" allowfullscreen><\/iframe>"],"_oembed_time_0d891eb6d4f5d76dbc733efcdf408a0d":["1728632919"],"astra-migrate-meta-layouts":["set"],"astra_style_timestamp_css":["1733754838"],"_uag_css_file_name":["uag-css-1009.css"],"_uag_js_file_name":["uag-js-1009.js"],"rank_math_internal_links_processed":["1"],"_oembed_dcedfcf6481a941091a1e6c872962dc4":["<iframe title=\"13 wrze\u015bnia 2023\" width=\"1333\" height=\"1000\" src=\"https:\/\/www.youtube.com\/embed\/VUYLet0v2Z0?feature=oembed\" frameborder=\"0\" allow=\"accelerometer; autoplay; clipboard-write; encrypted-media; gyroscope; picture-in-picture; web-share\" referrerpolicy=\"strict-origin-when-cross-origin\" allowfullscreen><\/iframe>"],"_oembed_time_dcedfcf6481a941091a1e6c872962dc4":["1741278113"]},"uagb_featured_image_src":{"full":["https:\/\/golden-group.eu\/wp-content\/uploads\/2024\/09\/10-1-2.webp",1000,1000,false],"thumbnail":["https:\/\/golden-group.eu\/wp-content\/uploads\/2024\/09\/10-1-2.webp",96,96,false],"medium":["https:\/\/golden-group.eu\/wp-content\/uploads\/2024\/09\/10-1-2.webp",1000,1000,false],"medium_large":["https:\/\/golden-group.eu\/wp-content\/uploads\/2024\/09\/10-1-2-768x768.webp",768,768,true],"large":["https:\/\/golden-group.eu\/wp-content\/uploads\/2024\/09\/10-1-2.webp",1000,1000,false],"1536x1536":["https:\/\/golden-group.eu\/wp-content\/uploads\/2024\/09\/10-1-2.webp",1000,1000,false],"2048x2048":["https:\/\/golden-group.eu\/wp-content\/uploads\/2024\/09\/10-1-2.webp",1000,1000,false],"trp-custom-language-flag":["https:\/\/golden-group.eu\/wp-content\/uploads\/2024\/09\/10-1-2.webp",12,12,false],"mailpoet_newsletter_max":["https:\/\/golden-group.eu\/wp-content\/uploads\/2024\/09\/10-1-2.webp",1000,1000,false],"woocommerce_thumbnail":["https:\/\/golden-group.eu\/wp-content\/uploads\/2024\/09\/10-1-2-800x800.webp",800,800,true],"woocommerce_single":["https:\/\/golden-group.eu\/wp-content\/uploads\/2024\/09\/10-1-2.webp",1000,1000,false],"woocommerce_gallery_thumbnail":["https:\/\/golden-group.eu\/wp-content\/uploads\/2024\/09\/10-1-2-250x250.webp",250,250,true]},"uagb_author_info":{"display_name":"netmonster","author_link":"https:\/\/golden-group.eu\/en\/author\/"},"uagb_comment_info":0,"uagb_excerpt":"?Ciep\u0142y \u015bpiworek\u00a0 do fotelika samochodowego GoldenKids to przyjemne i mi\u0142e otulenie dziecka podczas podr\u00f3\u017cy. Jest to praktyczne i wygodne rozwi\u0105zanie. Szybko i w \u0142atwy spos\u00f3b okryjesz maluszka chroni\u0105c go przed ch\u0142odem, a gdy zrobi si\u0119 cieplej np. w samochodzie w ka\u017cdej chwili mo\u017cesz go odkry\u0107, zapobiegaj\u0105c w ten spos\u00f3b przed przegrzaniem dziecka. A po powrocie&hellip;","_links":{"self":[{"href":"https:\/\/golden-group.eu\/en\/wp-json\/wp\/v2\/product\/1009","targetHints":{"allow":["GET"]}}],"collection":[{"href":"https:\/\/golden-group.eu\/en\/wp-json\/wp\/v2\/product"}],"about":[{"href":"https:\/\/golden-group.eu\/en\/wp-json\/wp\/v2\/types\/product"}],"replies":[{"embeddable":true,"href":"https:\/\/golden-group.eu\/en\/wp-json\/wp\/v2\/comments?post=1009"}],"wp:featuredmedia":[{"embeddable":true,"href":"https:\/\/golden-group.eu\/en\/wp-json\/wp\/v2\/media\/1010"}],"wp:attachment":[{"href":"https:\/\/golden-group.eu\/en\/wp-json\/wp\/v2\/media?parent=1009"}],"wp:term":[{"taxonomy":"product_brand","embeddable":true,"href":"https:\/\/golden-group.eu\/en\/wp-json\/wp\/v2\/product_brand?post=1009"},{"taxonomy":"product_cat","embeddable":true,"href":"https:\/\/golden-group.eu\/en\/wp-json\/wp\/v2\/product_cat?post=1009"},{"taxonomy":"product_tag","embeddable":true,"href":"https:\/\/golden-group.eu\/en\/wp-json\/wp\/v2\/product_tag?post=1009"}],"curies":[{"name":"wp","href":"https:\/\/api.w.org\/{rel}","templated":true}]}}