{"id":2827,"date":"2024-09-20T21:11:49","date_gmt":"2024-09-20T19:11:49","guid":{"rendered":"https:\/\/golden-group.pl\/?post_type=product&#038;p=2827"},"modified":"2026-03-02T15:10:44","modified_gmt":"2026-03-02T14:10:44","slug":"transporter-dla-psa-lux","status":"publish","type":"product","link":"https:\/\/golden-group.eu\/en\/product\/transporter-dla-psa-lux\/","title":{"rendered":"Dog carrier Lux"},"content":{"rendered":"<h2>Carrier, Dog Seat Lux<\/h2>\n<p><strong>Dog Carrier Lux<\/strong> is a functional and elegant solution that combines comfort with practicality. Made of safe materials, it provides comfort for both the animal and its owner.<\/p>\n<p>&nbsp;<\/p>\n<h3>Properties<\/h3>\n<ul>\n<li><strong>Material safety:<\/strong> The carrier is made of materials that are safe for animals and have the appropriate certificates. The outside is quilted, soft eco-leather, while the inside is filled with a soft blanket.<\/li>\n<li><strong>Easy to keep clean:<\/strong> At the bottom of the carrier there is an additional blanket cushion that can be removed and washed. The whole thing is easy to keep clean.<\/li>\n<li><strong>Comfort of use:<\/strong> The carrier is equipped with wide canvas straps, two of which are shoulder straps connected by a handle made of eco-leather lined with a blanket. This ensures comfort of carrying even with a heavy load.<\/li>\n<li><strong>Functionality on cold days:<\/strong> The carrier is perfect for cold days, providing additional warmth for the animal.<\/li>\n<li><strong>Adjustable belt:<\/strong> The set includes a long, adjustable strap that can be attached to the carrier.<\/li>\n<li><strong>Car seat:<\/strong> The carrier can also be used as a car seat. The strap on the back allows you to attach the carrier to a bag or suitcase, and you can also pull the seat belt through to securely attach the seat in the car.<\/li>\n<li><strong>Additional pockets:<\/strong> Two pockets for bags, treats or other small items increase the functionality of the carrier.<\/li>\n<li><strong>Destiny:<\/strong> Ideal for transporting animals weighing up to 8 kg.<\/li>\n<\/ul>\n<p>&nbsp;<\/p>\n<h3>Summary<\/h3>\n<p><strong>Dog Carrier Lux<\/strong> combines elegance, functionality and comfort. Thanks to high-quality materials, practical solutions and additional accessories, it is the perfect choice for dog owners looking for a safe and comfortable carrier that will work well both during everyday walks and car journeys.<\/p>\n<p>&nbsp;<\/p>\n<h3>Cleaning method<\/h3>\n<p>Stains and dirt can be removed with a damp cloth or sponge using mild detergents. <strong>ATTENTION:<\/strong> Do not use harsh chemicals, especially those containing bleach or solvents.<\/p>","protected":false},"excerpt":{"rendered":"<p>Transporter, fotelik\u00a0 dla Psa Lux Transporter dla Psa Lux to funkcjonalne i eleganckie rozwi\u0105zanie, kt\u00f3re \u0142\u0105czy komfort z praktyczno\u015bci\u0105. Wykonany z bezpiecznych materia\u0142\u00f3w, zapewnia wygod\u0119 zar\u00f3wno dla zwierz\u0119cia, jak i jego w\u0142a\u015bciciela. &nbsp; W\u0142a\u015bciwo\u015bci Bezpiecze\u0144stwo materia\u0142\u00f3w: Transporter wykonany jest z materia\u0142\u00f3w bezpiecznych dla zwierz\u0105t, posiadaj\u0105cych odpowiednie atesty. Zewn\u0119trzna cz\u0119\u015b\u0107 to pikowana, mi\u0119kka eco-sk\u00f3ra, natomiast wn\u0119trze [&hellip;]<\/p>\n","protected":false},"featured_media":50872,"comment_status":"open","ping_status":"closed","template":"","meta":{"_acf_changed":false,"_uag_custom_page_level_css":"","site-sidebar-layout":"default","site-content-layout":"","ast-site-content-layout":"default","site-content-style":"default","site-sidebar-style":"default","ast-global-header-display":"","ast-banner-title-visibility":"","ast-main-header-display":"","ast-hfb-above-header-display":"","ast-hfb-below-header-display":"","ast-hfb-mobile-header-display":"","site-post-title":"","ast-breadcrumbs-content":"","ast-featured-img":"","footer-sml-layout":"","ast-disable-related-posts":"","theme-transparent-header-meta":"default","adv-header-id-meta":"","stick-header-meta":"default","header-above-stick-meta":"","header-main-stick-meta":"","header-below-stick-meta":"","astra-migrate-meta-layouts":"set","ast-page-background-enabled":"default","ast-page-background-meta":{"desktop":{"background-color":"","background-image":"","background-repeat":"repeat","background-position":"center center","background-size":"auto","background-attachment":"scroll","background-type":"","background-media":"","overlay-type":"","overlay-color":"","overlay-opacity":"","overlay-gradient":""},"tablet":{"background-color":"","background-image":"","background-repeat":"repeat","background-position":"center center","background-size":"auto","background-attachment":"scroll","background-type":"","background-media":"","overlay-type":"","overlay-color":"","overlay-opacity":"","overlay-gradient":""},"mobile":{"background-color":"","background-image":"","background-repeat":"repeat","background-position":"center center","background-size":"auto","background-attachment":"scroll","background-type":"","background-media":"","overlay-type":"","overlay-color":"","overlay-opacity":"","overlay-gradient":""}},"ast-content-background-meta":{"desktop":{"background-color":"var(--ast-global-color-5)","background-image":"","background-repeat":"repeat","background-position":"center center","background-size":"auto","background-attachment":"scroll","background-type":"","background-media":"","overlay-type":"","overlay-color":"","overlay-opacity":"","overlay-gradient":""},"tablet":{"background-color":"var(--ast-global-color-5)","background-image":"","background-repeat":"repeat","background-position":"center center","background-size":"auto","background-attachment":"scroll","background-type":"","background-media":"","overlay-type":"","overlay-color":"","overlay-opacity":"","overlay-gradient":""},"mobile":{"background-color":"var(--ast-global-color-5)","background-image":"","background-repeat":"repeat","background-position":"center center","background-size":"auto","background-attachment":"scroll","background-type":"","background-media":"","overlay-type":"","overlay-color":"","overlay-opacity":"","overlay-gradient":""}}},"product_brand":[359],"product_cat":[340],"product_tag":[],"class_list":{"0":"post-2827","1":"product","2":"type-product","3":"status-publish","4":"has-post-thumbnail","6":"product_brand-golden-dog","7":"product_cat-torby","8":"product_shipping_class-12-2-zl","9":"desktop-align-center","10":"tablet-align-center","11":"mobile-align-center","12":"ast-product-gallery-layout-horizontal","13":"ast-product-single-variable","14":"ast-product-tabs-layout-accordion","16":"first","17":"instock","18":"taxable","19":"shipping-taxable","20":"purchasable","21":"product-type-variable","22":"has-default-attributes","23":"add-to-wishlist-before_image"},"acf":[],"spectra_custom_meta":{"total_sales":["4"],"_tax_status":["taxable"],"_tax_class":[""],"_manage_stock":["yes"],"_backorders":["no"],"_sold_individually":["no"],"_virtual":["no"],"_downloadable":["no"],"_download_limit":["0"],"_download_expiry":["0"],"_stock":["50"],"_stock_status":["instock"],"_wc_average_rating":["5.00"],"_wc_review_count":["1"],"_product_version":["10.5.2"],"_wp_old_slug":["import-placeholder-for-42014"],"_thumbnail_id":["50872"],"_product_attributes":["a:1:{s:14:\"pa_kolorystyka\";a:6:{s:4:\"name\";s:14:\"pa_kolorystyka\";s:5:\"value\";s:0:\"\";s:8:\"position\";i:0;s:10:\"is_visible\";i:0;s:12:\"is_variation\";i:1;s:11:\"is_taxonomy\";i:1;}}"],"_edit_last":["174"],"_edit_lock":["1763933528:174"],"astra_style_timestamp_css":["1733612759"],"_iwo_price_last_change":["a:4:{s:5:\"price\";s:0:\"\";s:10:\"price_sale\";s:0:\"\";s:19:\"price_including_tax\";d:240;s:9:\"timestamp\";i:1730837241;}"],"site-sidebar-layout":["default"],"ast-site-content-layout":["default"],"site-content-style":["default"],"site-sidebar-style":["default"],"theme-transparent-header-meta":["default"],"stick-header-meta":["default"],"_product_image_gallery":["47984,47986,47978,47979,47980,47977,47981,47982,47983"],"rank_math_internal_links_processed":["1"],"rank_math_seo_score":["10"],"rank_math_primary_product_cat":["0"],"_default_attributes":["a:1:{s:14:\"pa_kolorystyka\";s:5:\"bialy\";}"],"_pys_head_footer":["a:7:{s:14:\"disable_global\";b:0;s:8:\"head_any\";s:0:\"\";s:12:\"head_desktop\";s:0:\"\";s:11:\"head_mobile\";s:0:\"\";s:10:\"footer_any\";s:0:\"\";s:14:\"footer_desktop\";s:0:\"\";s:13:\"footer_mobile\";s:0:\"\";}"],"rank_math_primary_product_brand":["358"],"astra-migrate-meta-layouts":["set"],"_wc_rating_count":["a:1:{i:5;i:1;}"],"_price":["240"]},"uagb_featured_image_src":{"full":["https:\/\/golden-group.eu\/wp-content\/uploads\/2024\/09\/transporterdla-psa-dosamolotu-bialy3.webp",1000,1000,false],"thumbnail":["https:\/\/golden-group.eu\/wp-content\/uploads\/2024\/09\/transporterdla-psa-dosamolotu-bialy3.webp",96,96,false],"medium":["https:\/\/golden-group.eu\/wp-content\/uploads\/2024\/09\/transporterdla-psa-dosamolotu-bialy3.webp",1000,1000,false],"medium_large":["https:\/\/golden-group.eu\/wp-content\/uploads\/2024\/09\/transporterdla-psa-dosamolotu-bialy3-768x768.webp",768,768,true],"large":["https:\/\/golden-group.eu\/wp-content\/uploads\/2024\/09\/transporterdla-psa-dosamolotu-bialy3.webp",1000,1000,false],"1536x1536":["https:\/\/golden-group.eu\/wp-content\/uploads\/2024\/09\/transporterdla-psa-dosamolotu-bialy3.webp",1000,1000,false],"2048x2048":["https:\/\/golden-group.eu\/wp-content\/uploads\/2024\/09\/transporterdla-psa-dosamolotu-bialy3.webp",1000,1000,false],"trp-custom-language-flag":["https:\/\/golden-group.eu\/wp-content\/uploads\/2024\/09\/transporterdla-psa-dosamolotu-bialy3-12x12.webp",12,12,true],"mailpoet_newsletter_max":["https:\/\/golden-group.eu\/wp-content\/uploads\/2024\/09\/transporterdla-psa-dosamolotu-bialy3.webp",1000,1000,false],"woocommerce_thumbnail":["https:\/\/golden-group.eu\/wp-content\/uploads\/2024\/09\/transporterdla-psa-dosamolotu-bialy3-800x800.webp",800,800,true],"woocommerce_single":["https:\/\/golden-group.eu\/wp-content\/uploads\/2024\/09\/transporterdla-psa-dosamolotu-bialy3.webp",1000,1000,false],"woocommerce_gallery_thumbnail":["https:\/\/golden-group.eu\/wp-content\/uploads\/2024\/09\/transporterdla-psa-dosamolotu-bialy3-250x250.webp",250,250,true]},"uagb_author_info":{"display_name":"netmonster","author_link":"https:\/\/golden-group.eu\/en\/author\/"},"uagb_comment_info":1,"uagb_excerpt":"Transporter, fotelik\u00a0 dla Psa Lux Transporter dla Psa Lux to funkcjonalne i eleganckie rozwi\u0105zanie, kt\u00f3re \u0142\u0105czy komfort z praktyczno\u015bci\u0105. Wykonany z bezpiecznych materia\u0142\u00f3w, zapewnia wygod\u0119 zar\u00f3wno dla zwierz\u0119cia, jak i jego w\u0142a\u015bciciela. &nbsp; W\u0142a\u015bciwo\u015bci Bezpiecze\u0144stwo materia\u0142\u00f3w: Transporter wykonany jest z materia\u0142\u00f3w bezpiecznych dla zwierz\u0105t, posiadaj\u0105cych odpowiednie atesty. Zewn\u0119trzna cz\u0119\u015b\u0107 to pikowana, mi\u0119kka eco-sk\u00f3ra, natomiast wn\u0119trze&hellip;","_links":{"self":[{"href":"https:\/\/golden-group.eu\/en\/wp-json\/wp\/v2\/product\/2827","targetHints":{"allow":["GET"]}}],"collection":[{"href":"https:\/\/golden-group.eu\/en\/wp-json\/wp\/v2\/product"}],"about":[{"href":"https:\/\/golden-group.eu\/en\/wp-json\/wp\/v2\/types\/product"}],"replies":[{"embeddable":true,"href":"https:\/\/golden-group.eu\/en\/wp-json\/wp\/v2\/comments?post=2827"}],"wp:featuredmedia":[{"embeddable":true,"href":"https:\/\/golden-group.eu\/en\/wp-json\/wp\/v2\/media\/50872"}],"wp:attachment":[{"href":"https:\/\/golden-group.eu\/en\/wp-json\/wp\/v2\/media?parent=2827"}],"wp:term":[{"taxonomy":"product_brand","embeddable":true,"href":"https:\/\/golden-group.eu\/en\/wp-json\/wp\/v2\/product_brand?post=2827"},{"taxonomy":"product_cat","embeddable":true,"href":"https:\/\/golden-group.eu\/en\/wp-json\/wp\/v2\/product_cat?post=2827"},{"taxonomy":"product_tag","embeddable":true,"href":"https:\/\/golden-group.eu\/en\/wp-json\/wp\/v2\/product_tag?post=2827"}],"curies":[{"name":"wp","href":"https:\/\/api.w.org\/{rel}","templated":true}]}}