{"id":349,"date":"2024-09-20T20:20:14","date_gmt":"2024-09-20T18:20:14","guid":{"rendered":"https:\/\/golden-group.pl\/?post_type=product&#038;p=349"},"modified":"2025-02-24T13:30:06","modified_gmt":"2025-02-24T12:30:06","slug":"spiworek-niebieskie-kwiaty","status":"publish","type":"product","link":"https:\/\/golden-group.eu\/en\/product\/spiworek-niebieskie-kwiaty\/","title":{"rendered":"Sleeping bag BLUE FLOWERS"},"content":{"rendered":"<section class=\"section\">\n<section><b style=\"font-style: inherit;\">Kocyk jesienno-zimowy \u015bpiworek, otulacz do fotelika samochodowego, spacer\u00f3wki, noside\u0142ka lub gondoli.<\/b><\/section>\n<section><\/section>\n<section class=\"section\">Ciep\u0142y \u015bpiworek\u00a0<span style=\"font-size: 16px; font-style: normal; font-weight: 400;\">GoldenKids<\/span><span style=\"font-size: 16px; font-style: normal;\"> do fotelika samochodowego, albo innego \u015brodka transportu dla twojego dziecka, to przyjemne i mi\u0142e otulenie maluszka podczas podr\u00f3\u017cy. Jest to praktyczne i wygodne rozwi\u0105zanie.<\/span><\/section>\n<section class=\"section\">You can quickly and easily cover your baby, protecting him from the cold, and when it gets warmer, e.g. in the car, you can uncover him at any time, thus preventing your child from overheating. When you come home, you don&#039;t have to wake him up to take off, e.g. a warm jumpsuit. All you need to do is uncover the sides of the wrap and take your baby out.<strong style=\"font-size: 16px;\">DESTINY: <\/strong><strong style=\"font-size: 1.1em;\">dzieci od dnia narodzin do 6.-8. miesi\u0105ca \u017cycia<br \/>\n<\/strong><span style=\"font-size: 16px;\">Our baby sleeping bag is <\/span><strong style=\"font-size: 16px;\">universal and fits every seat<\/strong><span style=\"font-size: 16px;\">. It has sewn in <\/span><strong style=\"font-size: 16px;\">two zippers with a double slider that can be freely adjusted to the belt system.\u00a0<\/strong><span style=\"font-size: 16px;\">Stworzyli\u015bmy otulacz, kt\u00f3ry b\u0119dzie s\u0142u\u017cy\u0142 dziecku od pierwszych dni \u017cycia do <\/span><span style=\"font-size: 16px;\">ok. 8. miesi\u0105ca. Otulacz jest bardzo <strong>ciep\u0142y, odpowiedni na zim\u0119.<\/strong><\/span><\/p>\n<section class=\"section\">\n<section>\u00a0<\/section>\n<h6 class=\"section\"><b>SEAT BELTS HOLES:<\/b><\/h6>\n<p><span style=\"font-size: 16px;\">Universal belt holes are usually located around the shoulders and hips of a child sitting in a seat. Our wraps have double-zipper zippers sewn in, through which the seat belts can be fed to properly secure the child. This solution makes <\/span><strong style=\"font-size: 16px;\">the sleeping bag fits any car seat. It can also be easily adjusted to the height of a growing child.<\/strong><span style=\"font-size: 16px;\"> The wrap is fastened with a comfortable Velcro, <\/span><strong style=\"font-size: 16px;\">allows for any adjustment.<\/strong><\/p>\n<\/section>\n<section class=\"section\">\n<h6><\/h6>\n<h6>Golden Kids products are sewn by hand in Poland at 100%, thanks to which we pay attention to every detail at every stage of production.<\/h6>\n<h6><\/h6>\n<h6><b style=\"font-style: inherit;\">FABRIC:<\/b><\/h6>\n<p><span style=\"font-size: 16px;\">sk\u0142ad:100% poliester najwy\u017cszej jako\u015bci, oryginalny Polar Minky Plush o gramaturze 170<\/span><\/p>\n<h6><\/h6>\n<h6><b style=\"font-size: 16px;\">FILLING:<\/b><\/h6>\n<section class=\"section\">Anti-allergic, breathable 300g silicone non-woven fabric that does not change its structure during use. The filling inside is sewn into the outer fabrics, so it does not move during use.<\/section>\n<section><\/section>\n<section><\/section>\n<section class=\"section\"><b>CERTIFICATES:<\/b><br \/>\nAll materials used in production are safe for children and have the appropriate certificates. Minky Plush fleece, outer fabric, threads and labels have the OEKO-TEX 100 class I Certificate (certificates are sent at the Buyer&#039;s request).<\/section>\n<section><\/section>\n<section><\/section>\n<section class=\"section\">\n<section class=\"section\"><strong> WASHING METHOD:<\/strong><\/section>\n<ul>\n<li><span style=\"font-size: 16px;\">machine washable at 30\u00ba C <\/span><\/li>\n<li><span style=\"font-size: 16px;\">delicate program, max. spin - 800 rpm\u00a0<\/span><\/li>\n<li><span style=\"font-size: 16px;\"> use gentle detergents\u00a0<\/span><\/li>\n<li><span style=\"font-size: 16px;\">do not use bleach\u00a0<\/span><\/li>\n<li><span style=\"font-size: 16px;\"> do not tumble dry\u00a0<\/span><\/li>\n<li><span style=\"font-size: 16px;\">iron cotton fabric at a temperature of up to 110\u00ba C \u00a0<\/span><\/li>\n<\/ul>\n<p><b style=\"font-style: inherit;\">Remember: regular washing prevents the growth of bacteria, mold and fungi.<\/b><\/p>\n<\/section>\n<\/section>\n<\/section>\n<\/section>","protected":false},"excerpt":{"rendered":"<p><b>?Ciep\u0142y \u015bpiworek\u00a0 do fotelika samochodowego Golden Kids to przyjemne i mi\u0142e otulenie dziecka podczas podr\u00f3\u017cy. Jest to praktyczne i wygodne rozwi\u0105zanie. <\/b><b>Fast and <\/b><b>w \u0142atwy spos\u00f3b okryjesz maluszka chroni\u0105c go przed ch\u0142odem, a gdy zrobi si\u0119 cieplej np. w samochodzie w ka\u017cdej chwili mo\u017cesz go odkry\u0107, zapobiegaj\u0105c w ten spos\u00f3b przed przegrzaniem dziecka. A po powrocie do domu nie musisz go wybudza\u0107, aby zdj\u0105\u0107 np. ciep\u0142y kombinezon. Wystarczy tylko odkry\u0107 boki otulacza i wyj\u0105\u0107 malca.?<\/b><\/p>","protected":false},"featured_media":350,"comment_status":"open","ping_status":"closed","template":"","meta":{"_acf_changed":false,"_uag_custom_page_level_css":"","site-sidebar-layout":"default","site-content-layout":"","ast-site-content-layout":"default","site-content-style":"default","site-sidebar-style":"default","ast-global-header-display":"","ast-banner-title-visibility":"","ast-main-header-display":"","ast-hfb-above-header-display":"","ast-hfb-below-header-display":"","ast-hfb-mobile-header-display":"","site-post-title":"","ast-breadcrumbs-content":"","ast-featured-img":"","footer-sml-layout":"","ast-disable-related-posts":"","theme-transparent-header-meta":"default","adv-header-id-meta":"","stick-header-meta":"default","header-above-stick-meta":"","header-main-stick-meta":"","header-below-stick-meta":"","astra-migrate-meta-layouts":"set","ast-page-background-enabled":"default","ast-page-background-meta":{"desktop":{"background-color":"","background-image":"","background-repeat":"repeat","background-position":"center center","background-size":"auto","background-attachment":"scroll","background-type":"","background-media":"","overlay-type":"","overlay-color":"","overlay-opacity":"","overlay-gradient":""},"tablet":{"background-color":"","background-image":"","background-repeat":"repeat","background-position":"center center","background-size":"auto","background-attachment":"scroll","background-type":"","background-media":"","overlay-type":"","overlay-color":"","overlay-opacity":"","overlay-gradient":""},"mobile":{"background-color":"","background-image":"","background-repeat":"repeat","background-position":"center center","background-size":"auto","background-attachment":"scroll","background-type":"","background-media":"","overlay-type":"","overlay-color":"","overlay-opacity":"","overlay-gradient":""}},"ast-content-background-meta":{"desktop":{"background-color":"var(--ast-global-color-5)","background-image":"","background-repeat":"repeat","background-position":"center center","background-size":"auto","background-attachment":"scroll","background-type":"","background-media":"","overlay-type":"","overlay-color":"","overlay-opacity":"","overlay-gradient":""},"tablet":{"background-color":"var(--ast-global-color-5)","background-image":"","background-repeat":"repeat","background-position":"center center","background-size":"auto","background-attachment":"scroll","background-type":"","background-media":"","overlay-type":"","overlay-color":"","overlay-opacity":"","overlay-gradient":""},"mobile":{"background-color":"var(--ast-global-color-5)","background-image":"","background-repeat":"repeat","background-position":"center center","background-size":"auto","background-attachment":"scroll","background-type":"","background-media":"","overlay-type":"","overlay-color":"","overlay-opacity":"","overlay-gradient":""}}},"product_brand":[360],"product_cat":[80],"product_tag":[],"class_list":{"0":"post-349","1":"product","2":"type-product","3":"status-publish","4":"has-post-thumbnail","6":"product_brand-golden-kids","7":"product_cat-spiworki","8":"product_shipping_class-spiworki","9":"desktop-align-center","10":"tablet-align-center","11":"mobile-align-center","12":"ast-product-gallery-layout-horizontal","13":"ast-product-tabs-layout-accordion","15":"first","16":"instock","17":"taxable","18":"shipping-taxable","19":"purchasable","20":"product-type-simple","21":"add-to-wishlist-before_image"},"acf":[],"spectra_custom_meta":{"_sku":["5904533608564"],"total_sales":["0"],"_tax_status":["taxable"],"_tax_class":[""],"_manage_stock":["yes"],"_backorders":["no"],"_sold_individually":["no"],"_virtual":["no"],"_downloadable":["no"],"_download_limit":["0"],"_download_expiry":["0"],"_stock":["4"],"_stock_status":["instock"],"_wc_average_rating":["0"],"_wc_review_count":["0"],"_product_version":["9.6.2"],"_wp_old_slug":["import-placeholder-for-2384"],"_regular_price":["140.00"],"_weight":["0"],"_thumbnail_id":["350"],"_product_attributes":["a:1:{s:17:\"pa_wymiary-basenu\";a:6:{s:4:\"name\";s:17:\"pa_wymiary-basenu\";s:5:\"value\";s:0:\"\";s:8:\"position\";i:0;s:10:\"is_visible\";i:1;s:12:\"is_variation\";i:0;s:11:\"is_taxonomy\";i:1;}}"],"_price":["140.00"],"_product_image_gallery":["351,352,353,354,355,356,338,337"],"_edit_lock":["1728645547:3"],"_edit_last":["3"],"_iwo_price_last_change":["a:4:{s:5:\"price\";s:6:\"140.00\";s:10:\"price_sale\";s:0:\"\";s:19:\"price_including_tax\";d:140;s:9:\"timestamp\";i:1728645631;}"],"site-sidebar-layout":["default"],"ast-site-content-layout":["default"],"site-content-style":["default"],"site-sidebar-style":["default"],"theme-transparent-header-meta":["default"],"stick-header-meta":["default"],"astra-migrate-meta-layouts":["set"],"astra_style_timestamp_css":["1733669030"],"rank_math_internal_links_processed":["1"],"_uag_page_assets":["a:9:{s:3:\"css\";s:10439:\".uagb-block-0871d717.wp-block-uagb-image{text-align: left;justify-content: flex-start;align-self: flex-start;}.uagb-block-0871d717 .wp-block-uagb-image__figure{align-items: flex-start;}.uagb-block-0871d717.wp-block-uagb-image--layout-default figure img{box-shadow: 0px 0px 0 #00000070;}.uagb-block-0871d717.wp-block-uagb-image .wp-block-uagb-image__figure figcaption{font-style: normal;align-self: center;}.uagb-block-0871d717.wp-block-uagb-image--layout-overlay figure img{box-shadow: 0px 0px 0 #00000070;}.uagb-block-0871d717.wp-block-uagb-image--layout-overlay .wp-block-uagb-image--layout-overlay__color-wrapper{opacity: 0.2;}.uagb-block-0871d717.wp-block-uagb-image--layout-overlay .wp-block-uagb-image--layout-overlay__inner{left: 15px;right: 15px;top: 15px;bottom: 15px;}.uagb-block-0871d717.wp-block-uagb-image--layout-overlay .wp-block-uagb-image--layout-overlay__inner .uagb-image-heading{font-style: normal;color: #fff;opacity: 1;}.uagb-block-0871d717.wp-block-uagb-image--layout-overlay .wp-block-uagb-image--layout-overlay__inner .uagb-image-heading a{color: #fff;}.uagb-block-0871d717.wp-block-uagb-image--layout-overlay .wp-block-uagb-image--layout-overlay__inner .uagb-image-caption{opacity: 0;}.uagb-block-0871d717.wp-block-uagb-image--layout-overlay .wp-block-uagb-image__figure:hover .wp-block-uagb-image--layout-overlay__color-wrapper{opacity: 1;}.uagb-block-0871d717.wp-block-uagb-image .wp-block-uagb-image--layout-overlay__inner .uagb-image-separator{width: 30%;border-top-width: 2px;border-top-color: #fff;opacity: 0;}.uagb-block-0871d717.wp-block-uagb-image .wp-block-uagb-image__figure img{width: 91px;height: auto;}.uagb-block-0871d717.wp-block-uagb-image .wp-block-uagb-image__figure:hover .wp-block-uagb-image--layout-overlay__inner .uagb-image-caption{opacity: 1;}.uagb-block-0871d717.wp-block-uagb-image .wp-block-uagb-image__figure:hover .wp-block-uagb-image--layout-overlay__inner .uagb-image-separator{opacity: 1;}.uagb-block-0871d717.wp-block-uagb-image--layout-default figure:hover img{box-shadow: 0px 0px 0 #00000070;}.uagb-block-0871d717.wp-block-uagb-image--layout-overlay figure:hover img{box-shadow: 0px 0px 0 #00000070;}@media only screen and (max-width: 976px) {.uagb-block-0871d717.wp-block-uagb-image .wp-block-uagb-image__figure img{width: 91px;height: auto;}}@media only screen and (max-width: 767px) {.uagb-block-0871d717.wp-block-uagb-image .wp-block-uagb-image__figure img{width: 91px;height: auto;}} .uagb-block-36e55f8d.uagb-icon-wrapper{text-align: center;} .uagb-block-36e55f8d.uagb-icon-wrapper .uagb-svg-wrapper a{display: contents;} .uagb-block-36e55f8d.uagb-icon-wrapper svg{width: 20px;height: 20px;transform: rotate(0deg);box-sizing: content-box;fill: #333;filter: drop-shadow( 0px 0px 0px #00000070 );} .uagb-block-36e55f8d.uagb-icon-wrapper .uagb-svg-wrapper{display: inline-flex;padding-top: 0px;padding-right: 0px;padding-bottom: 0px;padding-left: 0px;border-style: default;box-shadow: 0px 0px 0 #00000070 ;} .uagb-block-36e55f8d.uagb-icon-wrapper .uagb-svg-wrapper:hover{box-shadow: 0px 0px 0 #00000070 ;} .uagb-block-36e55f8d.uagb-icon-wrapper .uagb-svg-wrapper:focus-visible{box-shadow: 0px 0px 0 #00000070 ;} .uagb-block-36e55f8d.uagb-icon-wrapper.wp-block-uagb-icon--has-margin .uagb-icon-margin-wrapper{margin-top: 0px;margin-right: 0px;margin-bottom: 0px;margin-left: 0px;}@media only screen and (max-width: 976px) { .uagb-block-36e55f8d.uagb-icon-wrapper .uagb-svg-wrapper{display: inline-flex;}}@media only screen and (max-width: 767px) { .uagb-block-36e55f8d.uagb-icon-wrapper .uagb-svg-wrapper{display: inline-flex;} .uagb-block-36e55f8d.uagb-icon-wrapper.wp-block-uagb-icon--has-margin .uagb-icon-margin-wrapper{margin-top: 0px;margin-right: 0px;margin-bottom: 0px;margin-left: 0px;}}.wp-block-uagb-advanced-heading.uagb-block-b31b8376.wp-block-uagb-advanced-heading .uagb-heading-text{color: #ffffff;}.wp-block-uagb-advanced-heading.uagb-block-b31b8376.wp-block-uagb-advanced-heading a{color: #ffffff;}.wp-block-uagb-advanced-heading.uagb-block-b31b8376.wp-block-uagb-advanced-heading a:hover{color: #d6d6d6;}.wp-block-uagb-advanced-heading.uagb-block-b31b8376.wp-block-uagb-advanced-heading .uagb-desc-text{color: #ffffff;margin-bottom: 15px;}.wp-block-uagb-advanced-heading.uagb-block-b31b8376.wp-block-uagb-advanced-heading .uagb-highlight{font-style: normal;font-weight: Default;background: #007cba;color: #fff;-webkit-text-fill-color: #fff;}.wp-block-uagb-advanced-heading.uagb-block-b31b8376.wp-block-uagb-advanced-heading .uagb-highlight::-moz-selection{color: #fff;background: #007cba;-webkit-text-fill-color: #fff;}.wp-block-uagb-advanced-heading.uagb-block-b31b8376.wp-block-uagb-advanced-heading .uagb-highlight::selection{color: #fff;background: #007cba;-webkit-text-fill-color: #fff;}.wp-block-uagb-advanced-heading.uagb-block-b31b8376 .uagb-heading-text{font-weight: 400;font-size: 21px;margin-bottom: 15px;}@media only screen and (max-width: 767px) {.wp-block-uagb-advanced-heading.uagb-block-b31b8376.wp-block-uagb-advanced-heading {text-align: left;}}.wp-block-uagb-advanced-heading.uagb-block-ad29589e.wp-block-uagb-advanced-heading .uagb-desc-text{margin-bottom: 15px;}.wp-block-uagb-advanced-heading.uagb-block-ad29589e.wp-block-uagb-advanced-heading .uagb-highlight{font-style: normal;font-weight: Default;background: #007cba;color: #fff;-webkit-text-fill-color: #fff;}.wp-block-uagb-advanced-heading.uagb-block-ad29589e.wp-block-uagb-advanced-heading .uagb-highlight::-moz-selection{color: #fff;background: #007cba;-webkit-text-fill-color: #fff;}.wp-block-uagb-advanced-heading.uagb-block-ad29589e.wp-block-uagb-advanced-heading .uagb-highlight::selection{color: #fff;background: #007cba;-webkit-text-fill-color: #fff;}.uagb-block-0a5196e9.wp-block-uagb-image{text-align: left;justify-content: flex-start;align-self: flex-start;}.uagb-block-0a5196e9 .wp-block-uagb-image__figure{align-items: flex-start;}.uagb-block-0a5196e9.wp-block-uagb-image--layout-default figure img{box-shadow: 0px 0px 0 #00000070;}.uagb-block-0a5196e9.wp-block-uagb-image .wp-block-uagb-image__figure figcaption{font-style: normal;align-self: center;}.uagb-block-0a5196e9.wp-block-uagb-image--layout-overlay figure img{box-shadow: 0px 0px 0 #00000070;}.uagb-block-0a5196e9.wp-block-uagb-image--layout-overlay .wp-block-uagb-image--layout-overlay__color-wrapper{opacity: 0.2;}.uagb-block-0a5196e9.wp-block-uagb-image--layout-overlay .wp-block-uagb-image--layout-overlay__inner{left: 15px;right: 15px;top: 15px;bottom: 15px;}.uagb-block-0a5196e9.wp-block-uagb-image--layout-overlay .wp-block-uagb-image--layout-overlay__inner .uagb-image-heading{font-style: normal;color: #fff;opacity: 1;}.uagb-block-0a5196e9.wp-block-uagb-image--layout-overlay .wp-block-uagb-image--layout-overlay__inner .uagb-image-heading a{color: #fff;}.uagb-block-0a5196e9.wp-block-uagb-image--layout-overlay .wp-block-uagb-image--layout-overlay__inner .uagb-image-caption{opacity: 0;}.uagb-block-0a5196e9.wp-block-uagb-image--layout-overlay .wp-block-uagb-image__figure:hover .wp-block-uagb-image--layout-overlay__color-wrapper{opacity: 1;}.uagb-block-0a5196e9.wp-block-uagb-image .wp-block-uagb-image--layout-overlay__inner .uagb-image-separator{width: 30%;border-top-width: 2px;border-top-color: #fff;opacity: 0;}.uagb-block-0a5196e9.wp-block-uagb-image .wp-block-uagb-image__figure img{width: 130px;height: auto;}.uagb-block-0a5196e9.wp-block-uagb-image .wp-block-uagb-image__figure:hover .wp-block-uagb-image--layout-overlay__inner .uagb-image-caption{opacity: 1;}.uagb-block-0a5196e9.wp-block-uagb-image .wp-block-uagb-image__figure:hover .wp-block-uagb-image--layout-overlay__inner .uagb-image-separator{opacity: 1;}.uagb-block-0a5196e9.wp-block-uagb-image--layout-default figure:hover img{box-shadow: 0px 0px 0 #00000070;}.uagb-block-0a5196e9.wp-block-uagb-image--layout-overlay figure:hover img{box-shadow: 0px 0px 0 #00000070;}@media only screen and (max-width: 976px) {.uagb-block-0a5196e9.wp-block-uagb-image .wp-block-uagb-image__figure img{width: 130px;height: auto;}}@media only screen and (max-width: 767px) {.uagb-block-0a5196e9.wp-block-uagb-image .wp-block-uagb-image__figure img{width: 130px;height: auto;}}.uagb-block-27431b2e.wp-block-uagb-image--layout-default figure img{box-shadow: 0px 0px 0 #00000070;}.uagb-block-27431b2e.wp-block-uagb-image .wp-block-uagb-image__figure figcaption{font-style: normal;align-self: center;}.uagb-block-27431b2e.wp-block-uagb-image--layout-overlay figure img{box-shadow: 0px 0px 0 #00000070;}.uagb-block-27431b2e.wp-block-uagb-image--layout-overlay .wp-block-uagb-image--layout-overlay__color-wrapper{opacity: 0.2;}.uagb-block-27431b2e.wp-block-uagb-image--layout-overlay .wp-block-uagb-image--layout-overlay__inner{left: 15px;right: 15px;top: 15px;bottom: 15px;}.uagb-block-27431b2e.wp-block-uagb-image--layout-overlay .wp-block-uagb-image--layout-overlay__inner .uagb-image-heading{font-style: normal;color: #fff;opacity: 1;}.uagb-block-27431b2e.wp-block-uagb-image--layout-overlay .wp-block-uagb-image--layout-overlay__inner .uagb-image-heading a{color: #fff;}.uagb-block-27431b2e.wp-block-uagb-image--layout-overlay .wp-block-uagb-image--layout-overlay__inner .uagb-image-caption{opacity: 0;}.uagb-block-27431b2e.wp-block-uagb-image--layout-overlay .wp-block-uagb-image__figure:hover .wp-block-uagb-image--layout-overlay__color-wrapper{opacity: 1;}.uagb-block-27431b2e.wp-block-uagb-image .wp-block-uagb-image--layout-overlay__inner .uagb-image-separator{width: 30%;border-top-width: 2px;border-top-color: #fff;opacity: 0;}.uagb-block-27431b2e.wp-block-uagb-image .wp-block-uagb-image__figure img{width: 291px;height: auto;}.uagb-block-27431b2e.wp-block-uagb-image .wp-block-uagb-image__figure:hover .wp-block-uagb-image--layout-overlay__inner .uagb-image-caption{opacity: 1;}.uagb-block-27431b2e.wp-block-uagb-image .wp-block-uagb-image__figure:hover .wp-block-uagb-image--layout-overlay__inner .uagb-image-separator{opacity: 1;}.uagb-block-27431b2e.wp-block-uagb-image--layout-default figure:hover img{box-shadow: 0px 0px 0 #00000070;}.uagb-block-27431b2e.wp-block-uagb-image--layout-overlay figure:hover img{box-shadow: 0px 0px 0 #00000070;}@media only screen and (max-width: 976px) {.uagb-block-27431b2e.wp-block-uagb-image .wp-block-uagb-image__figure img{width: 291px;height: auto;}}@media only screen and (max-width: 767px) {.uagb-block-27431b2e.wp-block-uagb-image .wp-block-uagb-image__figure img{width: 291px;height: auto;}}\";s:2:\"js\";s:575:\"document.addEventListener(\"DOMContentLoaded\", function(){ \t\t\t\twindow.addEventListener( 'DOMContentLoaded', () => {\n\t\t\t\t\tconst blockScope = document.querySelector( '.uagb-block-36e55f8d' );\n\t\t\t\t\tif ( ! blockScope ) {\n\t\t\t\t\t\treturn;\n\t\t\t\t\t}\n\n\t\t\t\t\tconst anchorElement = blockScope.querySelector('a');\n\t\t\t\t\tif (!anchorElement) {\n\t\t\t\t\t\treturn;\n\t\t\t\t\t} \n\n\t\t\t\t\t \n\t\t\t\t\tblockScope.addEventListener('keydown', (event) => {\n\t\t\t\t\t\tif ( 13 === event.keyCode || 32 === event.keyCode ) {\n\t\t\t\t\t\t\tevent.preventDefault();\n\t\t\t\t\t\t\t \n\t\t\t\t\t\t\tanchorElement.click();\t\n\t\t\t\t\t\t}\n\t\t\t\t\t} );\n\t\t\t\t} );\n\t\t\t });\";s:18:\"current_block_list\";a:12:{i:0;s:10:\"uagb\/image\";i:1;s:14:\"core\/paragraph\";i:2;s:9:\"uagb\/icon\";i:3;s:21:\"uagb\/advanced-heading\";i:4;s:12:\"core\/buttons\";i:5;s:11:\"core\/button\";i:6;s:21:\"trp\/language-switcher\";i:7;s:26:\"woocommerce\/filter-wrapper\";i:8;s:12:\"core\/heading\";i:9;s:28:\"woocommerce\/attribute-filter\";i:10;s:24:\"woocommerce\/stock-filter\";i:11;s:24:\"woocommerce\/price-filter\";}s:8:\"uag_flag\";b:1;s:11:\"uag_version\";i:1776541441;s:6:\"gfonts\";a:0:{}s:10:\"gfonts_url\";s:0:\"\";s:12:\"gfonts_files\";a:0:{}s:14:\"uag_faq_layout\";b:0;}"]},"uagb_featured_image_src":{"full":["https:\/\/golden-group.eu\/wp-content\/uploads\/2024\/09\/1022470362.webp",1000,1000,false],"thumbnail":["https:\/\/golden-group.eu\/wp-content\/uploads\/2024\/09\/1022470362.webp",96,96,false],"medium":["https:\/\/golden-group.eu\/wp-content\/uploads\/2024\/09\/1022470362.webp",1000,1000,false],"medium_large":["https:\/\/golden-group.eu\/wp-content\/uploads\/2024\/09\/1022470362-768x768.webp",768,768,true],"large":["https:\/\/golden-group.eu\/wp-content\/uploads\/2024\/09\/1022470362.webp",1000,1000,false],"1536x1536":["https:\/\/golden-group.eu\/wp-content\/uploads\/2024\/09\/1022470362.webp",1000,1000,false],"2048x2048":["https:\/\/golden-group.eu\/wp-content\/uploads\/2024\/09\/1022470362.webp",1000,1000,false],"trp-custom-language-flag":["https:\/\/golden-group.eu\/wp-content\/uploads\/2024\/09\/1022470362.webp",12,12,false],"mailpoet_newsletter_max":["https:\/\/golden-group.eu\/wp-content\/uploads\/2024\/09\/1022470362.webp",1000,1000,false],"woocommerce_thumbnail":["https:\/\/golden-group.eu\/wp-content\/uploads\/2024\/09\/1022470362-800x800.webp",800,800,true],"woocommerce_single":["https:\/\/golden-group.eu\/wp-content\/uploads\/2024\/09\/1022470362.webp",1000,1000,false],"woocommerce_gallery_thumbnail":["https:\/\/golden-group.eu\/wp-content\/uploads\/2024\/09\/1022470362-250x250.webp",250,250,true]},"uagb_author_info":{"display_name":"netmonster","author_link":"https:\/\/golden-group.eu\/en\/author\/"},"uagb_comment_info":0,"uagb_excerpt":"?Ciep\u0142y \u015bpiworek\u00a0 do fotelika samochodowego Golden Kids to przyjemne i mi\u0142e otulenie dziecka podczas podr\u00f3\u017cy. Jest to praktyczne i wygodne rozwi\u0105zanie. Szybko i w \u0142atwy spos\u00f3b okryjesz maluszka chroni\u0105c go przed ch\u0142odem, a gdy zrobi si\u0119 cieplej np. w samochodzie w ka\u017cdej chwili mo\u017cesz go odkry\u0107, zapobiegaj\u0105c w ten spos\u00f3b przed przegrzaniem dziecka. A po&hellip;","_links":{"self":[{"href":"https:\/\/golden-group.eu\/en\/wp-json\/wp\/v2\/product\/349","targetHints":{"allow":["GET"]}}],"collection":[{"href":"https:\/\/golden-group.eu\/en\/wp-json\/wp\/v2\/product"}],"about":[{"href":"https:\/\/golden-group.eu\/en\/wp-json\/wp\/v2\/types\/product"}],"replies":[{"embeddable":true,"href":"https:\/\/golden-group.eu\/en\/wp-json\/wp\/v2\/comments?post=349"}],"wp:featuredmedia":[{"embeddable":true,"href":"https:\/\/golden-group.eu\/en\/wp-json\/wp\/v2\/media\/350"}],"wp:attachment":[{"href":"https:\/\/golden-group.eu\/en\/wp-json\/wp\/v2\/media?parent=349"}],"wp:term":[{"taxonomy":"product_brand","embeddable":true,"href":"https:\/\/golden-group.eu\/en\/wp-json\/wp\/v2\/product_brand?post=349"},{"taxonomy":"product_cat","embeddable":true,"href":"https:\/\/golden-group.eu\/en\/wp-json\/wp\/v2\/product_cat?post=349"},{"taxonomy":"product_tag","embeddable":true,"href":"https:\/\/golden-group.eu\/en\/wp-json\/wp\/v2\/product_tag?post=349"}],"curies":[{"name":"wp","href":"https:\/\/api.w.org\/{rel}","templated":true}]}}