{"id":357,"date":"2024-09-20T20:20:25","date_gmt":"2024-09-20T18:20:25","guid":{"rendered":"https:\/\/golden-group.pl\/?post_type=product&#038;p=357"},"modified":"2025-02-24T13:30:05","modified_gmt":"2025-02-24T12:30:05","slug":"suchy-basen-90x40-200-kulek","status":"publish","type":"product","link":"https:\/\/golden-group.eu\/en\/product\/suchy-basen-90x40-200-kulek\/","title":{"rendered":"Dry pool 90\u00d740 + 150 balls Outlet"},"content":{"rendered":"<section class=\"section\">\n<div class=\"item item-6\">\n<section class=\"text-item\"><strong>Basen\u00a0 + 150 pi\u0142eczek [ 7cm \u015brednica]<\/strong> <strong>Wymiary:\u00a0<\/strong><\/p>\n<ul>\n<li><strong>90 x 40 cm<\/strong><\/li>\n<li><strong>Grubo\u015b\u0107 \u015bcianki:\u00a06 cm<\/strong><\/li>\n<li><strong>Grubo\u015b\u0107 dna:\u00a02 cm<\/strong><\/li>\n<\/ul>\n<p><strong>WSPANIA\u0141A ZABAWA!<\/strong><\/p>\n<\/section>\n<\/div>\n<div class=\"item item-6\">\n<ul>\n<li class=\"image-item\"><strong><span style=\"font-size: 16px;\">Du\u017ca atrakcja dla ka\u017cdego dziecka, dzi\u0119ki kt\u00f3rej uwolni drzemi\u0105ce w sobie pok\u0142ady energii, rozwinie koordynacj\u0119 ruchow\u0105 oraz sprawno\u015b\u0107 manualn\u0105.<\/span><\/strong><\/li>\n<li class=\"image-item\"><strong>Basen \u015bwietnie sprawdzi si\u0119 we wn\u0119trzu ka\u017cdego domu, mieszkania, przedszkola czy te\u017c w ogr\u00f3dku.<\/strong><\/li>\n<li class=\"image-item\"><strong>Pianka poliuretanowa u\u017cyta do wykonania basenu jest o podwy\u017cszonej g\u0119sto\u015bci co powoduje, \u017ce basen jest bardziej stabilny i nie ulega odkszta\u0142ceniom podczas zabawy.<\/strong><\/li>\n<li class=\"image-item\"><strong>Do ka\u017cdego zestawu dodajemy praktyczny worek do przechowywania kulek!<\/strong><\/li>\n<\/ul>\n<\/div>\n<\/section>\n<section class=\"section\">\n<div class=\"item item-6\"><\/div>\n<\/section>\n<section class=\"section\">\n<div class=\"item item-6\">\n<section class=\"text-item\"><strong>WYBIERZ KOLOR TKANINY<\/strong><\/p>\n<ul>\n<li><strong>Rzeczywisty kolor tkanin mo\u017ce nieznacznie odbiega\u0107 od kolor\u00f3w widocznych na zdj\u0119ciu.<\/strong><\/li>\n<li><strong>Spowodowanie jest to indywidualnym ustawieniem monitora.<\/strong><\/li>\n<li><strong>Pokrowiec wykonany w ca\u0142o\u015bci z trwa\u0142ej i odpornej na przetarcia tkaniny poliestrowej; (tkanina posiada certyfikat PN-EN-71-3;2013). Pokrowiec mo\u017cna zdj\u0105\u0107 i wypra\u0107 w temp. 40 st., posiada zamek b\u0142yskawiczny.<\/strong><\/li>\n<li>\n<div class=\"item item-6\">\n<section class=\"text-item\"><strong>Tkanina poliester z nadrukiem i minki .<\/strong><\/section>\n<\/div>\n<\/li>\n<\/ul>\n<\/section>\n<\/div>\n<div class=\"item item-6\">\n<section class=\"image-item\"><strong><span style=\"font-size: 16px;\">WYBIERAJ\u0104C GOLDEN KIDS ZYSKUJESZ!<\/span><\/strong><\/section>\n<\/div>\n<\/section>\n<section class=\"section\">\n<div class=\"item item-6\">\n<section class=\"text-item\"><strong>Szybka realizacja<\/strong><\/p>\n<ul>\n<li><strong>Jeste\u015bmy liderem w sprzeda\u017cy suchych basen\u00f3w na rynku Polskim. Posiadamy w\u0142asn\u0105 lini\u0119 produkcyjn\u0105, dzi\u0119ki czemu realizacja jest b\u0142yskawiczna.<\/strong><\/li>\n<\/ul>\n<p><strong>Bezpiecze\u0144stwo<\/strong><\/p>\n<ul>\n<li><strong>Wszystkie komponenty wykonane s\u0105 z materia\u0142\u00f3w nietoksycznych i bezpiecznych dla dziecka.<\/strong><\/li>\n<\/ul>\n<p><strong>Wysoka jako\u015b\u0107<\/strong><\/p>\n<ul>\n<li><strong>Wyprodukowane w Polsce z trwa\u0142ej i odpornej na przetarcia tkaniny oraz odpowiedniej twardo\u015bci pianki poliuretanowej.<\/strong><\/li>\n<\/ul>\n<\/section>\n<\/div>\n<\/section>\n<section class=\"section\">\n<div class=\"item item-12\">\n<section class=\"text-item\"><strong>WYBIERZ KOLOR PI\u0141ECZEK<\/strong><\/p>\n<ul>\n<li><strong>Rzeczywisty kolor pi\u0142eczek mo\u017ce nieznacznie odbiega\u0107 od kolor\u00f3w widocznych na zdj\u0119ciu.<\/strong><\/li>\n<li><strong>Dowolna kombinacja kolorystyczna.<\/strong><\/li>\n<li><strong>\u015arednica pi\u0142ek to 7cm<\/strong><\/li>\n<\/ul>\n<\/section>\n<\/div>\n<\/section>\n<section class=\"section\">\n<div class=\"item item-12\">\n<section class=\"image-item\"><strong><span style=\"font-size: 16px;\">SPOS\u00d3B CZYSZCZENIA:<\/span><\/strong><\/section>\n<\/div>\n<\/section>\n<section class=\"section\">\n<div class=\"item item-6\">\n<section class=\"text-item\">\n<ul>\n<li><strong>Plamy i zabrudzenia usuwa\u0107 za pomoc\u0105 mi\u0119kkiej g\u0105bki oraz roztworu wody i myd\u0142a (temp. 30 stopni C), ewentualnie \u0142agodnych \u015brodk\u00f3w czyszcz\u0105cych. UWAGA nie nale\u017cy czy\u015bci\u0107 agresywnymi \u015brodkami chemicznymi zawieraj\u0105cymi rozpuszczalniki i wybielacze.<\/strong><\/li>\n<li><strong>Pokrowiec mo\u017cna te\u017c zdj\u0105\u0107 i wypra\u0107 w temp. 40 st., posiada zamek b\u0142yskawiczny.<\/strong><\/li>\n<\/ul>\n<\/section>\n<\/div>\n<div class=\"item item-6\">\n<section class=\"image-item\">\n<h3><strong>Basen z pi\u0142eczkami \u2013 \u015arodki ostro\u017cno\u015bci<\/strong><\/h3>\n<ol>\n<li><strong>Nadz\u00f3r doros\u0142ych<\/strong> \u2013 Zabawa w basenie z pi\u0142eczkami powinna zawsze odbywa\u0107 si\u0119 pod opiek\u0105 os\u00f3b doros\u0142ych.<\/li>\n<li><strong>Wiek dziecka<\/strong> \u2013 Basen przeznaczony jest dla dzieci powy\u017cej 6 miesi\u0119cy.<\/li>\n<li><strong>Bezpieczne u\u017cytkowanie<\/strong> \u2013 Nie nale\u017cy stawia\u0107 basenu w pobli\u017cu \u017ar\u00f3de\u0142 ognia, ostrych przedmiot\u00f3w lub na \u015bliskich powierzchniach.<\/li>\n<li><strong>Regularna kontrola<\/strong> \u2013 Sprawdzaj stan basenu i pi\u0142eczek pod k\u0105tem uszkodze\u0144, aby zapewni\u0107 bezpiecze\u0144stwo.<\/li>\n<li><strong>Nie skaka\u0107<\/strong> \u2013 Dzieci nie powinny skaka\u0107 do basenu z du\u017cej wysoko\u015bci, aby unikn\u0105\u0107 kontuzji.<\/li>\n<li><strong>Nie przeci\u0105\u017ca\u0107<\/strong> \u2013 Nie umieszcza\u0107 w basenie zbyt wielu dzieci jednocze\u015bnie.<\/li>\n<li><strong>Czysto\u015b\u0107<\/strong> \u2013 Regularnie czy\u015b\u0107 basen i pi\u0142eczki, aby zachowa\u0107 higien\u0119.<\/li>\n<li><strong>Brak ma\u0142ych element\u00f3w<\/strong> \u2013 Upewnij si\u0119, \u017ce w basenie nie znajduj\u0105 si\u0119 przedmioty, kt\u00f3re mog\u0142yby zosta\u0107 po\u0142kni\u0119te przez dziecko.<\/li>\n<li><strong>Basen wykonany z tkaniny poliestrowej <\/strong>\u2013 posiada wszystkie niezb\u0119dne atesty dla dzieci<\/li>\n<li><strong>Pi\u0142eczki z tworzywa <\/strong>&#8211; posiada wszystkie niezb\u0119dne atesty dla dzieci<\/li>\n<\/ol>\n<p>Przestrzeganie tych zasad zapewni bezpieczn\u0105 i radosn\u0105 zabaw\u0119!<\/p>\n<\/section>\n<\/div>\n<\/section>\n<section class=\"section\">\n<div class=\"item item-6\"><\/div>\n<\/section>\n","protected":false},"excerpt":{"rendered":"<p>Basen\u00a0 + 150 pi\u0142eczek [ 7cm \u015brednica] Wymiary:\u00a0 90 x 40 cm Grubo\u015b\u0107 \u015bcianki:\u00a06 cm Grubo\u015b\u0107 dna:\u00a02 cm WSPANIA\u0141A ZABAWA! Du\u017ca atrakcja dla ka\u017cdego dziecka, dzi\u0119ki kt\u00f3rej uwolni drzemi\u0105ce w sobie pok\u0142ady energii, rozwinie koordynacj\u0119 ruchow\u0105 oraz sprawno\u015b\u0107 manualn\u0105. Basen \u015bwietnie sprawdzi si\u0119 we wn\u0119trzu ka\u017cdego domu, mieszkania, przedszkola czy te\u017c w ogr\u00f3dku. Pianka poliuretanowa [&hellip;]<\/p>\n","protected":false},"featured_media":358,"comment_status":"open","ping_status":"closed","template":"","meta":{"_acf_changed":false,"_uag_custom_page_level_css":"","site-sidebar-layout":"default","site-content-layout":"","ast-site-content-layout":"default","site-content-style":"default","site-sidebar-style":"default","ast-global-header-display":"","ast-banner-title-visibility":"","ast-main-header-display":"","ast-hfb-above-header-display":"","ast-hfb-below-header-display":"","ast-hfb-mobile-header-display":"","site-post-title":"","ast-breadcrumbs-content":"","ast-featured-img":"","footer-sml-layout":"","ast-disable-related-posts":"","theme-transparent-header-meta":"default","adv-header-id-meta":"","stick-header-meta":"default","header-above-stick-meta":"","header-main-stick-meta":"","header-below-stick-meta":"","astra-migrate-meta-layouts":"set","ast-page-background-enabled":"default","ast-page-background-meta":{"desktop":{"background-color":"","background-image":"","background-repeat":"repeat","background-position":"center center","background-size":"auto","background-attachment":"scroll","background-type":"","background-media":"","overlay-type":"","overlay-color":"","overlay-opacity":"","overlay-gradient":""},"tablet":{"background-color":"","background-image":"","background-repeat":"repeat","background-position":"center center","background-size":"auto","background-attachment":"scroll","background-type":"","background-media":"","overlay-type":"","overlay-color":"","overlay-opacity":"","overlay-gradient":""},"mobile":{"background-color":"","background-image":"","background-repeat":"repeat","background-position":"center center","background-size":"auto","background-attachment":"scroll","background-type":"","background-media":"","overlay-type":"","overlay-color":"","overlay-opacity":"","overlay-gradient":""}},"ast-content-background-meta":{"desktop":{"background-color":"var(--ast-global-color-5)","background-image":"","background-repeat":"repeat","background-position":"center center","background-size":"auto","background-attachment":"scroll","background-type":"","background-media":"","overlay-type":"","overlay-color":"","overlay-opacity":"","overlay-gradient":""},"tablet":{"background-color":"var(--ast-global-color-5)","background-image":"","background-repeat":"repeat","background-position":"center center","background-size":"auto","background-attachment":"scroll","background-type":"","background-media":"","overlay-type":"","overlay-color":"","overlay-opacity":"","overlay-gradient":""},"mobile":{"background-color":"var(--ast-global-color-5)","background-image":"","background-repeat":"repeat","background-position":"center center","background-size":"auto","background-attachment":"scroll","background-type":"","background-media":"","overlay-type":"","overlay-color":"","overlay-opacity":"","overlay-gradient":""}}},"product_brand":[],"product_cat":[],"product_tag":[],"class_list":{"0":"post-357","1":"product","2":"type-product","3":"status-publish","4":"has-post-thumbnail","6":"product_shipping_class-baseny-90-40-0-100-200-300-pilek","7":"desktop-align-center","8":"tablet-align-center","9":"mobile-align-center","10":"ast-product-gallery-layout-horizontal","11":"ast-product-gallery-with-no-image","12":"ast-product-tabs-layout-accordion","14":"first","15":"instock","16":"sale","17":"taxable","18":"shipping-taxable","19":"purchasable","20":"product-type-simple","21":"add-to-wishlist-before_image"},"acf":[],"spectra_custom_meta":{"_sku":["5904533601152"],"total_sales":["0"],"_tax_status":["taxable"],"_tax_class":[""],"_manage_stock":["yes"],"_backorders":["no"],"_sold_individually":["no"],"_virtual":["no"],"_downloadable":["no"],"_download_limit":["0"],"_download_expiry":["0"],"_stock":["3"],"_stock_status":["instock"],"_wc_average_rating":["0"],"_wc_review_count":["0"],"_product_version":["9.6.2"],"_wp_old_slug":["import-placeholder-for-2436"],"_regular_price":["260.00"],"_sale_price":["220"],"_weight":["0"],"_thumbnail_id":["358"],"_price":["220"],"_edit_last":["174"],"_edit_lock":["1736240167:174"],"_iwo_price_last_change":["a:4:{s:5:\"price\";s:6:\"260.00\";s:10:\"price_sale\";s:3:\"220\";s:19:\"price_including_tax\";d:220;s:9:\"timestamp\";i:1728629439;}"],"site-sidebar-layout":["default"],"ast-site-content-layout":["default"],"site-content-style":["default"],"site-sidebar-style":["default"],"theme-transparent-header-meta":["default"],"stick-header-meta":["default"],"astra_style_timestamp_css":["1733760474"],"rank_math_internal_links_processed":["1"],"rank_math_seo_score":["10"],"rank_math_primary_product_cat":["64"],"_":[""],"astra-migrate-meta-layouts":["set"],"_uag_page_assets":["a:9:{s:3:\"css\";s:10439:\".uagb-block-0871d717.wp-block-uagb-image{text-align: left;justify-content: flex-start;align-self: flex-start;}.uagb-block-0871d717 .wp-block-uagb-image__figure{align-items: flex-start;}.uagb-block-0871d717.wp-block-uagb-image--layout-default figure img{box-shadow: 0px 0px 0 #00000070;}.uagb-block-0871d717.wp-block-uagb-image .wp-block-uagb-image__figure figcaption{font-style: normal;align-self: center;}.uagb-block-0871d717.wp-block-uagb-image--layout-overlay figure img{box-shadow: 0px 0px 0 #00000070;}.uagb-block-0871d717.wp-block-uagb-image--layout-overlay .wp-block-uagb-image--layout-overlay__color-wrapper{opacity: 0.2;}.uagb-block-0871d717.wp-block-uagb-image--layout-overlay .wp-block-uagb-image--layout-overlay__inner{left: 15px;right: 15px;top: 15px;bottom: 15px;}.uagb-block-0871d717.wp-block-uagb-image--layout-overlay .wp-block-uagb-image--layout-overlay__inner .uagb-image-heading{font-style: normal;color: #fff;opacity: 1;}.uagb-block-0871d717.wp-block-uagb-image--layout-overlay .wp-block-uagb-image--layout-overlay__inner .uagb-image-heading a{color: #fff;}.uagb-block-0871d717.wp-block-uagb-image--layout-overlay .wp-block-uagb-image--layout-overlay__inner .uagb-image-caption{opacity: 0;}.uagb-block-0871d717.wp-block-uagb-image--layout-overlay .wp-block-uagb-image__figure:hover .wp-block-uagb-image--layout-overlay__color-wrapper{opacity: 1;}.uagb-block-0871d717.wp-block-uagb-image .wp-block-uagb-image--layout-overlay__inner .uagb-image-separator{width: 30%;border-top-width: 2px;border-top-color: #fff;opacity: 0;}.uagb-block-0871d717.wp-block-uagb-image .wp-block-uagb-image__figure img{width: 91px;height: auto;}.uagb-block-0871d717.wp-block-uagb-image .wp-block-uagb-image__figure:hover .wp-block-uagb-image--layout-overlay__inner .uagb-image-caption{opacity: 1;}.uagb-block-0871d717.wp-block-uagb-image .wp-block-uagb-image__figure:hover .wp-block-uagb-image--layout-overlay__inner .uagb-image-separator{opacity: 1;}.uagb-block-0871d717.wp-block-uagb-image--layout-default figure:hover img{box-shadow: 0px 0px 0 #00000070;}.uagb-block-0871d717.wp-block-uagb-image--layout-overlay figure:hover img{box-shadow: 0px 0px 0 #00000070;}@media only screen and (max-width: 976px) {.uagb-block-0871d717.wp-block-uagb-image .wp-block-uagb-image__figure img{width: 91px;height: auto;}}@media only screen and (max-width: 767px) {.uagb-block-0871d717.wp-block-uagb-image .wp-block-uagb-image__figure img{width: 91px;height: auto;}} .uagb-block-36e55f8d.uagb-icon-wrapper{text-align: center;} .uagb-block-36e55f8d.uagb-icon-wrapper .uagb-svg-wrapper a{display: contents;} .uagb-block-36e55f8d.uagb-icon-wrapper svg{width: 20px;height: 20px;transform: rotate(0deg);box-sizing: content-box;fill: #333;filter: drop-shadow( 0px 0px 0px #00000070 );} .uagb-block-36e55f8d.uagb-icon-wrapper .uagb-svg-wrapper{display: inline-flex;padding-top: 0px;padding-right: 0px;padding-bottom: 0px;padding-left: 0px;border-style: default;box-shadow: 0px 0px 0 #00000070 ;} .uagb-block-36e55f8d.uagb-icon-wrapper .uagb-svg-wrapper:hover{box-shadow: 0px 0px 0 #00000070 ;} .uagb-block-36e55f8d.uagb-icon-wrapper .uagb-svg-wrapper:focus-visible{box-shadow: 0px 0px 0 #00000070 ;} .uagb-block-36e55f8d.uagb-icon-wrapper.wp-block-uagb-icon--has-margin .uagb-icon-margin-wrapper{margin-top: 0px;margin-right: 0px;margin-bottom: 0px;margin-left: 0px;}@media only screen and (max-width: 976px) { .uagb-block-36e55f8d.uagb-icon-wrapper .uagb-svg-wrapper{display: inline-flex;}}@media only screen and (max-width: 767px) { .uagb-block-36e55f8d.uagb-icon-wrapper .uagb-svg-wrapper{display: inline-flex;} .uagb-block-36e55f8d.uagb-icon-wrapper.wp-block-uagb-icon--has-margin .uagb-icon-margin-wrapper{margin-top: 0px;margin-right: 0px;margin-bottom: 0px;margin-left: 0px;}}.wp-block-uagb-advanced-heading.uagb-block-b31b8376.wp-block-uagb-advanced-heading .uagb-heading-text{color: #ffffff;}.wp-block-uagb-advanced-heading.uagb-block-b31b8376.wp-block-uagb-advanced-heading a{color: #ffffff;}.wp-block-uagb-advanced-heading.uagb-block-b31b8376.wp-block-uagb-advanced-heading a:hover{color: #d6d6d6;}.wp-block-uagb-advanced-heading.uagb-block-b31b8376.wp-block-uagb-advanced-heading .uagb-desc-text{color: #ffffff;margin-bottom: 15px;}.wp-block-uagb-advanced-heading.uagb-block-b31b8376.wp-block-uagb-advanced-heading .uagb-highlight{font-style: normal;font-weight: Default;background: #007cba;color: #fff;-webkit-text-fill-color: #fff;}.wp-block-uagb-advanced-heading.uagb-block-b31b8376.wp-block-uagb-advanced-heading .uagb-highlight::-moz-selection{color: #fff;background: #007cba;-webkit-text-fill-color: #fff;}.wp-block-uagb-advanced-heading.uagb-block-b31b8376.wp-block-uagb-advanced-heading .uagb-highlight::selection{color: #fff;background: #007cba;-webkit-text-fill-color: #fff;}.wp-block-uagb-advanced-heading.uagb-block-b31b8376 .uagb-heading-text{font-weight: 400;font-size: 21px;margin-bottom: 15px;}@media only screen and (max-width: 767px) {.wp-block-uagb-advanced-heading.uagb-block-b31b8376.wp-block-uagb-advanced-heading {text-align: left;}}.wp-block-uagb-advanced-heading.uagb-block-ad29589e.wp-block-uagb-advanced-heading .uagb-desc-text{margin-bottom: 15px;}.wp-block-uagb-advanced-heading.uagb-block-ad29589e.wp-block-uagb-advanced-heading .uagb-highlight{font-style: normal;font-weight: Default;background: #007cba;color: #fff;-webkit-text-fill-color: #fff;}.wp-block-uagb-advanced-heading.uagb-block-ad29589e.wp-block-uagb-advanced-heading .uagb-highlight::-moz-selection{color: #fff;background: #007cba;-webkit-text-fill-color: #fff;}.wp-block-uagb-advanced-heading.uagb-block-ad29589e.wp-block-uagb-advanced-heading .uagb-highlight::selection{color: #fff;background: #007cba;-webkit-text-fill-color: #fff;}.uagb-block-0a5196e9.wp-block-uagb-image{text-align: left;justify-content: flex-start;align-self: flex-start;}.uagb-block-0a5196e9 .wp-block-uagb-image__figure{align-items: flex-start;}.uagb-block-0a5196e9.wp-block-uagb-image--layout-default figure img{box-shadow: 0px 0px 0 #00000070;}.uagb-block-0a5196e9.wp-block-uagb-image .wp-block-uagb-image__figure figcaption{font-style: normal;align-self: center;}.uagb-block-0a5196e9.wp-block-uagb-image--layout-overlay figure img{box-shadow: 0px 0px 0 #00000070;}.uagb-block-0a5196e9.wp-block-uagb-image--layout-overlay .wp-block-uagb-image--layout-overlay__color-wrapper{opacity: 0.2;}.uagb-block-0a5196e9.wp-block-uagb-image--layout-overlay .wp-block-uagb-image--layout-overlay__inner{left: 15px;right: 15px;top: 15px;bottom: 15px;}.uagb-block-0a5196e9.wp-block-uagb-image--layout-overlay .wp-block-uagb-image--layout-overlay__inner .uagb-image-heading{font-style: normal;color: #fff;opacity: 1;}.uagb-block-0a5196e9.wp-block-uagb-image--layout-overlay .wp-block-uagb-image--layout-overlay__inner .uagb-image-heading a{color: #fff;}.uagb-block-0a5196e9.wp-block-uagb-image--layout-overlay .wp-block-uagb-image--layout-overlay__inner .uagb-image-caption{opacity: 0;}.uagb-block-0a5196e9.wp-block-uagb-image--layout-overlay .wp-block-uagb-image__figure:hover .wp-block-uagb-image--layout-overlay__color-wrapper{opacity: 1;}.uagb-block-0a5196e9.wp-block-uagb-image .wp-block-uagb-image--layout-overlay__inner .uagb-image-separator{width: 30%;border-top-width: 2px;border-top-color: #fff;opacity: 0;}.uagb-block-0a5196e9.wp-block-uagb-image .wp-block-uagb-image__figure img{width: 130px;height: auto;}.uagb-block-0a5196e9.wp-block-uagb-image .wp-block-uagb-image__figure:hover .wp-block-uagb-image--layout-overlay__inner .uagb-image-caption{opacity: 1;}.uagb-block-0a5196e9.wp-block-uagb-image .wp-block-uagb-image__figure:hover .wp-block-uagb-image--layout-overlay__inner .uagb-image-separator{opacity: 1;}.uagb-block-0a5196e9.wp-block-uagb-image--layout-default figure:hover img{box-shadow: 0px 0px 0 #00000070;}.uagb-block-0a5196e9.wp-block-uagb-image--layout-overlay figure:hover img{box-shadow: 0px 0px 0 #00000070;}@media only screen and (max-width: 976px) {.uagb-block-0a5196e9.wp-block-uagb-image .wp-block-uagb-image__figure img{width: 130px;height: auto;}}@media only screen and (max-width: 767px) {.uagb-block-0a5196e9.wp-block-uagb-image .wp-block-uagb-image__figure img{width: 130px;height: auto;}}.uagb-block-27431b2e.wp-block-uagb-image--layout-default figure img{box-shadow: 0px 0px 0 #00000070;}.uagb-block-27431b2e.wp-block-uagb-image .wp-block-uagb-image__figure figcaption{font-style: normal;align-self: center;}.uagb-block-27431b2e.wp-block-uagb-image--layout-overlay figure img{box-shadow: 0px 0px 0 #00000070;}.uagb-block-27431b2e.wp-block-uagb-image--layout-overlay .wp-block-uagb-image--layout-overlay__color-wrapper{opacity: 0.2;}.uagb-block-27431b2e.wp-block-uagb-image--layout-overlay .wp-block-uagb-image--layout-overlay__inner{left: 15px;right: 15px;top: 15px;bottom: 15px;}.uagb-block-27431b2e.wp-block-uagb-image--layout-overlay .wp-block-uagb-image--layout-overlay__inner .uagb-image-heading{font-style: normal;color: #fff;opacity: 1;}.uagb-block-27431b2e.wp-block-uagb-image--layout-overlay .wp-block-uagb-image--layout-overlay__inner .uagb-image-heading a{color: #fff;}.uagb-block-27431b2e.wp-block-uagb-image--layout-overlay .wp-block-uagb-image--layout-overlay__inner .uagb-image-caption{opacity: 0;}.uagb-block-27431b2e.wp-block-uagb-image--layout-overlay .wp-block-uagb-image__figure:hover .wp-block-uagb-image--layout-overlay__color-wrapper{opacity: 1;}.uagb-block-27431b2e.wp-block-uagb-image .wp-block-uagb-image--layout-overlay__inner .uagb-image-separator{width: 30%;border-top-width: 2px;border-top-color: #fff;opacity: 0;}.uagb-block-27431b2e.wp-block-uagb-image .wp-block-uagb-image__figure img{width: 291px;height: auto;}.uagb-block-27431b2e.wp-block-uagb-image .wp-block-uagb-image__figure:hover .wp-block-uagb-image--layout-overlay__inner .uagb-image-caption{opacity: 1;}.uagb-block-27431b2e.wp-block-uagb-image .wp-block-uagb-image__figure:hover .wp-block-uagb-image--layout-overlay__inner .uagb-image-separator{opacity: 1;}.uagb-block-27431b2e.wp-block-uagb-image--layout-default figure:hover img{box-shadow: 0px 0px 0 #00000070;}.uagb-block-27431b2e.wp-block-uagb-image--layout-overlay figure:hover img{box-shadow: 0px 0px 0 #00000070;}@media only screen and (max-width: 976px) {.uagb-block-27431b2e.wp-block-uagb-image .wp-block-uagb-image__figure img{width: 291px;height: auto;}}@media only screen and (max-width: 767px) {.uagb-block-27431b2e.wp-block-uagb-image .wp-block-uagb-image__figure img{width: 291px;height: auto;}}\";s:2:\"js\";s:575:\"document.addEventListener(\"DOMContentLoaded\", function(){ \t\t\t\twindow.addEventListener( 'DOMContentLoaded', () => {\n\t\t\t\t\tconst blockScope = document.querySelector( '.uagb-block-36e55f8d' );\n\t\t\t\t\tif ( ! blockScope ) {\n\t\t\t\t\t\treturn;\n\t\t\t\t\t}\n\n\t\t\t\t\tconst anchorElement = blockScope.querySelector('a');\n\t\t\t\t\tif (!anchorElement) {\n\t\t\t\t\t\treturn;\n\t\t\t\t\t} \n\n\t\t\t\t\t \n\t\t\t\t\tblockScope.addEventListener('keydown', (event) => {\n\t\t\t\t\t\tif ( 13 === event.keyCode || 32 === event.keyCode ) {\n\t\t\t\t\t\t\tevent.preventDefault();\n\t\t\t\t\t\t\t \n\t\t\t\t\t\t\tanchorElement.click();\t\n\t\t\t\t\t\t}\n\t\t\t\t\t} );\n\t\t\t\t} );\n\t\t\t });\";s:18:\"current_block_list\";a:12:{i:0;s:10:\"uagb\/image\";i:1;s:14:\"core\/paragraph\";i:2;s:9:\"uagb\/icon\";i:3;s:21:\"uagb\/advanced-heading\";i:4;s:12:\"core\/buttons\";i:5;s:11:\"core\/button\";i:6;s:21:\"trp\/language-switcher\";i:7;s:26:\"woocommerce\/filter-wrapper\";i:8;s:12:\"core\/heading\";i:9;s:28:\"woocommerce\/attribute-filter\";i:10;s:24:\"woocommerce\/stock-filter\";i:11;s:24:\"woocommerce\/price-filter\";}s:8:\"uag_flag\";b:1;s:11:\"uag_version\";i:1776517346;s:6:\"gfonts\";a:0:{}s:10:\"gfonts_url\";s:0:\"\";s:12:\"gfonts_files\";a:0:{}s:14:\"uag_faq_layout\";b:0;}"]},"uagb_featured_image_src":{"full":["https:\/\/golden-group.eu\/wp-content\/uploads\/2024\/09\/granat.webp",1000,1000,false],"thumbnail":["https:\/\/golden-group.eu\/wp-content\/uploads\/2024\/09\/granat.webp",96,96,false],"medium":["https:\/\/golden-group.eu\/wp-content\/uploads\/2024\/09\/granat.webp",1000,1000,false],"medium_large":["https:\/\/golden-group.eu\/wp-content\/uploads\/2024\/09\/granat-768x768.webp",768,768,true],"large":["https:\/\/golden-group.eu\/wp-content\/uploads\/2024\/09\/granat.webp",1000,1000,false],"1536x1536":["https:\/\/golden-group.eu\/wp-content\/uploads\/2024\/09\/granat.webp",1000,1000,false],"2048x2048":["https:\/\/golden-group.eu\/wp-content\/uploads\/2024\/09\/granat.webp",1000,1000,false],"trp-custom-language-flag":["https:\/\/golden-group.eu\/wp-content\/uploads\/2024\/09\/granat.webp",12,12,false],"mailpoet_newsletter_max":["https:\/\/golden-group.eu\/wp-content\/uploads\/2024\/09\/granat.webp",1000,1000,false],"woocommerce_thumbnail":["https:\/\/golden-group.eu\/wp-content\/uploads\/2024\/09\/granat-800x800.webp",800,800,true],"woocommerce_single":["https:\/\/golden-group.eu\/wp-content\/uploads\/2024\/09\/granat.webp",1000,1000,false],"woocommerce_gallery_thumbnail":["https:\/\/golden-group.eu\/wp-content\/uploads\/2024\/09\/granat-250x250.webp",250,250,true]},"uagb_author_info":{"display_name":"netmonster","author_link":"https:\/\/golden-group.eu\/en\/author\/"},"uagb_comment_info":0,"uagb_excerpt":"Basen\u00a0 + 150 pi\u0142eczek [ 7cm \u015brednica] Wymiary:\u00a0 90 x 40 cm Grubo\u015b\u0107 \u015bcianki:\u00a06 cm Grubo\u015b\u0107 dna:\u00a02 cm WSPANIA\u0141A ZABAWA! Du\u017ca atrakcja dla ka\u017cdego dziecka, dzi\u0119ki kt\u00f3rej uwolni drzemi\u0105ce w sobie pok\u0142ady energii, rozwinie koordynacj\u0119 ruchow\u0105 oraz sprawno\u015b\u0107 manualn\u0105. Basen \u015bwietnie sprawdzi si\u0119 we wn\u0119trzu ka\u017cdego domu, mieszkania, przedszkola czy te\u017c w ogr\u00f3dku. Pianka poliuretanowa&hellip;","_links":{"self":[{"href":"https:\/\/golden-group.eu\/en\/wp-json\/wp\/v2\/product\/357","targetHints":{"allow":["GET"]}}],"collection":[{"href":"https:\/\/golden-group.eu\/en\/wp-json\/wp\/v2\/product"}],"about":[{"href":"https:\/\/golden-group.eu\/en\/wp-json\/wp\/v2\/types\/product"}],"replies":[{"embeddable":true,"href":"https:\/\/golden-group.eu\/en\/wp-json\/wp\/v2\/comments?post=357"}],"wp:featuredmedia":[{"embeddable":true,"href":"https:\/\/golden-group.eu\/en\/wp-json\/wp\/v2\/media\/358"}],"wp:attachment":[{"href":"https:\/\/golden-group.eu\/en\/wp-json\/wp\/v2\/media?parent=357"}],"wp:term":[{"taxonomy":"product_brand","embeddable":true,"href":"https:\/\/golden-group.eu\/en\/wp-json\/wp\/v2\/product_brand?post=357"},{"taxonomy":"product_cat","embeddable":true,"href":"https:\/\/golden-group.eu\/en\/wp-json\/wp\/v2\/product_cat?post=357"},{"taxonomy":"product_tag","embeddable":true,"href":"https:\/\/golden-group.eu\/en\/wp-json\/wp\/v2\/product_tag?post=357"}],"curies":[{"name":"wp","href":"https:\/\/api.w.org\/{rel}","templated":true}]}}