{"id":478,"date":"2024-09-20T20:23:10","date_gmt":"2024-09-20T18:23:10","guid":{"rendered":"https:\/\/golden-group.pl\/?post_type=product&#038;p=478"},"modified":"2026-04-05T15:52:02","modified_gmt":"2026-04-05T13:52:02","slug":"oparcie-120-40-tkanina-wodoodporna","status":"publish","type":"product","link":"https:\/\/golden-group.eu\/en\/product\/oparcie-120-40-tkanina-wodoodporna\/","title":{"rendered":"backrest 120\/40 WATERPROOF FABRIC"},"content":{"rendered":"<section class=\"section\">\n<div class=\"item item-12\"><b style=\"font-style: inherit;\">GARDEN CUSHION FILLED WITH FOAM GRANULES\u00a0<\/b><\/div>\n<div><strong>CHOOSE COLOR FROM THE COLOR GUIDE BELOW<\/strong><\/div>\n<div><strong style=\"font-size: 16px;\">DIMENSIONS: <\/strong><b style=\"font-style: inherit;\">120cm\/40cm<\/b><\/div>\n<\/section>\n<section class=\"section\">\n<div class=\"item item-6\">\n<p><b style=\"font-style: inherit;\">HIGH-QUALITY GARDEN CUSHION FOR PALLET FURNITURE:<\/b><\/p>\n<\/div>\n<\/section>\n<section class=\"section\">\n<div class=\"item item-6\">\n<section class=\"text-item\">\n<section class=\"section\">\n<div class=\"item item-6\">\n<section class=\"text-item\">\n<ul>\n<li><b>The product is made of durable and abrasion-resistant polyester fabric and polyurethane foam.<\/b><\/li>\n<li><b><\/b><b>The fabric is certified according to PN-EN 71-3; 2013 and OEKO-TEX<\/b><\/li>\n<li><b>Colors may vary slightly. It all depends on the individual monitor settings.<\/b><\/li>\n<li><b>The fabric has waterproof properties.<\/b><\/li>\n<li><b>The fabric has a UV protection coating, but frequent and prolonged exposure of the pillows to the sun may cause discoloration of the fabric.<\/b><\/li>\n<\/ul>\n<\/section>\n<\/div>\n<\/section>\n<section class=\"section\">\n<div class=\"item item-6\"><b>CLEANING METHOD:<\/b><\/div>\n<\/section>\n<section class=\"section\">\n<div class=\"item item-6\">\n<section class=\"text-item\">\n<ul>\n<li><b>The whole thing can be disassembled and the cover can be washed.\u00a0<\/b><b>\u00a0temp. 40\u00b0C<\/b><\/li>\n<li><b>Remove stains and dirt with a soft sponge and a solution of soap and water (temperature 30\u00b0C) or mild cleaning agents.<\/b><\/li>\n<li><b>CAUTION: Do not clean with aggressive chemicals containing solvents and bleaches.<a href=\"https:\/\/golden-group.eu\/wp-content\/uploads\/2024\/09\/Wzornik-tkanina-wodoodporna.webp\"><img loading=\"lazy\" decoding=\"async\" class=\"alignnone size-full wp-image-67161\" src=\"https:\/\/golden-group.eu\/wp-content\/uploads\/2024\/09\/Wzornik-tkanina-wodoodporna.webp\" alt=\"\" width=\"2000\" height=\"1919\" srcset=\"https:\/\/golden-group.eu\/wp-content\/uploads\/2024\/09\/Wzornik-tkanina-wodoodporna.webp 2000w, https:\/\/golden-group.eu\/wp-content\/uploads\/2024\/09\/Wzornik-tkanina-wodoodporna-768x737.webp 768w, https:\/\/golden-group.eu\/wp-content\/uploads\/2024\/09\/Wzornik-tkanina-wodoodporna-1536x1474.webp 1536w, https:\/\/golden-group.eu\/wp-content\/uploads\/2024\/09\/Wzornik-tkanina-wodoodporna-13x12.webp 13w, https:\/\/golden-group.eu\/wp-content\/uploads\/2024\/09\/Wzornik-tkanina-wodoodporna-1320x1267.webp 1320w, https:\/\/golden-group.eu\/wp-content\/uploads\/2024\/09\/Wzornik-tkanina-wodoodporna-1250x1199.webp 1250w\" sizes=\"auto, (max-width: 2000px) 100vw, 2000px\" \/><\/a><\/b><\/li>\n<\/ul>\n<\/section>\n<\/div>\n<\/section>\n<\/section>\n<\/div>\n<\/section>","protected":false},"excerpt":{"rendered":"<p>PODUCHA OGRODOWA WYPE\u0141NIONA GRANULATEM PIANKOWYM\u00a0 KOLOR WYBIERZ Z WZORNIKA KOLOR\u00d3W PONI\u017bEJ WYMIARY: 120cm\/40cm WYSOKIEJ JAKO\u015a\u0106I PODUCHA OGRODOWA NA MEBLE Z PALET: Produkt wykonany jest z trwa\u0142ej i odpornej na przetarcia tkaniny poliestrowej oraz pianki poliuretanowej. Tkanina posiada certyfikat PN-EN 71-3; 2013 i OEKO-TEX Kolory mog\u0105 nieznacznie si\u0119 r\u00f3\u017cni\u0107. Wszystko zale\u017cy od indywidualnego ustawienia monitora Tkanina [&hellip;]<\/p>\n","protected":false},"featured_media":67323,"comment_status":"open","ping_status":"closed","template":"","meta":{"_acf_changed":false,"_uag_custom_page_level_css":"","site-sidebar-layout":"default","site-content-layout":"","ast-site-content-layout":"default","site-content-style":"default","site-sidebar-style":"default","ast-global-header-display":"","ast-banner-title-visibility":"","ast-main-header-display":"","ast-hfb-above-header-display":"","ast-hfb-below-header-display":"","ast-hfb-mobile-header-display":"","site-post-title":"","ast-breadcrumbs-content":"","ast-featured-img":"","footer-sml-layout":"","ast-disable-related-posts":"","theme-transparent-header-meta":"default","adv-header-id-meta":"","stick-header-meta":"default","header-above-stick-meta":"","header-main-stick-meta":"","header-below-stick-meta":"","astra-migrate-meta-layouts":"set","ast-page-background-enabled":"default","ast-page-background-meta":{"desktop":{"background-color":"","background-image":"","background-repeat":"repeat","background-position":"center center","background-size":"auto","background-attachment":"scroll","background-type":"","background-media":"","overlay-type":"","overlay-color":"","overlay-opacity":"","overlay-gradient":""},"tablet":{"background-color":"","background-image":"","background-repeat":"repeat","background-position":"center center","background-size":"auto","background-attachment":"scroll","background-type":"","background-media":"","overlay-type":"","overlay-color":"","overlay-opacity":"","overlay-gradient":""},"mobile":{"background-color":"","background-image":"","background-repeat":"repeat","background-position":"center center","background-size":"auto","background-attachment":"scroll","background-type":"","background-media":"","overlay-type":"","overlay-color":"","overlay-opacity":"","overlay-gradient":""}},"ast-content-background-meta":{"desktop":{"background-color":"var(--ast-global-color-5)","background-image":"","background-repeat":"repeat","background-position":"center center","background-size":"auto","background-attachment":"scroll","background-type":"","background-media":"","overlay-type":"","overlay-color":"","overlay-opacity":"","overlay-gradient":""},"tablet":{"background-color":"var(--ast-global-color-5)","background-image":"","background-repeat":"repeat","background-position":"center center","background-size":"auto","background-attachment":"scroll","background-type":"","background-media":"","overlay-type":"","overlay-color":"","overlay-opacity":"","overlay-gradient":""},"mobile":{"background-color":"var(--ast-global-color-5)","background-image":"","background-repeat":"repeat","background-position":"center center","background-size":"auto","background-attachment":"scroll","background-type":"","background-media":"","overlay-type":"","overlay-color":"","overlay-opacity":"","overlay-gradient":""}}},"product_brand":[361],"product_cat":[86],"product_tag":[],"class_list":{"0":"post-478","1":"product","2":"type-product","3":"status-publish","4":"has-post-thumbnail","6":"product_brand-golden-garden","7":"product_cat-na-palety","8":"product_shipping_class-zestaw-poduszek-na-palety-120-80","9":"desktop-align-center","10":"tablet-align-center","11":"mobile-align-center","12":"ast-product-gallery-layout-horizontal","13":"ast-product-single-variable","14":"ast-product-tabs-layout-accordion","16":"first","17":"instock","18":"taxable","19":"shipping-taxable","20":"purchasable","21":"product-type-variable","22":"add-to-wishlist-before_image"},"acf":[],"spectra_custom_meta":{"total_sales":["5"],"_tax_status":["taxable"],"_tax_class":[""],"_manage_stock":["no"],"_backorders":["no"],"_sold_individually":["no"],"_virtual":["no"],"_downloadable":["no"],"_download_limit":["0"],"_download_expiry":["0"],"_stock":[null],"_stock_status":["instock"],"_wc_average_rating":["0"],"_wc_review_count":["0"],"_product_version":["10.6.2"],"_wp_old_slug":["import-placeholder-for-3456"],"_weight":["1"],"_thumbnail_id":["67323"],"_product_attributes":["a:1:{s:19:\"pa_grubosc-poduszki\";a:6:{s:4:\"name\";s:19:\"pa_grubosc-poduszki\";s:5:\"value\";s:0:\"\";s:8:\"position\";i:0;s:10:\"is_visible\";i:1;s:12:\"is_variation\";i:1;s:11:\"is_taxonomy\";i:1;}}"],"_product_image_gallery":["67161"],"astra_style_timestamp_css":["1733751823"],"rank_math_internal_links_processed":["1"],"_iwo_price_last_change":["a:4:{s:5:\"price\";s:0:\"\";s:10:\"price_sale\";s:0:\"\";s:19:\"price_including_tax\";d:145;s:9:\"timestamp\";i:1734260945;}"],"_edit_lock":["1772717062:2"],"rank_math_seo_score":["16"],"_edit_last":["2"],"tabela_rozmiarow":[""],"_tabela_rozmiarow":["field_67a2094c6aa58"],"_pys_head_footer":["a:7:{s:14:\"disable_global\";b:0;s:8:\"head_any\";s:0:\"\";s:12:\"head_desktop\";s:0:\"\";s:11:\"head_mobile\";s:0:\"\";s:10:\"footer_any\";s:0:\"\";s:14:\"footer_desktop\";s:0:\"\";s:13:\"footer_mobile\";s:0:\"\";}"],"site-sidebar-layout":["default"],"ast-site-content-layout":["default"],"site-content-style":["default"],"site-sidebar-style":["default"],"theme-transparent-header-meta":["default"],"astra-migrate-meta-layouts":["set"],"stick-header-meta":["default"],"_price":["155.00"]},"uagb_featured_image_src":{"full":["https:\/\/golden-group.eu\/wp-content\/uploads\/2024\/09\/1da778e2-abb4-4087-ab24-8e651522fa05.webp",1024,1024,false],"thumbnail":["https:\/\/golden-group.eu\/wp-content\/uploads\/2024\/09\/1da778e2-abb4-4087-ab24-8e651522fa05.webp",96,96,false],"medium":["https:\/\/golden-group.eu\/wp-content\/uploads\/2024\/09\/1da778e2-abb4-4087-ab24-8e651522fa05.webp",1024,1024,false],"medium_large":["https:\/\/golden-group.eu\/wp-content\/uploads\/2024\/09\/1da778e2-abb4-4087-ab24-8e651522fa05-768x768.webp",768,768,true],"large":["https:\/\/golden-group.eu\/wp-content\/uploads\/2024\/09\/1da778e2-abb4-4087-ab24-8e651522fa05.webp",1024,1024,false],"1536x1536":["https:\/\/golden-group.eu\/wp-content\/uploads\/2024\/09\/1da778e2-abb4-4087-ab24-8e651522fa05.webp",1024,1024,false],"2048x2048":["https:\/\/golden-group.eu\/wp-content\/uploads\/2024\/09\/1da778e2-abb4-4087-ab24-8e651522fa05.webp",1024,1024,false],"trp-custom-language-flag":["https:\/\/golden-group.eu\/wp-content\/uploads\/2024\/09\/1da778e2-abb4-4087-ab24-8e651522fa05-12x12.webp",12,12,true],"mailpoet_newsletter_max":["https:\/\/golden-group.eu\/wp-content\/uploads\/2024\/09\/1da778e2-abb4-4087-ab24-8e651522fa05.webp",1024,1024,false],"woocommerce_thumbnail":["https:\/\/golden-group.eu\/wp-content\/uploads\/2024\/09\/1da778e2-abb4-4087-ab24-8e651522fa05-800x800.webp",800,800,true],"woocommerce_single":["https:\/\/golden-group.eu\/wp-content\/uploads\/2024\/09\/1da778e2-abb4-4087-ab24-8e651522fa05.webp",1024,1024,false],"woocommerce_gallery_thumbnail":["https:\/\/golden-group.eu\/wp-content\/uploads\/2024\/09\/1da778e2-abb4-4087-ab24-8e651522fa05-250x250.webp",250,250,true]},"uagb_author_info":{"display_name":"netmonster","author_link":"https:\/\/golden-group.eu\/en\/author\/"},"uagb_comment_info":0,"uagb_excerpt":"PODUCHA OGRODOWA WYPE\u0141NIONA GRANULATEM PIANKOWYM\u00a0 KOLOR WYBIERZ Z WZORNIKA KOLOR\u00d3W PONI\u017bEJ WYMIARY: 120cm\/40cm WYSOKIEJ JAKO\u015a\u0106I PODUCHA OGRODOWA NA MEBLE Z PALET: Produkt wykonany jest z trwa\u0142ej i odpornej na przetarcia tkaniny poliestrowej oraz pianki poliuretanowej. Tkanina posiada certyfikat PN-EN 71-3; 2013 i OEKO-TEX Kolory mog\u0105 nieznacznie si\u0119 r\u00f3\u017cni\u0107. Wszystko zale\u017cy od indywidualnego ustawienia monitora Tkanina&hellip;","_links":{"self":[{"href":"https:\/\/golden-group.eu\/en\/wp-json\/wp\/v2\/product\/478","targetHints":{"allow":["GET"]}}],"collection":[{"href":"https:\/\/golden-group.eu\/en\/wp-json\/wp\/v2\/product"}],"about":[{"href":"https:\/\/golden-group.eu\/en\/wp-json\/wp\/v2\/types\/product"}],"replies":[{"embeddable":true,"href":"https:\/\/golden-group.eu\/en\/wp-json\/wp\/v2\/comments?post=478"}],"wp:featuredmedia":[{"embeddable":true,"href":"https:\/\/golden-group.eu\/en\/wp-json\/wp\/v2\/media\/67323"}],"wp:attachment":[{"href":"https:\/\/golden-group.eu\/en\/wp-json\/wp\/v2\/media?parent=478"}],"wp:term":[{"taxonomy":"product_brand","embeddable":true,"href":"https:\/\/golden-group.eu\/en\/wp-json\/wp\/v2\/product_brand?post=478"},{"taxonomy":"product_cat","embeddable":true,"href":"https:\/\/golden-group.eu\/en\/wp-json\/wp\/v2\/product_cat?post=478"},{"taxonomy":"product_tag","embeddable":true,"href":"https:\/\/golden-group.eu\/en\/wp-json\/wp\/v2\/product_tag?post=478"}],"curies":[{"name":"wp","href":"https:\/\/api.w.org\/{rel}","templated":true}]}}