{"id":509,"date":"2024-09-20T20:24:08","date_gmt":"2024-09-20T18:24:08","guid":{"rendered":"https:\/\/golden-group.pl\/?post_type=product&#038;p=509"},"modified":"2026-03-02T15:12:34","modified_gmt":"2026-03-02T14:12:34","slug":"tipi-dla-psa-zlote-lapki","status":"publish","type":"product","link":"https:\/\/golden-group.eu\/en\/product\/tipi-dla-psa-zlote-lapki\/","title":{"rendered":"Tipi for dogs golden paws"},"content":{"rendered":"<div class=\"mpof_ki myre_zn myre_8v_l _0d3bd_YrWCD\">\n<div class=\"mp4t_16_s mryx_16_s mr3m_1 mli2_1 mh85_56 mh85_0_l\">\n<div class=\"mgn2_16 _0d3bd_5pK0q\">\n<p><b>Description<\/b><\/p>\n<p>The Tipi bed will be the perfect place for your pet to rest. Your dog or cat will love their bed, in an unusual shape.<\/p>\n<p>The tipi is a bed made of the highest quality waterproof polyester. It is equipped with a comfortable cushion that can be removed.<\/p>\n<p>The cushion is filled with polyurethane foam. Nice and fluffy, which does not deform under the weight of the animal. The foam provides good air circulation. The cover is made of a nice, blanket fabric.<\/p>\n<p><strong>The set includes:<\/strong><\/p>\n<p>-tent + base<\/p>\n<p>-beech frame, 4 sticks<\/p>\n<p>-soft cushion with removable cover<\/p>\n<p>- 2 bone mascots<\/p>\n<p>-ribbon for tying sticks<\/p>\n<p><b>Material:<\/b><\/p>\n<p>-tent: high quality waterproof polyester<\/p>\n<p>-the cushion is filled with polyurethane foam. Nice and fluffy, which does not deform under the weight of the animal<\/p>\n<p>-pillow: blanket fabric<\/p>\n<p>The safety of the materials used and the filling of our beds is confirmed by the Oeko Tex Standard 100 Certificate*.<\/p>\n<p>&nbsp;<\/p>\n<\/div>\n<p><strong>The M size tipi is designed for breeds such as:<\/strong><\/p>\n<p>Chihuahua, Yorkshire Terrier, Pomeranian (Miniature Spitz), Maltese, Shih Tzu<\/p>\n<p>Pug, Pekingese, Papillon, Bichon Frize, Cavalier King Charles Spaniel<\/p>\n<p><strong>The L size tipi is designed for breeds such as:<\/strong><\/p>\n<p>English Cocker Spaniel, Whippet, Basenji, Boston Terrier, Miniature Bull Terrier, Shetland Sheepdog (Sheltie), Pembroke Welsh Corgi, Jack Russell Terrier, Staffordshire Bull Terrier<\/p>\n<p>&nbsp;<\/p>\n<div class=\"mgn2_16 _0d3bd_5pK0q\">\n<p><b>Cleaning:<\/b><\/p>\n<p>-the tent and the pillow can be washed in a washing machine at 30\u00b0C using a small amount of mild detergent and spinning at low speed<\/p>\n<p>-you can clean it with a damp cloth and a mild detergent, do not scrub<\/p>\n<p>-the fur can be easily removed with a vacuum cleaner<\/p>\n<\/div>\n<\/div>\n<\/div>","protected":false},"excerpt":{"rendered":"<p>Opis Legowisko Tipi b\u0119dzie idealnym miejscem wypoczynku dla twojego pupila. Piesek lub kot pokocha swoje pos\u0142anie, w nietypowym kszta\u0142cie. Tipi to legowisko\u00a0 uszyte z najwy\u017cszej jako\u015bci poliestru wodoodpornego. Wyposa\u017cone jest w wygodn\u0105 poduch\u0119, kt\u00f3r\u0105 mo\u017cna wyjmowa\u0107. Poduch\u0119 wype\u0142niono piank\u0105 \u00a0poliuretanow\u0105. Mi\u0142\u0105 i puszyst\u0105 ,kt\u00f3ra nie odkszta\u0142ca si\u0119 pod ci\u0119\u017carem zwierz\u0119cia. Pianka\u00a0 zapewnia dobr\u0105 cyrkulacj\u0119 powietrza [&hellip;]<\/p>\n","protected":false},"featured_media":63545,"comment_status":"open","ping_status":"closed","template":"","meta":{"_acf_changed":false,"_uag_custom_page_level_css":"","site-sidebar-layout":"default","site-content-layout":"","ast-site-content-layout":"default","site-content-style":"default","site-sidebar-style":"default","ast-global-header-display":"","ast-banner-title-visibility":"","ast-main-header-display":"","ast-hfb-above-header-display":"","ast-hfb-below-header-display":"","ast-hfb-mobile-header-display":"","site-post-title":"","ast-breadcrumbs-content":"","ast-featured-img":"","footer-sml-layout":"","ast-disable-related-posts":"","theme-transparent-header-meta":"default","adv-header-id-meta":"","stick-header-meta":"default","header-above-stick-meta":"","header-main-stick-meta":"","header-below-stick-meta":"","astra-migrate-meta-layouts":"set","ast-page-background-enabled":"default","ast-page-background-meta":{"desktop":{"background-color":"","background-image":"","background-repeat":"repeat","background-position":"center center","background-size":"auto","background-attachment":"scroll","background-type":"","background-media":"","overlay-type":"","overlay-color":"","overlay-opacity":"","overlay-gradient":""},"tablet":{"background-color":"","background-image":"","background-repeat":"repeat","background-position":"center center","background-size":"auto","background-attachment":"scroll","background-type":"","background-media":"","overlay-type":"","overlay-color":"","overlay-opacity":"","overlay-gradient":""},"mobile":{"background-color":"","background-image":"","background-repeat":"repeat","background-position":"center center","background-size":"auto","background-attachment":"scroll","background-type":"","background-media":"","overlay-type":"","overlay-color":"","overlay-opacity":"","overlay-gradient":""}},"ast-content-background-meta":{"desktop":{"background-color":"var(--ast-global-color-5)","background-image":"","background-repeat":"repeat","background-position":"center center","background-size":"auto","background-attachment":"scroll","background-type":"","background-media":"","overlay-type":"","overlay-color":"","overlay-opacity":"","overlay-gradient":""},"tablet":{"background-color":"var(--ast-global-color-5)","background-image":"","background-repeat":"repeat","background-position":"center center","background-size":"auto","background-attachment":"scroll","background-type":"","background-media":"","overlay-type":"","overlay-color":"","overlay-opacity":"","overlay-gradient":""},"mobile":{"background-color":"var(--ast-global-color-5)","background-image":"","background-repeat":"repeat","background-position":"center center","background-size":"auto","background-attachment":"scroll","background-type":"","background-media":"","overlay-type":"","overlay-color":"","overlay-opacity":"","overlay-gradient":""}}},"product_brand":[359],"product_cat":[106],"product_tag":[],"class_list":{"0":"post-509","1":"product","2":"type-product","3":"status-publish","4":"has-post-thumbnail","6":"product_brand-golden-dog","7":"product_cat-tipi","8":"product_shipping_class-tipi-dla-psow","9":"desktop-align-center","10":"tablet-align-center","11":"mobile-align-center","12":"ast-product-gallery-layout-horizontal","13":"ast-product-single-variable","14":"ast-product-tabs-layout-accordion","16":"first","17":"instock","18":"taxable","19":"shipping-taxable","20":"purchasable","21":"product-type-variable","22":"add-to-wishlist-before_image"},"acf":[],"spectra_custom_meta":{"_sku":["5904533617641"],"total_sales":["6"],"_tax_status":["taxable"],"_tax_class":[""],"_manage_stock":["no"],"_backorders":["no"],"_sold_individually":["no"],"_virtual":["no"],"_downloadable":["no"],"_download_limit":["0"],"_download_expiry":["0"],"_stock":[null],"_stock_status":["instock"],"_wc_average_rating":["0"],"_wc_review_count":["0"],"_product_version":["10.5.2"],"_wp_old_slug":["import-placeholder-for-4598"],"_weight":["0"],"_thumbnail_id":["63545"],"_edit_lock":["1737448651:174"],"_product_attributes":["a:4:{s:8:\"pa_kolor\";a:6:{s:4:\"name\";s:8:\"pa_kolor\";s:5:\"value\";s:0:\"\";s:8:\"position\";i:0;s:10:\"is_visible\";i:1;s:12:\"is_variation\";i:0;s:11:\"is_taxonomy\";i:1;}s:10:\"pa_tkanina\";a:6:{s:4:\"name\";s:10:\"pa_tkanina\";s:5:\"value\";s:0:\"\";s:8:\"position\";i:1;s:10:\"is_visible\";i:1;s:12:\"is_variation\";i:0;s:11:\"is_taxonomy\";i:1;}s:4:\"wzor\";a:6:{s:4:\"name\";s:5:\"wz\u00f3r\";s:5:\"value\";s:13:\"z\u0142ote \u0142apki\";s:8:\"position\";i:2;s:10:\"is_visible\";i:1;s:12:\"is_variation\";i:0;s:11:\"is_taxonomy\";i:0;}s:10:\"pa_rozmiar\";a:6:{s:4:\"name\";s:10:\"pa_rozmiar\";s:5:\"value\";s:0:\"\";s:8:\"position\";i:3;s:10:\"is_visible\";i:1;s:12:\"is_variation\";i:1;s:11:\"is_taxonomy\";i:1;}}"],"_edit_last":["174"],"_iwo_price_last_change":["a:4:{s:5:\"price\";s:0:\"\";s:10:\"price_sale\";s:0:\"\";s:19:\"price_including_tax\";d:220;s:9:\"timestamp\";i:1734091152;}"],"_product_image_gallery":["6416,6417,48026"],"site-sidebar-layout":["default"],"ast-site-content-layout":["default"],"site-content-style":["default"],"site-sidebar-style":["default"],"theme-transparent-header-meta":["default"],"stick-header-meta":["default"],"astra_style_timestamp_css":["1733745088"],"rank_math_seo_score":["10"],"_iwo_price_log":["a:4:{s:5:\"price\";s:0:\"\";s:10:\"price_sale\";s:0:\"\";s:19:\"price_including_tax\";d:220;s:9:\"timestamp\";i:1734091152;}"],"rank_math_internal_links_processed":["1"],"rank_math_primary_product_cat":["0"],"rank_math_primary_product_brand":["0"],"astra-migrate-meta-layouts":["set"],"_price":["220","300"],"_uag_page_assets":["a:9:{s:3:\"css\";s:10439:\".uagb-block-0871d717.wp-block-uagb-image{text-align: left;justify-content: flex-start;align-self: flex-start;}.uagb-block-0871d717 .wp-block-uagb-image__figure{align-items: flex-start;}.uagb-block-0871d717.wp-block-uagb-image--layout-default figure img{box-shadow: 0px 0px 0 #00000070;}.uagb-block-0871d717.wp-block-uagb-image .wp-block-uagb-image__figure figcaption{font-style: normal;align-self: center;}.uagb-block-0871d717.wp-block-uagb-image--layout-overlay figure img{box-shadow: 0px 0px 0 #00000070;}.uagb-block-0871d717.wp-block-uagb-image--layout-overlay .wp-block-uagb-image--layout-overlay__color-wrapper{opacity: 0.2;}.uagb-block-0871d717.wp-block-uagb-image--layout-overlay .wp-block-uagb-image--layout-overlay__inner{left: 15px;right: 15px;top: 15px;bottom: 15px;}.uagb-block-0871d717.wp-block-uagb-image--layout-overlay .wp-block-uagb-image--layout-overlay__inner .uagb-image-heading{font-style: normal;color: #fff;opacity: 1;}.uagb-block-0871d717.wp-block-uagb-image--layout-overlay .wp-block-uagb-image--layout-overlay__inner .uagb-image-heading a{color: #fff;}.uagb-block-0871d717.wp-block-uagb-image--layout-overlay .wp-block-uagb-image--layout-overlay__inner .uagb-image-caption{opacity: 0;}.uagb-block-0871d717.wp-block-uagb-image--layout-overlay .wp-block-uagb-image__figure:hover .wp-block-uagb-image--layout-overlay__color-wrapper{opacity: 1;}.uagb-block-0871d717.wp-block-uagb-image .wp-block-uagb-image--layout-overlay__inner .uagb-image-separator{width: 30%;border-top-width: 2px;border-top-color: #fff;opacity: 0;}.uagb-block-0871d717.wp-block-uagb-image .wp-block-uagb-image__figure img{width: 91px;height: auto;}.uagb-block-0871d717.wp-block-uagb-image .wp-block-uagb-image__figure:hover .wp-block-uagb-image--layout-overlay__inner .uagb-image-caption{opacity: 1;}.uagb-block-0871d717.wp-block-uagb-image .wp-block-uagb-image__figure:hover .wp-block-uagb-image--layout-overlay__inner .uagb-image-separator{opacity: 1;}.uagb-block-0871d717.wp-block-uagb-image--layout-default figure:hover img{box-shadow: 0px 0px 0 #00000070;}.uagb-block-0871d717.wp-block-uagb-image--layout-overlay figure:hover img{box-shadow: 0px 0px 0 #00000070;}@media only screen and (max-width: 976px) {.uagb-block-0871d717.wp-block-uagb-image .wp-block-uagb-image__figure img{width: 91px;height: auto;}}@media only screen and (max-width: 767px) {.uagb-block-0871d717.wp-block-uagb-image .wp-block-uagb-image__figure img{width: 91px;height: auto;}} .uagb-block-36e55f8d.uagb-icon-wrapper{text-align: center;} .uagb-block-36e55f8d.uagb-icon-wrapper .uagb-svg-wrapper a{display: contents;} .uagb-block-36e55f8d.uagb-icon-wrapper svg{width: 20px;height: 20px;transform: rotate(0deg);box-sizing: content-box;fill: #333;filter: drop-shadow( 0px 0px 0px #00000070 );} .uagb-block-36e55f8d.uagb-icon-wrapper .uagb-svg-wrapper{display: inline-flex;padding-top: 0px;padding-right: 0px;padding-bottom: 0px;padding-left: 0px;border-style: default;box-shadow: 0px 0px 0 #00000070 ;} .uagb-block-36e55f8d.uagb-icon-wrapper .uagb-svg-wrapper:hover{box-shadow: 0px 0px 0 #00000070 ;} .uagb-block-36e55f8d.uagb-icon-wrapper .uagb-svg-wrapper:focus-visible{box-shadow: 0px 0px 0 #00000070 ;} .uagb-block-36e55f8d.uagb-icon-wrapper.wp-block-uagb-icon--has-margin .uagb-icon-margin-wrapper{margin-top: 0px;margin-right: 0px;margin-bottom: 0px;margin-left: 0px;}@media only screen and (max-width: 976px) { .uagb-block-36e55f8d.uagb-icon-wrapper .uagb-svg-wrapper{display: inline-flex;}}@media only screen and (max-width: 767px) { .uagb-block-36e55f8d.uagb-icon-wrapper .uagb-svg-wrapper{display: inline-flex;} .uagb-block-36e55f8d.uagb-icon-wrapper.wp-block-uagb-icon--has-margin .uagb-icon-margin-wrapper{margin-top: 0px;margin-right: 0px;margin-bottom: 0px;margin-left: 0px;}}.wp-block-uagb-advanced-heading.uagb-block-b31b8376.wp-block-uagb-advanced-heading .uagb-heading-text{color: #ffffff;}.wp-block-uagb-advanced-heading.uagb-block-b31b8376.wp-block-uagb-advanced-heading a{color: #ffffff;}.wp-block-uagb-advanced-heading.uagb-block-b31b8376.wp-block-uagb-advanced-heading a:hover{color: #d6d6d6;}.wp-block-uagb-advanced-heading.uagb-block-b31b8376.wp-block-uagb-advanced-heading .uagb-desc-text{color: #ffffff;margin-bottom: 15px;}.wp-block-uagb-advanced-heading.uagb-block-b31b8376.wp-block-uagb-advanced-heading .uagb-highlight{font-style: normal;font-weight: Default;background: #007cba;color: #fff;-webkit-text-fill-color: #fff;}.wp-block-uagb-advanced-heading.uagb-block-b31b8376.wp-block-uagb-advanced-heading .uagb-highlight::-moz-selection{color: #fff;background: #007cba;-webkit-text-fill-color: #fff;}.wp-block-uagb-advanced-heading.uagb-block-b31b8376.wp-block-uagb-advanced-heading .uagb-highlight::selection{color: #fff;background: #007cba;-webkit-text-fill-color: #fff;}.wp-block-uagb-advanced-heading.uagb-block-b31b8376 .uagb-heading-text{font-weight: 400;font-size: 21px;margin-bottom: 15px;}@media only screen and (max-width: 767px) {.wp-block-uagb-advanced-heading.uagb-block-b31b8376.wp-block-uagb-advanced-heading {text-align: left;}}.wp-block-uagb-advanced-heading.uagb-block-ad29589e.wp-block-uagb-advanced-heading .uagb-desc-text{margin-bottom: 15px;}.wp-block-uagb-advanced-heading.uagb-block-ad29589e.wp-block-uagb-advanced-heading .uagb-highlight{font-style: normal;font-weight: Default;background: #007cba;color: #fff;-webkit-text-fill-color: #fff;}.wp-block-uagb-advanced-heading.uagb-block-ad29589e.wp-block-uagb-advanced-heading .uagb-highlight::-moz-selection{color: #fff;background: #007cba;-webkit-text-fill-color: #fff;}.wp-block-uagb-advanced-heading.uagb-block-ad29589e.wp-block-uagb-advanced-heading .uagb-highlight::selection{color: #fff;background: #007cba;-webkit-text-fill-color: #fff;}.uagb-block-0a5196e9.wp-block-uagb-image{text-align: left;justify-content: flex-start;align-self: flex-start;}.uagb-block-0a5196e9 .wp-block-uagb-image__figure{align-items: flex-start;}.uagb-block-0a5196e9.wp-block-uagb-image--layout-default figure img{box-shadow: 0px 0px 0 #00000070;}.uagb-block-0a5196e9.wp-block-uagb-image .wp-block-uagb-image__figure figcaption{font-style: normal;align-self: center;}.uagb-block-0a5196e9.wp-block-uagb-image--layout-overlay figure img{box-shadow: 0px 0px 0 #00000070;}.uagb-block-0a5196e9.wp-block-uagb-image--layout-overlay .wp-block-uagb-image--layout-overlay__color-wrapper{opacity: 0.2;}.uagb-block-0a5196e9.wp-block-uagb-image--layout-overlay .wp-block-uagb-image--layout-overlay__inner{left: 15px;right: 15px;top: 15px;bottom: 15px;}.uagb-block-0a5196e9.wp-block-uagb-image--layout-overlay .wp-block-uagb-image--layout-overlay__inner .uagb-image-heading{font-style: normal;color: #fff;opacity: 1;}.uagb-block-0a5196e9.wp-block-uagb-image--layout-overlay .wp-block-uagb-image--layout-overlay__inner .uagb-image-heading a{color: #fff;}.uagb-block-0a5196e9.wp-block-uagb-image--layout-overlay .wp-block-uagb-image--layout-overlay__inner .uagb-image-caption{opacity: 0;}.uagb-block-0a5196e9.wp-block-uagb-image--layout-overlay .wp-block-uagb-image__figure:hover .wp-block-uagb-image--layout-overlay__color-wrapper{opacity: 1;}.uagb-block-0a5196e9.wp-block-uagb-image .wp-block-uagb-image--layout-overlay__inner .uagb-image-separator{width: 30%;border-top-width: 2px;border-top-color: #fff;opacity: 0;}.uagb-block-0a5196e9.wp-block-uagb-image .wp-block-uagb-image__figure img{width: 130px;height: auto;}.uagb-block-0a5196e9.wp-block-uagb-image .wp-block-uagb-image__figure:hover .wp-block-uagb-image--layout-overlay__inner .uagb-image-caption{opacity: 1;}.uagb-block-0a5196e9.wp-block-uagb-image .wp-block-uagb-image__figure:hover .wp-block-uagb-image--layout-overlay__inner .uagb-image-separator{opacity: 1;}.uagb-block-0a5196e9.wp-block-uagb-image--layout-default figure:hover img{box-shadow: 0px 0px 0 #00000070;}.uagb-block-0a5196e9.wp-block-uagb-image--layout-overlay figure:hover img{box-shadow: 0px 0px 0 #00000070;}@media only screen and (max-width: 976px) {.uagb-block-0a5196e9.wp-block-uagb-image .wp-block-uagb-image__figure img{width: 130px;height: auto;}}@media only screen and (max-width: 767px) {.uagb-block-0a5196e9.wp-block-uagb-image .wp-block-uagb-image__figure img{width: 130px;height: auto;}}.uagb-block-27431b2e.wp-block-uagb-image--layout-default figure img{box-shadow: 0px 0px 0 #00000070;}.uagb-block-27431b2e.wp-block-uagb-image .wp-block-uagb-image__figure figcaption{font-style: normal;align-self: center;}.uagb-block-27431b2e.wp-block-uagb-image--layout-overlay figure img{box-shadow: 0px 0px 0 #00000070;}.uagb-block-27431b2e.wp-block-uagb-image--layout-overlay .wp-block-uagb-image--layout-overlay__color-wrapper{opacity: 0.2;}.uagb-block-27431b2e.wp-block-uagb-image--layout-overlay .wp-block-uagb-image--layout-overlay__inner{left: 15px;right: 15px;top: 15px;bottom: 15px;}.uagb-block-27431b2e.wp-block-uagb-image--layout-overlay .wp-block-uagb-image--layout-overlay__inner .uagb-image-heading{font-style: normal;color: #fff;opacity: 1;}.uagb-block-27431b2e.wp-block-uagb-image--layout-overlay .wp-block-uagb-image--layout-overlay__inner .uagb-image-heading a{color: #fff;}.uagb-block-27431b2e.wp-block-uagb-image--layout-overlay .wp-block-uagb-image--layout-overlay__inner .uagb-image-caption{opacity: 0;}.uagb-block-27431b2e.wp-block-uagb-image--layout-overlay .wp-block-uagb-image__figure:hover .wp-block-uagb-image--layout-overlay__color-wrapper{opacity: 1;}.uagb-block-27431b2e.wp-block-uagb-image .wp-block-uagb-image--layout-overlay__inner .uagb-image-separator{width: 30%;border-top-width: 2px;border-top-color: #fff;opacity: 0;}.uagb-block-27431b2e.wp-block-uagb-image .wp-block-uagb-image__figure img{width: 291px;height: auto;}.uagb-block-27431b2e.wp-block-uagb-image .wp-block-uagb-image__figure:hover .wp-block-uagb-image--layout-overlay__inner .uagb-image-caption{opacity: 1;}.uagb-block-27431b2e.wp-block-uagb-image .wp-block-uagb-image__figure:hover .wp-block-uagb-image--layout-overlay__inner .uagb-image-separator{opacity: 1;}.uagb-block-27431b2e.wp-block-uagb-image--layout-default figure:hover img{box-shadow: 0px 0px 0 #00000070;}.uagb-block-27431b2e.wp-block-uagb-image--layout-overlay figure:hover img{box-shadow: 0px 0px 0 #00000070;}@media only screen and (max-width: 976px) {.uagb-block-27431b2e.wp-block-uagb-image .wp-block-uagb-image__figure img{width: 291px;height: auto;}}@media only screen and (max-width: 767px) {.uagb-block-27431b2e.wp-block-uagb-image .wp-block-uagb-image__figure img{width: 291px;height: auto;}}\";s:2:\"js\";s:575:\"document.addEventListener(\"DOMContentLoaded\", function(){ \t\t\t\twindow.addEventListener( 'DOMContentLoaded', () => {\n\t\t\t\t\tconst blockScope = document.querySelector( '.uagb-block-36e55f8d' );\n\t\t\t\t\tif ( ! blockScope ) {\n\t\t\t\t\t\treturn;\n\t\t\t\t\t}\n\n\t\t\t\t\tconst anchorElement = blockScope.querySelector('a');\n\t\t\t\t\tif (!anchorElement) {\n\t\t\t\t\t\treturn;\n\t\t\t\t\t} \n\n\t\t\t\t\t \n\t\t\t\t\tblockScope.addEventListener('keydown', (event) => {\n\t\t\t\t\t\tif ( 13 === event.keyCode || 32 === event.keyCode ) {\n\t\t\t\t\t\t\tevent.preventDefault();\n\t\t\t\t\t\t\t \n\t\t\t\t\t\t\tanchorElement.click();\t\n\t\t\t\t\t\t}\n\t\t\t\t\t} );\n\t\t\t\t} );\n\t\t\t });\";s:18:\"current_block_list\";a:12:{i:0;s:10:\"uagb\/image\";i:1;s:14:\"core\/paragraph\";i:2;s:9:\"uagb\/icon\";i:3;s:21:\"uagb\/advanced-heading\";i:4;s:12:\"core\/buttons\";i:5;s:11:\"core\/button\";i:6;s:21:\"trp\/language-switcher\";i:7;s:26:\"woocommerce\/filter-wrapper\";i:8;s:12:\"core\/heading\";i:9;s:28:\"woocommerce\/attribute-filter\";i:10;s:24:\"woocommerce\/stock-filter\";i:11;s:24:\"woocommerce\/price-filter\";}s:8:\"uag_flag\";b:1;s:11:\"uag_version\";i:1776547820;s:6:\"gfonts\";a:0:{}s:10:\"gfonts_url\";s:0:\"\";s:12:\"gfonts_files\";a:0:{}s:14:\"uag_faq_layout\";b:0;}"]},"uagb_featured_image_src":{"full":["https:\/\/golden-group.eu\/wp-content\/uploads\/2024\/10\/Tipi-zlote-lapki.webp",1024,1024,false],"thumbnail":["https:\/\/golden-group.eu\/wp-content\/uploads\/2024\/10\/Tipi-zlote-lapki.webp",96,96,false],"medium":["https:\/\/golden-group.eu\/wp-content\/uploads\/2024\/10\/Tipi-zlote-lapki.webp",1024,1024,false],"medium_large":["https:\/\/golden-group.eu\/wp-content\/uploads\/2024\/10\/Tipi-zlote-lapki-768x768.webp",768,768,true],"large":["https:\/\/golden-group.eu\/wp-content\/uploads\/2024\/10\/Tipi-zlote-lapki.webp",1024,1024,false],"1536x1536":["https:\/\/golden-group.eu\/wp-content\/uploads\/2024\/10\/Tipi-zlote-lapki.webp",1024,1024,false],"2048x2048":["https:\/\/golden-group.eu\/wp-content\/uploads\/2024\/10\/Tipi-zlote-lapki.webp",1024,1024,false],"trp-custom-language-flag":["https:\/\/golden-group.eu\/wp-content\/uploads\/2024\/10\/Tipi-zlote-lapki-12x12.webp",12,12,true],"mailpoet_newsletter_max":["https:\/\/golden-group.eu\/wp-content\/uploads\/2024\/10\/Tipi-zlote-lapki.webp",1024,1024,false],"woocommerce_thumbnail":["https:\/\/golden-group.eu\/wp-content\/uploads\/2024\/10\/Tipi-zlote-lapki-800x800.webp",800,800,true],"woocommerce_single":["https:\/\/golden-group.eu\/wp-content\/uploads\/2024\/10\/Tipi-zlote-lapki.webp",1024,1024,false],"woocommerce_gallery_thumbnail":["https:\/\/golden-group.eu\/wp-content\/uploads\/2024\/10\/Tipi-zlote-lapki-250x250.webp",250,250,true]},"uagb_author_info":{"display_name":"netmonster","author_link":"https:\/\/golden-group.eu\/en\/author\/"},"uagb_comment_info":0,"uagb_excerpt":"Opis Legowisko Tipi b\u0119dzie idealnym miejscem wypoczynku dla twojego pupila. Piesek lub kot pokocha swoje pos\u0142anie, w nietypowym kszta\u0142cie. Tipi to legowisko\u00a0 uszyte z najwy\u017cszej jako\u015bci poliestru wodoodpornego. Wyposa\u017cone jest w wygodn\u0105 poduch\u0119, kt\u00f3r\u0105 mo\u017cna wyjmowa\u0107. Poduch\u0119 wype\u0142niono piank\u0105 \u00a0poliuretanow\u0105. Mi\u0142\u0105 i puszyst\u0105 ,kt\u00f3ra nie odkszta\u0142ca si\u0119 pod ci\u0119\u017carem zwierz\u0119cia. Pianka\u00a0 zapewnia dobr\u0105 cyrkulacj\u0119 powietrza&hellip;","_links":{"self":[{"href":"https:\/\/golden-group.eu\/en\/wp-json\/wp\/v2\/product\/509","targetHints":{"allow":["GET"]}}],"collection":[{"href":"https:\/\/golden-group.eu\/en\/wp-json\/wp\/v2\/product"}],"about":[{"href":"https:\/\/golden-group.eu\/en\/wp-json\/wp\/v2\/types\/product"}],"replies":[{"embeddable":true,"href":"https:\/\/golden-group.eu\/en\/wp-json\/wp\/v2\/comments?post=509"}],"wp:featuredmedia":[{"embeddable":true,"href":"https:\/\/golden-group.eu\/en\/wp-json\/wp\/v2\/media\/63545"}],"wp:attachment":[{"href":"https:\/\/golden-group.eu\/en\/wp-json\/wp\/v2\/media?parent=509"}],"wp:term":[{"taxonomy":"product_brand","embeddable":true,"href":"https:\/\/golden-group.eu\/en\/wp-json\/wp\/v2\/product_brand?post=509"},{"taxonomy":"product_cat","embeddable":true,"href":"https:\/\/golden-group.eu\/en\/wp-json\/wp\/v2\/product_cat?post=509"},{"taxonomy":"product_tag","embeddable":true,"href":"https:\/\/golden-group.eu\/en\/wp-json\/wp\/v2\/product_tag?post=509"}],"curies":[{"name":"wp","href":"https:\/\/api.w.org\/{rel}","templated":true}]}}