{"id":5552,"date":"2024-10-15T22:19:44","date_gmt":"2024-10-15T20:19:44","guid":{"rendered":"https:\/\/golden-group.pl\/?post_type=product&#038;p=5552"},"modified":"2026-03-02T15:37:42","modified_gmt":"2026-03-02T14:37:42","slug":"basen-z-kulkami-90x90-pastelowe-liscie-boucle","status":"publish","type":"product","link":"https:\/\/golden-group.eu\/en\/product\/basen-z-kulkami-90x90-pastelowe-liscie-boucle\/","title":{"rendered":"Ball pit 90\u00d790 &quot;Pastel Boucle Leaves&quot; + pillow"},"content":{"rendered":"<h2>Basen z kulkami 90&#215;90 &#8222;Pastelowe Li\u015bcie Boucle&#8221;<\/h2>\n<h3>Give your child unforgettable moments of joy!<\/h3>\n<p>The Golden Kids dry ball pool is the perfect solution for parents looking for a safe and engaging form of play for their children. Thanks to its durable construction and attractive form, such a pool will provide plenty of fun for years. The pool is suitable for use both indoors and outdoors.<\/p>\n<h3>Unique Boucle fabric<\/h3>\n<p>The interior of the pool is made of Boucle fabric. Boucle is a luxurious fabric that stands out for its softness and delicate, looped structure, ideal for creating products for children. Thanks to its unique texture, it is extremely cozy and warm, providing comfort to children even on colder days. It is airy and breathable, which makes it perfect for blankets, clothes and decorations for a child&#039;s room. Additionally, boucle is durable, yet gentle for the child&#039;s sensitive skin, ensuring safety and long-term use. The pool cover is made of durable polyester printed in patterns, which makes it resistant to damage and easy to clean, and the unique patterns give it a modern and attractive look.<\/p>\n<h3>Filling<\/h3>\n<p>The pool is filled with high-density polyurethane foam, which provides stability and resistance to deformation. It is also surprisingly soft, which makes the pool very comfortable for the child.<\/p>\n<h3>A swimming pool tailored to you<\/h3>\n<p>We offer the possibility of individual selection of ball colors - decide for yourself what colors will fill your pool. Choose from a wide range of colors that can be freely combined to match the pool to your interior. Thanks to this option, each pool will become unique and perfectly suited to your needs.<\/p>\n<h3>Easy care<\/h3>\n<p>Stains and dirt should be removed using a soft sponge and mild cleaning agents. Alternatively, thanks to the zipper, the pool cover can be removed and washed in the washing machine at a maximum of 30\u00b0C. NOTE: Do not use aggressive chemicals containing solvents and bleaches.<\/p>\n<h3>Made In Poland<\/h3>\n<p>All Golden Group products are manufactured in Poland from the highest quality materials. Every day we make every effort to provide you with the highest quality goods.<\/p>","protected":false},"excerpt":{"rendered":"<p>Basen z kulkami 90&#215;90 &#8222;Pastelowe Li\u015bcie Boucle&#8221; Zapewnij swojemu dziecku niezapomniane chwile rado\u015bci! Suchy basen z kulkami Golden Kids to idealne rozwi\u0105zanie dla rodzic\u00f3w poszukuj\u0105cych bezpiecznej i anga\u017cuj\u0105cej formy zabawy dla swoich dzieci. Dzi\u0119ki wytrzyma\u0142ej konstrukcji i atrakcyjnej formie, taki basen zapewni mn\u00f3stwo zabawy na lata. Basen nadaje si\u0119 do u\u017cytkowania zar\u00f3wno w domu jak [&hellip;]<\/p>\n","protected":false},"featured_media":5562,"comment_status":"open","ping_status":"closed","template":"","meta":{"_acf_changed":false,"_uag_custom_page_level_css":"","site-sidebar-layout":"default","site-content-layout":"","ast-site-content-layout":"default","site-content-style":"default","site-sidebar-style":"default","ast-global-header-display":"","ast-banner-title-visibility":"","ast-main-header-display":"","ast-hfb-above-header-display":"","ast-hfb-below-header-display":"","ast-hfb-mobile-header-display":"","site-post-title":"","ast-breadcrumbs-content":"","ast-featured-img":"","footer-sml-layout":"","ast-disable-related-posts":"","theme-transparent-header-meta":"default","adv-header-id-meta":"","stick-header-meta":"default","header-above-stick-meta":"","header-main-stick-meta":"","header-below-stick-meta":"","astra-migrate-meta-layouts":"set","ast-page-background-enabled":"default","ast-page-background-meta":{"desktop":{"background-color":"","background-image":"","background-repeat":"repeat","background-position":"center center","background-size":"auto","background-attachment":"scroll","background-type":"","background-media":"","overlay-type":"","overlay-color":"","overlay-opacity":"","overlay-gradient":""},"tablet":{"background-color":"","background-image":"","background-repeat":"repeat","background-position":"center center","background-size":"auto","background-attachment":"scroll","background-type":"","background-media":"","overlay-type":"","overlay-color":"","overlay-opacity":"","overlay-gradient":""},"mobile":{"background-color":"","background-image":"","background-repeat":"repeat","background-position":"center center","background-size":"auto","background-attachment":"scroll","background-type":"","background-media":"","overlay-type":"","overlay-color":"","overlay-opacity":"","overlay-gradient":""}},"ast-content-background-meta":{"desktop":{"background-color":"var(--ast-global-color-5)","background-image":"","background-repeat":"repeat","background-position":"center center","background-size":"auto","background-attachment":"scroll","background-type":"","background-media":"","overlay-type":"","overlay-color":"","overlay-opacity":"","overlay-gradient":""},"tablet":{"background-color":"var(--ast-global-color-5)","background-image":"","background-repeat":"repeat","background-position":"center center","background-size":"auto","background-attachment":"scroll","background-type":"","background-media":"","overlay-type":"","overlay-color":"","overlay-opacity":"","overlay-gradient":""},"mobile":{"background-color":"var(--ast-global-color-5)","background-image":"","background-repeat":"repeat","background-position":"center center","background-size":"auto","background-attachment":"scroll","background-type":"","background-media":"","overlay-type":"","overlay-color":"","overlay-opacity":"","overlay-gradient":""}}},"product_brand":[360],"product_cat":[83],"product_tag":[],"class_list":{"0":"post-5552","1":"product","2":"type-product","3":"status-publish","4":"has-post-thumbnail","6":"product_brand-golden-kids","7":"product_cat-baseny-z-pileczkami","8":"product_shipping_class-baseny-90-90-40-0-100-200-300-pilek","9":"desktop-align-center","10":"tablet-align-center","11":"mobile-align-center","12":"ast-product-gallery-layout-horizontal","13":"ast-product-single-variable","14":"ast-product-tabs-layout-accordion","16":"first","17":"instock","18":"taxable","19":"shipping-taxable","20":"purchasable","21":"product-type-variable","22":"add-to-wishlist-before_image"},"acf":[],"spectra_custom_meta":{"total_sales":["2"],"_tax_status":["taxable"],"_tax_class":[""],"_manage_stock":["no"],"_backorders":["no"],"_sold_individually":["no"],"_virtual":["no"],"_downloadable":["no"],"_product_image_gallery":["5605,5561,5562,5563,5564,5565,5566,5567,5568,5569,5570,5571"],"_download_limit":["0"],"_download_expiry":["0"],"_thumbnail_id":["5562"],"_stock":[null],"_stock_status":["instock"],"_wc_average_rating":["0"],"_wc_review_count":["0"],"_product_attributes":["a:8:{s:14:\"pa_ilosc-pilek\";a:6:{s:4:\"name\";s:14:\"pa_ilosc-pilek\";s:5:\"value\";s:0:\"\";s:8:\"position\";i:1;s:10:\"is_visible\";i:0;s:12:\"is_variation\";i:1;s:11:\"is_taxonomy\";i:1;}s:10:\"pa_ksztalt\";a:6:{s:4:\"name\";s:10:\"pa_ksztalt\";s:5:\"value\";s:0:\"\";s:8:\"position\";i:2;s:10:\"is_visible\";i:1;s:12:\"is_variation\";i:0;s:11:\"is_taxonomy\";i:1;}s:8:\"wysokosc\";a:6:{s:4:\"name\";s:10:\"Wysoko\u015b\u0107\";s:5:\"value\";s:5:\"40 cm\";s:8:\"position\";i:3;s:10:\"is_visible\";i:1;s:12:\"is_variation\";i:0;s:11:\"is_taxonomy\";i:0;}s:15:\"grubosc-scianki\";a:6:{s:4:\"name\";s:18:\"Grubo\u015b\u0107 \u015bcianki\";s:5:\"value\";s:4:\"6 cm\";s:8:\"position\";i:4;s:10:\"is_visible\";i:1;s:12:\"is_variation\";i:0;s:11:\"is_taxonomy\";i:0;}s:11:\"grubosc-dna\";a:6:{s:4:\"name\";s:13:\"Grubo\u015b\u0107 dna\";s:5:\"value\";s:4:\"2 cm\";s:8:\"position\";i:5;s:10:\"is_visible\";i:1;s:12:\"is_variation\";i:0;s:11:\"is_taxonomy\";i:0;}s:17:\"srednica-pileczki\";a:6:{s:4:\"name\";s:19:\"\u015arednica pi\u0142eczki\";s:5:\"value\";s:4:\"7 cm\";s:8:\"position\";i:6;s:10:\"is_visible\";i:1;s:12:\"is_variation\";i:0;s:11:\"is_taxonomy\";i:0;}s:10:\"pa_tkanina\";a:6:{s:4:\"name\";s:10:\"pa_tkanina\";s:5:\"value\";s:0:\"\";s:8:\"position\";i:7;s:10:\"is_visible\";i:1;s:12:\"is_variation\";i:0;s:11:\"is_taxonomy\";i:1;}s:18:\"pa_wymiary-dl-szer\";a:6:{s:4:\"name\";s:18:\"pa_wymiary-dl-szer\";s:5:\"value\";s:0:\"\";s:8:\"position\";i:8;s:10:\"is_visible\";i:1;s:12:\"is_variation\";i:0;s:11:\"is_taxonomy\";i:1;}}"],"_product_version":["10.5.2"],"site-sidebar-layout":["default"],"ast-site-content-layout":["default"],"site-content-style":["default"],"site-sidebar-style":["default"],"theme-transparent-header-meta":["default"],"stick-header-meta":["default"],"_iwo_price_last_change":["a:4:{s:5:\"price\";s:0:\"\";s:10:\"price_sale\";s:0:\"\";s:19:\"price_including_tax\";d:180;s:9:\"timestamp\";i:1729021719;}"],"_edit_lock":["1740391349:174"],"_edit_last":["174"],"astra_style_timestamp_css":["1733754331"],"_wp_old_slug":["basen-z-kulkami-90x90-pastelowe-liscie-bukle-poduszka","basen-z-kulkami-90x90-pastelowe-liscie-boucle-poduszka"],"rank_math_internal_links_processed":["1"],"rank_math_seo_score":["7"],"rank_math_primary_product_cat":["0"],"tabela_rozmiarow":[""],"_tabela_rozmiarow":["field_67a2094c6aa58"],"_pys_head_footer":["a:7:{s:14:\"disable_global\";b:0;s:8:\"head_any\";s:0:\"\";s:12:\"head_desktop\";s:0:\"\";s:11:\"head_mobile\";s:0:\"\";s:10:\"footer_any\";s:0:\"\";s:14:\"footer_desktop\";s:0:\"\";s:13:\"footer_mobile\";s:0:\"\";}"],"rank_math_primary_product_brand":["0"],"astra-migrate-meta-layouts":["set"],"_price":["240.00","288.00","304.00","336.00"],"_uag_page_assets":["a:9:{s:3:\"css\";s:10439:\".uagb-block-0871d717.wp-block-uagb-image{text-align: left;justify-content: flex-start;align-self: flex-start;}.uagb-block-0871d717 .wp-block-uagb-image__figure{align-items: flex-start;}.uagb-block-0871d717.wp-block-uagb-image--layout-default figure img{box-shadow: 0px 0px 0 #00000070;}.uagb-block-0871d717.wp-block-uagb-image .wp-block-uagb-image__figure figcaption{font-style: normal;align-self: center;}.uagb-block-0871d717.wp-block-uagb-image--layout-overlay figure img{box-shadow: 0px 0px 0 #00000070;}.uagb-block-0871d717.wp-block-uagb-image--layout-overlay .wp-block-uagb-image--layout-overlay__color-wrapper{opacity: 0.2;}.uagb-block-0871d717.wp-block-uagb-image--layout-overlay .wp-block-uagb-image--layout-overlay__inner{left: 15px;right: 15px;top: 15px;bottom: 15px;}.uagb-block-0871d717.wp-block-uagb-image--layout-overlay .wp-block-uagb-image--layout-overlay__inner .uagb-image-heading{font-style: normal;color: #fff;opacity: 1;}.uagb-block-0871d717.wp-block-uagb-image--layout-overlay .wp-block-uagb-image--layout-overlay__inner .uagb-image-heading a{color: #fff;}.uagb-block-0871d717.wp-block-uagb-image--layout-overlay .wp-block-uagb-image--layout-overlay__inner .uagb-image-caption{opacity: 0;}.uagb-block-0871d717.wp-block-uagb-image--layout-overlay .wp-block-uagb-image__figure:hover .wp-block-uagb-image--layout-overlay__color-wrapper{opacity: 1;}.uagb-block-0871d717.wp-block-uagb-image .wp-block-uagb-image--layout-overlay__inner .uagb-image-separator{width: 30%;border-top-width: 2px;border-top-color: #fff;opacity: 0;}.uagb-block-0871d717.wp-block-uagb-image .wp-block-uagb-image__figure img{width: 91px;height: auto;}.uagb-block-0871d717.wp-block-uagb-image .wp-block-uagb-image__figure:hover .wp-block-uagb-image--layout-overlay__inner .uagb-image-caption{opacity: 1;}.uagb-block-0871d717.wp-block-uagb-image .wp-block-uagb-image__figure:hover .wp-block-uagb-image--layout-overlay__inner .uagb-image-separator{opacity: 1;}.uagb-block-0871d717.wp-block-uagb-image--layout-default figure:hover img{box-shadow: 0px 0px 0 #00000070;}.uagb-block-0871d717.wp-block-uagb-image--layout-overlay figure:hover img{box-shadow: 0px 0px 0 #00000070;}@media only screen and (max-width: 976px) {.uagb-block-0871d717.wp-block-uagb-image .wp-block-uagb-image__figure img{width: 91px;height: auto;}}@media only screen and (max-width: 767px) {.uagb-block-0871d717.wp-block-uagb-image .wp-block-uagb-image__figure img{width: 91px;height: auto;}} .uagb-block-36e55f8d.uagb-icon-wrapper{text-align: center;} .uagb-block-36e55f8d.uagb-icon-wrapper .uagb-svg-wrapper a{display: contents;} .uagb-block-36e55f8d.uagb-icon-wrapper svg{width: 20px;height: 20px;transform: rotate(0deg);box-sizing: content-box;fill: #333;filter: drop-shadow( 0px 0px 0px #00000070 );} .uagb-block-36e55f8d.uagb-icon-wrapper .uagb-svg-wrapper{display: inline-flex;padding-top: 0px;padding-right: 0px;padding-bottom: 0px;padding-left: 0px;border-style: default;box-shadow: 0px 0px 0 #00000070 ;} .uagb-block-36e55f8d.uagb-icon-wrapper .uagb-svg-wrapper:hover{box-shadow: 0px 0px 0 #00000070 ;} .uagb-block-36e55f8d.uagb-icon-wrapper .uagb-svg-wrapper:focus-visible{box-shadow: 0px 0px 0 #00000070 ;} .uagb-block-36e55f8d.uagb-icon-wrapper.wp-block-uagb-icon--has-margin .uagb-icon-margin-wrapper{margin-top: 0px;margin-right: 0px;margin-bottom: 0px;margin-left: 0px;}@media only screen and (max-width: 976px) { .uagb-block-36e55f8d.uagb-icon-wrapper .uagb-svg-wrapper{display: inline-flex;}}@media only screen and (max-width: 767px) { .uagb-block-36e55f8d.uagb-icon-wrapper .uagb-svg-wrapper{display: inline-flex;} .uagb-block-36e55f8d.uagb-icon-wrapper.wp-block-uagb-icon--has-margin .uagb-icon-margin-wrapper{margin-top: 0px;margin-right: 0px;margin-bottom: 0px;margin-left: 0px;}}.wp-block-uagb-advanced-heading.uagb-block-b31b8376.wp-block-uagb-advanced-heading .uagb-heading-text{color: #ffffff;}.wp-block-uagb-advanced-heading.uagb-block-b31b8376.wp-block-uagb-advanced-heading a{color: #ffffff;}.wp-block-uagb-advanced-heading.uagb-block-b31b8376.wp-block-uagb-advanced-heading a:hover{color: #d6d6d6;}.wp-block-uagb-advanced-heading.uagb-block-b31b8376.wp-block-uagb-advanced-heading .uagb-desc-text{color: #ffffff;margin-bottom: 15px;}.wp-block-uagb-advanced-heading.uagb-block-b31b8376.wp-block-uagb-advanced-heading .uagb-highlight{font-style: normal;font-weight: Default;background: #007cba;color: #fff;-webkit-text-fill-color: #fff;}.wp-block-uagb-advanced-heading.uagb-block-b31b8376.wp-block-uagb-advanced-heading .uagb-highlight::-moz-selection{color: #fff;background: #007cba;-webkit-text-fill-color: #fff;}.wp-block-uagb-advanced-heading.uagb-block-b31b8376.wp-block-uagb-advanced-heading .uagb-highlight::selection{color: #fff;background: #007cba;-webkit-text-fill-color: #fff;}.wp-block-uagb-advanced-heading.uagb-block-b31b8376 .uagb-heading-text{font-weight: 400;font-size: 21px;margin-bottom: 15px;}@media only screen and (max-width: 767px) {.wp-block-uagb-advanced-heading.uagb-block-b31b8376.wp-block-uagb-advanced-heading {text-align: left;}}.wp-block-uagb-advanced-heading.uagb-block-ad29589e.wp-block-uagb-advanced-heading .uagb-desc-text{margin-bottom: 15px;}.wp-block-uagb-advanced-heading.uagb-block-ad29589e.wp-block-uagb-advanced-heading .uagb-highlight{font-style: normal;font-weight: Default;background: #007cba;color: #fff;-webkit-text-fill-color: #fff;}.wp-block-uagb-advanced-heading.uagb-block-ad29589e.wp-block-uagb-advanced-heading .uagb-highlight::-moz-selection{color: #fff;background: #007cba;-webkit-text-fill-color: #fff;}.wp-block-uagb-advanced-heading.uagb-block-ad29589e.wp-block-uagb-advanced-heading .uagb-highlight::selection{color: #fff;background: #007cba;-webkit-text-fill-color: #fff;}.uagb-block-0a5196e9.wp-block-uagb-image{text-align: left;justify-content: flex-start;align-self: flex-start;}.uagb-block-0a5196e9 .wp-block-uagb-image__figure{align-items: flex-start;}.uagb-block-0a5196e9.wp-block-uagb-image--layout-default figure img{box-shadow: 0px 0px 0 #00000070;}.uagb-block-0a5196e9.wp-block-uagb-image .wp-block-uagb-image__figure figcaption{font-style: normal;align-self: center;}.uagb-block-0a5196e9.wp-block-uagb-image--layout-overlay figure img{box-shadow: 0px 0px 0 #00000070;}.uagb-block-0a5196e9.wp-block-uagb-image--layout-overlay .wp-block-uagb-image--layout-overlay__color-wrapper{opacity: 0.2;}.uagb-block-0a5196e9.wp-block-uagb-image--layout-overlay .wp-block-uagb-image--layout-overlay__inner{left: 15px;right: 15px;top: 15px;bottom: 15px;}.uagb-block-0a5196e9.wp-block-uagb-image--layout-overlay .wp-block-uagb-image--layout-overlay__inner .uagb-image-heading{font-style: normal;color: #fff;opacity: 1;}.uagb-block-0a5196e9.wp-block-uagb-image--layout-overlay .wp-block-uagb-image--layout-overlay__inner .uagb-image-heading a{color: #fff;}.uagb-block-0a5196e9.wp-block-uagb-image--layout-overlay .wp-block-uagb-image--layout-overlay__inner .uagb-image-caption{opacity: 0;}.uagb-block-0a5196e9.wp-block-uagb-image--layout-overlay .wp-block-uagb-image__figure:hover .wp-block-uagb-image--layout-overlay__color-wrapper{opacity: 1;}.uagb-block-0a5196e9.wp-block-uagb-image .wp-block-uagb-image--layout-overlay__inner .uagb-image-separator{width: 30%;border-top-width: 2px;border-top-color: #fff;opacity: 0;}.uagb-block-0a5196e9.wp-block-uagb-image .wp-block-uagb-image__figure img{width: 130px;height: auto;}.uagb-block-0a5196e9.wp-block-uagb-image .wp-block-uagb-image__figure:hover .wp-block-uagb-image--layout-overlay__inner .uagb-image-caption{opacity: 1;}.uagb-block-0a5196e9.wp-block-uagb-image .wp-block-uagb-image__figure:hover .wp-block-uagb-image--layout-overlay__inner .uagb-image-separator{opacity: 1;}.uagb-block-0a5196e9.wp-block-uagb-image--layout-default figure:hover img{box-shadow: 0px 0px 0 #00000070;}.uagb-block-0a5196e9.wp-block-uagb-image--layout-overlay figure:hover img{box-shadow: 0px 0px 0 #00000070;}@media only screen and (max-width: 976px) {.uagb-block-0a5196e9.wp-block-uagb-image .wp-block-uagb-image__figure img{width: 130px;height: auto;}}@media only screen and (max-width: 767px) {.uagb-block-0a5196e9.wp-block-uagb-image .wp-block-uagb-image__figure img{width: 130px;height: auto;}}.uagb-block-27431b2e.wp-block-uagb-image--layout-default figure img{box-shadow: 0px 0px 0 #00000070;}.uagb-block-27431b2e.wp-block-uagb-image .wp-block-uagb-image__figure figcaption{font-style: normal;align-self: center;}.uagb-block-27431b2e.wp-block-uagb-image--layout-overlay figure img{box-shadow: 0px 0px 0 #00000070;}.uagb-block-27431b2e.wp-block-uagb-image--layout-overlay .wp-block-uagb-image--layout-overlay__color-wrapper{opacity: 0.2;}.uagb-block-27431b2e.wp-block-uagb-image--layout-overlay .wp-block-uagb-image--layout-overlay__inner{left: 15px;right: 15px;top: 15px;bottom: 15px;}.uagb-block-27431b2e.wp-block-uagb-image--layout-overlay .wp-block-uagb-image--layout-overlay__inner .uagb-image-heading{font-style: normal;color: #fff;opacity: 1;}.uagb-block-27431b2e.wp-block-uagb-image--layout-overlay .wp-block-uagb-image--layout-overlay__inner .uagb-image-heading a{color: #fff;}.uagb-block-27431b2e.wp-block-uagb-image--layout-overlay .wp-block-uagb-image--layout-overlay__inner .uagb-image-caption{opacity: 0;}.uagb-block-27431b2e.wp-block-uagb-image--layout-overlay .wp-block-uagb-image__figure:hover .wp-block-uagb-image--layout-overlay__color-wrapper{opacity: 1;}.uagb-block-27431b2e.wp-block-uagb-image .wp-block-uagb-image--layout-overlay__inner .uagb-image-separator{width: 30%;border-top-width: 2px;border-top-color: #fff;opacity: 0;}.uagb-block-27431b2e.wp-block-uagb-image .wp-block-uagb-image__figure img{width: 291px;height: auto;}.uagb-block-27431b2e.wp-block-uagb-image .wp-block-uagb-image__figure:hover .wp-block-uagb-image--layout-overlay__inner .uagb-image-caption{opacity: 1;}.uagb-block-27431b2e.wp-block-uagb-image .wp-block-uagb-image__figure:hover .wp-block-uagb-image--layout-overlay__inner .uagb-image-separator{opacity: 1;}.uagb-block-27431b2e.wp-block-uagb-image--layout-default figure:hover img{box-shadow: 0px 0px 0 #00000070;}.uagb-block-27431b2e.wp-block-uagb-image--layout-overlay figure:hover img{box-shadow: 0px 0px 0 #00000070;}@media only screen and (max-width: 976px) {.uagb-block-27431b2e.wp-block-uagb-image .wp-block-uagb-image__figure img{width: 291px;height: auto;}}@media only screen and (max-width: 767px) {.uagb-block-27431b2e.wp-block-uagb-image .wp-block-uagb-image__figure img{width: 291px;height: auto;}}\";s:2:\"js\";s:575:\"document.addEventListener(\"DOMContentLoaded\", function(){ \t\t\t\twindow.addEventListener( 'DOMContentLoaded', () => {\n\t\t\t\t\tconst blockScope = document.querySelector( '.uagb-block-36e55f8d' );\n\t\t\t\t\tif ( ! blockScope ) {\n\t\t\t\t\t\treturn;\n\t\t\t\t\t}\n\n\t\t\t\t\tconst anchorElement = blockScope.querySelector('a');\n\t\t\t\t\tif (!anchorElement) {\n\t\t\t\t\t\treturn;\n\t\t\t\t\t} \n\n\t\t\t\t\t \n\t\t\t\t\tblockScope.addEventListener('keydown', (event) => {\n\t\t\t\t\t\tif ( 13 === event.keyCode || 32 === event.keyCode ) {\n\t\t\t\t\t\t\tevent.preventDefault();\n\t\t\t\t\t\t\t \n\t\t\t\t\t\t\tanchorElement.click();\t\n\t\t\t\t\t\t}\n\t\t\t\t\t} );\n\t\t\t\t} );\n\t\t\t });\";s:18:\"current_block_list\";a:12:{i:0;s:10:\"uagb\/image\";i:1;s:14:\"core\/paragraph\";i:2;s:9:\"uagb\/icon\";i:3;s:21:\"uagb\/advanced-heading\";i:4;s:12:\"core\/buttons\";i:5;s:11:\"core\/button\";i:6;s:21:\"trp\/language-switcher\";i:7;s:26:\"woocommerce\/filter-wrapper\";i:8;s:12:\"core\/heading\";i:9;s:28:\"woocommerce\/attribute-filter\";i:10;s:24:\"woocommerce\/stock-filter\";i:11;s:24:\"woocommerce\/price-filter\";}s:8:\"uag_flag\";b:1;s:11:\"uag_version\";i:1776565776;s:6:\"gfonts\";a:0:{}s:10:\"gfonts_url\";s:0:\"\";s:12:\"gfonts_files\";a:0:{}s:14:\"uag_faq_layout\";b:0;}"]},"uagb_featured_image_src":{"full":["https:\/\/golden-group.eu\/wp-content\/uploads\/2024\/10\/liscie-2.webp",1000,1000,false],"thumbnail":["https:\/\/golden-group.eu\/wp-content\/uploads\/2024\/10\/liscie-2.webp",96,96,false],"medium":["https:\/\/golden-group.eu\/wp-content\/uploads\/2024\/10\/liscie-2.webp",1000,1000,false],"medium_large":["https:\/\/golden-group.eu\/wp-content\/uploads\/2024\/10\/liscie-2-768x768.webp",768,768,true],"large":["https:\/\/golden-group.eu\/wp-content\/uploads\/2024\/10\/liscie-2.webp",1000,1000,false],"1536x1536":["https:\/\/golden-group.eu\/wp-content\/uploads\/2024\/10\/liscie-2.webp",1000,1000,false],"2048x2048":["https:\/\/golden-group.eu\/wp-content\/uploads\/2024\/10\/liscie-2.webp",1000,1000,false],"trp-custom-language-flag":["https:\/\/golden-group.eu\/wp-content\/uploads\/2024\/10\/liscie-2.webp",12,12,false],"mailpoet_newsletter_max":["https:\/\/golden-group.eu\/wp-content\/uploads\/2024\/10\/liscie-2.webp",1000,1000,false],"woocommerce_thumbnail":["https:\/\/golden-group.eu\/wp-content\/uploads\/2024\/10\/liscie-2-800x800.webp",800,800,true],"woocommerce_single":["https:\/\/golden-group.eu\/wp-content\/uploads\/2024\/10\/liscie-2.webp",1000,1000,false],"woocommerce_gallery_thumbnail":["https:\/\/golden-group.eu\/wp-content\/uploads\/2024\/10\/liscie-2-250x250.webp",250,250,true]},"uagb_author_info":{"display_name":"\u017baneta Rembisz","author_link":"https:\/\/golden-group.eu\/en\/author\/"},"uagb_comment_info":0,"uagb_excerpt":"Basen z kulkami 90&#215;90 &#8222;Pastelowe Li\u015bcie Boucle&#8221; Zapewnij swojemu dziecku niezapomniane chwile rado\u015bci! Suchy basen z kulkami Golden Kids to idealne rozwi\u0105zanie dla rodzic\u00f3w poszukuj\u0105cych bezpiecznej i anga\u017cuj\u0105cej formy zabawy dla swoich dzieci. Dzi\u0119ki wytrzyma\u0142ej konstrukcji i atrakcyjnej formie, taki basen zapewni mn\u00f3stwo zabawy na lata. Basen nadaje si\u0119 do u\u017cytkowania zar\u00f3wno w domu jak&hellip;","_links":{"self":[{"href":"https:\/\/golden-group.eu\/en\/wp-json\/wp\/v2\/product\/5552","targetHints":{"allow":["GET"]}}],"collection":[{"href":"https:\/\/golden-group.eu\/en\/wp-json\/wp\/v2\/product"}],"about":[{"href":"https:\/\/golden-group.eu\/en\/wp-json\/wp\/v2\/types\/product"}],"replies":[{"embeddable":true,"href":"https:\/\/golden-group.eu\/en\/wp-json\/wp\/v2\/comments?post=5552"}],"wp:featuredmedia":[{"embeddable":true,"href":"https:\/\/golden-group.eu\/en\/wp-json\/wp\/v2\/media\/5562"}],"wp:attachment":[{"href":"https:\/\/golden-group.eu\/en\/wp-json\/wp\/v2\/media?parent=5552"}],"wp:term":[{"taxonomy":"product_brand","embeddable":true,"href":"https:\/\/golden-group.eu\/en\/wp-json\/wp\/v2\/product_brand?post=5552"},{"taxonomy":"product_cat","embeddable":true,"href":"https:\/\/golden-group.eu\/en\/wp-json\/wp\/v2\/product_cat?post=5552"},{"taxonomy":"product_tag","embeddable":true,"href":"https:\/\/golden-group.eu\/en\/wp-json\/wp\/v2\/product_tag?post=5552"}],"curies":[{"name":"wp","href":"https:\/\/api.w.org\/{rel}","templated":true}]}}