{"id":58783,"date":"2025-11-06T11:57:59","date_gmt":"2025-11-06T10:57:59","guid":{"rendered":"https:\/\/golden-group.eu\/?post_type=product&#038;p=58783"},"modified":"2026-03-18T12:23:44","modified_gmt":"2026-03-18T11:23:44","slug":"materac-dla-kierowcy-do-auta-man","status":"publish","type":"product","link":"https:\/\/golden-group.eu\/en\/product\/materac-dla-kierowcy-do-auta-man\/","title":{"rendered":"Materac dla kierowcy do auta MAN"},"content":{"rendered":"<h2 data-start=\"0\" data-end=\"102\"><strong data-start=\"9\" data-end=\"100\">Materac sk\u0142adany <\/strong><strong data-start=\"9\" data-end=\"100\">dla kierowcy <\/strong><strong data-start=\"9\" data-end=\"100\">\u00a0busa\u00a0 z piank\u0105 VISCO \u2013 maksymalny komfort i dopasowanie<\/strong><\/h2>\n<p>&nbsp;<\/p>\n<p data-start=\"104\" data-end=\"416\"><strong data-start=\"104\" data-end=\"159\">Sk\u0142adany materac do busa 3-cz\u0119\u015bciowy z piank\u0105 VISCO<\/strong> to idealne rozwi\u0105zanie dla kierowc\u00f3w, kt\u00f3rzy sp\u0119dzaj\u0105 wiele godzin w trasie i potrzebuj\u0105 wygodnego miejsca do wypoczynku. Zosta\u0142 zaprojektowany tak, aby <strong data-start=\"313\" data-end=\"361\">perfekcyjnie dopasowa\u0107 si\u0119 do kszta\u0142tu cia\u0142a<\/strong> oraz zapewni\u0107 <strong data-start=\"376\" data-end=\"413\">ergonomiczne podparcie kr\u0119gos\u0142upa<\/strong>.<\/p>\n<h3>Dimensions<\/h3>\n<ul>\n<li><strong>Width:<\/strong> 75cm<\/li>\n<li><strong>Length:<\/strong> 160 cm<\/li>\n<li><strong>Grubo\u015b\u0107:<\/strong> 10cm (8cm twarda pianka+ 2cm visco)<\/li>\n<\/ul>\n<h3 data-start=\"418\" data-end=\"473\"><strong data-start=\"423\" data-end=\"471\">Kompatybilno\u015b\u0107 z popularnymi modelami bus\u00f3w:<\/strong><\/h3>\n<p data-start=\"474\" data-end=\"616\">Renault Trafic, Fiat Ducato, Citroen Jumper, Peugeot Boxer, Renault Master, Opel Movano, Mercedes Sprinter, Volkswagen Crafter, Iveco Daily.<\/p>\n<h3 data-start=\"618\" data-end=\"658\"><strong data-start=\"623\" data-end=\"656\">Najwa\u017cniejsze cechy produktu:<\/strong><\/h3>\n<ul data-start=\"659\" data-end=\"1575\">\n<li data-start=\"659\" data-end=\"781\">\n<p data-start=\"661\" data-end=\"781\"><strong data-start=\"661\" data-end=\"695\">Pianka VISCO (termoelastyczna)<\/strong> \u2013 reaguje na temperatur\u0119 i nacisk cia\u0142a, idealnie dopasowuj\u0105c si\u0119 do jego kszta\u0142tu.<\/p>\n<\/li>\n<li data-start=\"782\" data-end=\"901\">\n<p data-start=\"784\" data-end=\"901\"><strong data-start=\"784\" data-end=\"823\">Lepsze podparcie i redukcja nacisku<\/strong> \u2013 pianka VISCO eliminuje punkty ucisku, poprawiaj\u0105c kr\u0105\u017cenie i komfort snu.<\/p>\n<\/li>\n<li data-start=\"902\" data-end=\"1003\">\n<p data-start=\"904\" data-end=\"1003\"><strong data-start=\"904\" data-end=\"941\">Po\u0142\u0105czenie pianki twardej i VISCO<\/strong> \u2013 zapewnia idealny balans mi\u0119dzy stabilno\u015bci\u0105 a mi\u0119kko\u015bci\u0105.<\/p>\n<\/li>\n<li data-start=\"1004\" data-end=\"1092\">\n<p data-start=\"1006\" data-end=\"1092\"><strong data-start=\"1006\" data-end=\"1023\">Grubo\u015b\u0107 10 cm<\/strong> \u2013 gwarantuje optymaln\u0105 spr\u0119\u017cysto\u015b\u0107 i izolacj\u0119 od twardego pod\u0142o\u017ca.<\/p>\n<\/li>\n<li data-start=\"1093\" data-end=\"1189\">\n<p data-start=\"1095\" data-end=\"1189\"><strong data-start=\"1095\" data-end=\"1120\">Doskona\u0142e dopasowanie<\/strong> \u2013 materac wype\u0142nia ka\u017cd\u0105 przestrze\u0144 kabiny, tworz\u0105c wygodne \u0142\u00f3\u017cko.<\/p>\n<\/li>\n<li data-start=\"1190\" data-end=\"1285\">\n<p data-start=\"1192\" data-end=\"1285\"><strong data-start=\"1192\" data-end=\"1216\">Sk\u0142adany na 3 cz\u0119\u015bci<\/strong> \u2013 po z\u0142o\u017ceniu zajmuje bardzo ma\u0142o miejsca, \u0142atwy w przechowywaniu.<\/p>\n<\/li>\n<li data-start=\"1286\" data-end=\"1398\">\n<p data-start=\"1288\" data-end=\"1398\"><strong data-start=\"1288\" data-end=\"1323\">Pokrowiec z tkaniny poliester<\/strong>\u2013 zdejmowany, mo\u017cna pra\u0107 , dzi\u0119ki wszytym zamkom b\u0142yskawicznym.<\/p>\n<\/li>\n<li data-start=\"1399\" data-end=\"1473\">\n<p data-start=\"1401\" data-end=\"1473\"><strong data-start=\"1401\" data-end=\"1424\">Pasek podtrzymuj\u0105cy<\/strong> \u2013 stabilizuje materac w pozycji wypoczynkowej.<\/p>\n<\/li>\n<li data-start=\"1474\" data-end=\"1575\">\n<p data-start=\"1476\" data-end=\"1575\"><strong data-start=\"1476\" data-end=\"1506\">Odporno\u015b\u0107 na odkszta\u0142cenia<\/strong> \u2013 twarda podstawa z pianki zapewnia trwa\u0142o\u015b\u0107 i d\u0142ugie u\u017cytkowanie.<\/p>\n<\/li>\n<li data-start=\"1474\" data-end=\"1575\"><strong>W modelu na 2 siedzenia<\/strong> -w cz\u0119\u015bci \u015brodkowej materaca do\u0142o\u017cyli\u015bmy wzmocnienie z p\u0142yty dla wi\u0119kszego podparcia przestrzeni mi\u0119dzy fotelami.<\/li>\n<\/ul>\n<p data-start=\"1577\" data-end=\"1725\">Materac zosta\u0142 zaprojektowany z my\u015bl\u0105 o <strong data-start=\"1617\" data-end=\"1661\">maksymalnym komforcie kierowc\u00f3w w trasie<\/strong> \u2013 gwarantuje relaks, zdrowy sen i wygod\u0119 w ka\u017cdych warunkach.<\/p>\n<h3>Fabric Features<\/h3>\n<ul>\n<li><strong>Polyester:<\/strong> \u0142atwy w utrzymaniu czysto\u015bci, z membran\u0105 wodoodporn\u0105<\/li>\n<\/ul>\n<h3>Features of the Visco\/Memory foam mattress<\/h3>\n<p>Pianka termoplastyczna jest materia\u0142em zbudowanym z poliuretanu, wzbogaconym o inne sk\u0142adniki zwi\u0119kszaj\u0105ce spr\u0119\u017cysto\u015b\u0107. Po nagrzaniu si\u0119 od ciep\u0142a cia\u0142a, przylega do niego idealnie, redukuj\u0105c nacisk i poprawiaj\u0105c kr\u0105\u017cenie krwi. Jest to materia\u0142 idealny dla os\u00f3b, kt\u00f3re marzn\u0105 podczas snu. Grubo\u015b\u0107 materaca to 10 cm, w tym 2 cm pianki Visco i 8 cm zwyk\u0142ej pianki poliuretanowej.<\/p>\n<blockquote data-start=\"1727\" data-end=\"1856\">\n<p data-start=\"1729\" data-end=\"1856\">Na \u017cyczenie wykonujemy <strong data-start=\"1752\" data-end=\"1774\">materace na wymiar<\/strong> do innych modeli aut i kamper\u00f3w \u2013 z r\u00f3\u017cnymi twardo\u015bciami oraz rodzajami pianki.<\/p>\n<\/blockquote>\n<h3>Summary<\/h3>\n<p>Oryginalny materac marki GoldenGroup do VW Caddy to idealne rozwi\u0105zanie dla ka\u017cdego, kto szuka komfortu i jako\u015bci podczas podr\u00f3\u017cy. Niezale\u017cnie od modelu Twojego pojazdu, nasz materac zapewni Ci wygod\u0119 i relaks na d\u0142ugie lata. Kup teraz i ciesz si\u0119 komfortem podczas ka\u017cdej podr\u00f3\u017cy! <a href=\"https:\/\/golden-group.eu\/wp-content\/uploads\/2024\/05\/cechy-tkanin.pdf\">Fabric Features<\/a> <a href=\"https:\/\/golden-group.eu\/wp-content\/uploads\/2024\/05\/certyfikat.pdf\">Certificate<\/a><\/p>","protected":false},"excerpt":{"rendered":"<p><a href=\"https:\/\/golden-group.eu\/wp-content\/uploads\/2025\/11\/Materac-dla-kierowcy-bus.webp\"><img loading=\"lazy\" decoding=\"async\" class=\"alignnone size-full wp-image-59981\" src=\"https:\/\/golden-group.eu\/wp-content\/uploads\/2025\/11\/Materac-dla-kierowcy-bus.webp\" alt=\"\" width=\"2000\" height=\"1648\" srcset=\"https:\/\/golden-group.eu\/wp-content\/uploads\/2025\/11\/Materac-dla-kierowcy-bus.webp 2000w, https:\/\/golden-group.eu\/wp-content\/uploads\/2025\/11\/Materac-dla-kierowcy-bus-1250x1030.webp 1250w, https:\/\/golden-group.eu\/wp-content\/uploads\/2025\/11\/Materac-dla-kierowcy-bus-768x633.webp 768w, https:\/\/golden-group.eu\/wp-content\/uploads\/2025\/11\/Materac-dla-kierowcy-bus-1536x1266.webp 1536w, https:\/\/golden-group.eu\/wp-content\/uploads\/2025\/11\/Materac-dla-kierowcy-bus-15x12.webp 15w, https:\/\/golden-group.eu\/wp-content\/uploads\/2025\/11\/Materac-dla-kierowcy-bus-1320x1088.webp 1320w\" sizes=\"auto, (max-width: 2000px) 100vw, 2000px\" \/><\/a><\/p>","protected":false},"featured_media":58723,"comment_status":"open","ping_status":"closed","template":"","meta":{"_acf_changed":false,"_uag_custom_page_level_css":"","site-sidebar-layout":"default","site-content-layout":"","ast-site-content-layout":"default","site-content-style":"default","site-sidebar-style":"default","ast-global-header-display":"","ast-banner-title-visibility":"","ast-main-header-display":"","ast-hfb-above-header-display":"","ast-hfb-below-header-display":"","ast-hfb-mobile-header-display":"","site-post-title":"","ast-breadcrumbs-content":"","ast-featured-img":"","footer-sml-layout":"","ast-disable-related-posts":"","theme-transparent-header-meta":"default","adv-header-id-meta":"","stick-header-meta":"default","header-above-stick-meta":"","header-main-stick-meta":"","header-below-stick-meta":"","astra-migrate-meta-layouts":"set","ast-page-background-enabled":"default","ast-page-background-meta":{"desktop":{"background-color":"","background-image":"","background-repeat":"repeat","background-position":"center center","background-size":"auto","background-attachment":"scroll","background-type":"","background-media":"","overlay-type":"","overlay-color":"","overlay-opacity":"","overlay-gradient":""},"tablet":{"background-color":"","background-image":"","background-repeat":"repeat","background-position":"center center","background-size":"auto","background-attachment":"scroll","background-type":"","background-media":"","overlay-type":"","overlay-color":"","overlay-opacity":"","overlay-gradient":""},"mobile":{"background-color":"","background-image":"","background-repeat":"repeat","background-position":"center center","background-size":"auto","background-attachment":"scroll","background-type":"","background-media":"","overlay-type":"","overlay-color":"","overlay-opacity":"","overlay-gradient":""}},"ast-content-background-meta":{"desktop":{"background-color":"var(--ast-global-color-5)","background-image":"","background-repeat":"repeat","background-position":"center center","background-size":"auto","background-attachment":"scroll","background-type":"","background-media":"","overlay-type":"","overlay-color":"","overlay-opacity":"","overlay-gradient":""},"tablet":{"background-color":"var(--ast-global-color-5)","background-image":"","background-repeat":"repeat","background-position":"center center","background-size":"auto","background-attachment":"scroll","background-type":"","background-media":"","overlay-type":"","overlay-color":"","overlay-opacity":"","overlay-gradient":""},"mobile":{"background-color":"var(--ast-global-color-5)","background-image":"","background-repeat":"repeat","background-position":"center center","background-size":"auto","background-attachment":"scroll","background-type":"","background-media":"","overlay-type":"","overlay-color":"","overlay-opacity":"","overlay-gradient":""}}},"product_brand":[362],"product_cat":[385],"product_tag":[],"class_list":{"0":"post-58783","1":"product","2":"type-product","3":"status-publish","4":"has-post-thumbnail","6":"product_brand-golden-auto","7":"product_cat-dla-kierowcy","8":"product_shipping_class-materace-samochodowe","9":"desktop-align-center","10":"tablet-align-center","11":"mobile-align-center","12":"ast-product-gallery-layout-horizontal","13":"ast-product-single-variable","14":"ast-product-tabs-layout-accordion","16":"first","17":"instock","18":"taxable","19":"shipping-taxable","20":"purchasable","21":"product-type-variable","22":"add-to-wishlist-before_image"},"acf":[],"spectra_custom_meta":{"rank_math_internal_links_processed":["1","1","1","1","1","1","1","1","1"],"total_sales":["0"],"_tax_status":["taxable"],"_tax_class":[""],"_manage_stock":["no"],"_backorders":["no"],"_sold_individually":["no"],"_weight":["9"],"_length":["80"],"_width":["50"],"_height":["38"],"_virtual":["no"],"_downloadable":["no"],"_product_image_gallery":["58717,58720,58718,58715,58719,58716,58714,58721,58722,58727,58731,58729,58730,58712,58710,58713,58711,58726,58725,58724,58723,58709"],"_download_limit":["0"],"_download_expiry":["0"],"_thumbnail_id":["58723"],"_stock":[null],"_stock_status":["instock"],"_wc_average_rating":["0"],"_wc_review_count":["0"],"_product_attributes":["a:1:{s:16:\"pa_ilosc-siedzen\";a:6:{s:4:\"name\";s:16:\"pa_ilosc-siedzen\";s:5:\"value\";s:0:\"\";s:8:\"position\";i:0;s:10:\"is_visible\";i:1;s:12:\"is_variation\";i:1;s:11:\"is_taxonomy\";i:1;}}"],"_product_version":["10.6.1"],"site-sidebar-layout":["default"],"ast-site-content-layout":["default"],"site-content-style":["default"],"site-sidebar-style":["default"],"theme-transparent-header-meta":["default"],"stick-header-meta":["default"],"astra_style_timestamp_css":["1733610213"],"_iwo_price_last_change":["a:4:{s:5:\"price\";s:0:\"\";s:10:\"price_sale\";s:0:\"\";s:19:\"price_including_tax\";d:659;s:9:\"timestamp\";i:1731591692;}"],"rank_math_seo_score":["15"],"tabela_rozmiarow":[""],"_tabela_rozmiarow":["field_67a2094c6aa58"],"_pys_head_footer":["a:7:{s:14:\"disable_global\";b:0;s:8:\"head_any\";s:0:\"\";s:12:\"head_desktop\";s:0:\"\";s:11:\"head_mobile\";s:0:\"\";s:10:\"footer_any\";s:0:\"\";s:14:\"footer_desktop\";s:0:\"\";s:13:\"footer_mobile\";s:0:\"\";}"],"rank_math_primary_product_brand":["0"],"rank_math_primary_product_cat":["385"],"_edit_lock":["1773833025:2"],"_edit_last":["2"],"_price":["700","750"],"astra-migrate-meta-layouts":["set"],"_uag_page_assets":["a:9:{s:3:\"css\";s:10439:\".uagb-block-0871d717.wp-block-uagb-image{text-align: left;justify-content: flex-start;align-self: flex-start;}.uagb-block-0871d717 .wp-block-uagb-image__figure{align-items: flex-start;}.uagb-block-0871d717.wp-block-uagb-image--layout-default figure img{box-shadow: 0px 0px 0 #00000070;}.uagb-block-0871d717.wp-block-uagb-image .wp-block-uagb-image__figure figcaption{font-style: normal;align-self: center;}.uagb-block-0871d717.wp-block-uagb-image--layout-overlay figure img{box-shadow: 0px 0px 0 #00000070;}.uagb-block-0871d717.wp-block-uagb-image--layout-overlay .wp-block-uagb-image--layout-overlay__color-wrapper{opacity: 0.2;}.uagb-block-0871d717.wp-block-uagb-image--layout-overlay .wp-block-uagb-image--layout-overlay__inner{left: 15px;right: 15px;top: 15px;bottom: 15px;}.uagb-block-0871d717.wp-block-uagb-image--layout-overlay .wp-block-uagb-image--layout-overlay__inner .uagb-image-heading{font-style: normal;color: #fff;opacity: 1;}.uagb-block-0871d717.wp-block-uagb-image--layout-overlay .wp-block-uagb-image--layout-overlay__inner .uagb-image-heading a{color: #fff;}.uagb-block-0871d717.wp-block-uagb-image--layout-overlay .wp-block-uagb-image--layout-overlay__inner .uagb-image-caption{opacity: 0;}.uagb-block-0871d717.wp-block-uagb-image--layout-overlay .wp-block-uagb-image__figure:hover .wp-block-uagb-image--layout-overlay__color-wrapper{opacity: 1;}.uagb-block-0871d717.wp-block-uagb-image .wp-block-uagb-image--layout-overlay__inner .uagb-image-separator{width: 30%;border-top-width: 2px;border-top-color: #fff;opacity: 0;}.uagb-block-0871d717.wp-block-uagb-image .wp-block-uagb-image__figure img{width: 91px;height: auto;}.uagb-block-0871d717.wp-block-uagb-image .wp-block-uagb-image__figure:hover .wp-block-uagb-image--layout-overlay__inner .uagb-image-caption{opacity: 1;}.uagb-block-0871d717.wp-block-uagb-image .wp-block-uagb-image__figure:hover .wp-block-uagb-image--layout-overlay__inner .uagb-image-separator{opacity: 1;}.uagb-block-0871d717.wp-block-uagb-image--layout-default figure:hover img{box-shadow: 0px 0px 0 #00000070;}.uagb-block-0871d717.wp-block-uagb-image--layout-overlay figure:hover img{box-shadow: 0px 0px 0 #00000070;}@media only screen and (max-width: 976px) {.uagb-block-0871d717.wp-block-uagb-image .wp-block-uagb-image__figure img{width: 91px;height: auto;}}@media only screen and (max-width: 767px) {.uagb-block-0871d717.wp-block-uagb-image .wp-block-uagb-image__figure img{width: 91px;height: auto;}} .uagb-block-36e55f8d.uagb-icon-wrapper{text-align: center;} .uagb-block-36e55f8d.uagb-icon-wrapper .uagb-svg-wrapper a{display: contents;} .uagb-block-36e55f8d.uagb-icon-wrapper svg{width: 20px;height: 20px;transform: rotate(0deg);box-sizing: content-box;fill: #333;filter: drop-shadow( 0px 0px 0px #00000070 );} .uagb-block-36e55f8d.uagb-icon-wrapper .uagb-svg-wrapper{display: inline-flex;padding-top: 0px;padding-right: 0px;padding-bottom: 0px;padding-left: 0px;border-style: default;box-shadow: 0px 0px 0 #00000070 ;} .uagb-block-36e55f8d.uagb-icon-wrapper .uagb-svg-wrapper:hover{box-shadow: 0px 0px 0 #00000070 ;} .uagb-block-36e55f8d.uagb-icon-wrapper .uagb-svg-wrapper:focus-visible{box-shadow: 0px 0px 0 #00000070 ;} .uagb-block-36e55f8d.uagb-icon-wrapper.wp-block-uagb-icon--has-margin .uagb-icon-margin-wrapper{margin-top: 0px;margin-right: 0px;margin-bottom: 0px;margin-left: 0px;}@media only screen and (max-width: 976px) { .uagb-block-36e55f8d.uagb-icon-wrapper .uagb-svg-wrapper{display: inline-flex;}}@media only screen and (max-width: 767px) { .uagb-block-36e55f8d.uagb-icon-wrapper .uagb-svg-wrapper{display: inline-flex;} .uagb-block-36e55f8d.uagb-icon-wrapper.wp-block-uagb-icon--has-margin .uagb-icon-margin-wrapper{margin-top: 0px;margin-right: 0px;margin-bottom: 0px;margin-left: 0px;}}.wp-block-uagb-advanced-heading.uagb-block-b31b8376.wp-block-uagb-advanced-heading .uagb-heading-text{color: #ffffff;}.wp-block-uagb-advanced-heading.uagb-block-b31b8376.wp-block-uagb-advanced-heading a{color: #ffffff;}.wp-block-uagb-advanced-heading.uagb-block-b31b8376.wp-block-uagb-advanced-heading a:hover{color: #d6d6d6;}.wp-block-uagb-advanced-heading.uagb-block-b31b8376.wp-block-uagb-advanced-heading .uagb-desc-text{color: #ffffff;margin-bottom: 15px;}.wp-block-uagb-advanced-heading.uagb-block-b31b8376.wp-block-uagb-advanced-heading .uagb-highlight{font-style: normal;font-weight: Default;background: #007cba;color: #fff;-webkit-text-fill-color: #fff;}.wp-block-uagb-advanced-heading.uagb-block-b31b8376.wp-block-uagb-advanced-heading .uagb-highlight::-moz-selection{color: #fff;background: #007cba;-webkit-text-fill-color: #fff;}.wp-block-uagb-advanced-heading.uagb-block-b31b8376.wp-block-uagb-advanced-heading .uagb-highlight::selection{color: #fff;background: #007cba;-webkit-text-fill-color: #fff;}.wp-block-uagb-advanced-heading.uagb-block-b31b8376 .uagb-heading-text{font-weight: 400;font-size: 21px;margin-bottom: 15px;}@media only screen and (max-width: 767px) {.wp-block-uagb-advanced-heading.uagb-block-b31b8376.wp-block-uagb-advanced-heading {text-align: left;}}.wp-block-uagb-advanced-heading.uagb-block-ad29589e.wp-block-uagb-advanced-heading .uagb-desc-text{margin-bottom: 15px;}.wp-block-uagb-advanced-heading.uagb-block-ad29589e.wp-block-uagb-advanced-heading .uagb-highlight{font-style: normal;font-weight: Default;background: #007cba;color: #fff;-webkit-text-fill-color: #fff;}.wp-block-uagb-advanced-heading.uagb-block-ad29589e.wp-block-uagb-advanced-heading .uagb-highlight::-moz-selection{color: #fff;background: #007cba;-webkit-text-fill-color: #fff;}.wp-block-uagb-advanced-heading.uagb-block-ad29589e.wp-block-uagb-advanced-heading .uagb-highlight::selection{color: #fff;background: #007cba;-webkit-text-fill-color: #fff;}.uagb-block-0a5196e9.wp-block-uagb-image{text-align: left;justify-content: flex-start;align-self: flex-start;}.uagb-block-0a5196e9 .wp-block-uagb-image__figure{align-items: flex-start;}.uagb-block-0a5196e9.wp-block-uagb-image--layout-default figure img{box-shadow: 0px 0px 0 #00000070;}.uagb-block-0a5196e9.wp-block-uagb-image .wp-block-uagb-image__figure figcaption{font-style: normal;align-self: center;}.uagb-block-0a5196e9.wp-block-uagb-image--layout-overlay figure img{box-shadow: 0px 0px 0 #00000070;}.uagb-block-0a5196e9.wp-block-uagb-image--layout-overlay .wp-block-uagb-image--layout-overlay__color-wrapper{opacity: 0.2;}.uagb-block-0a5196e9.wp-block-uagb-image--layout-overlay .wp-block-uagb-image--layout-overlay__inner{left: 15px;right: 15px;top: 15px;bottom: 15px;}.uagb-block-0a5196e9.wp-block-uagb-image--layout-overlay .wp-block-uagb-image--layout-overlay__inner .uagb-image-heading{font-style: normal;color: #fff;opacity: 1;}.uagb-block-0a5196e9.wp-block-uagb-image--layout-overlay .wp-block-uagb-image--layout-overlay__inner .uagb-image-heading a{color: #fff;}.uagb-block-0a5196e9.wp-block-uagb-image--layout-overlay .wp-block-uagb-image--layout-overlay__inner .uagb-image-caption{opacity: 0;}.uagb-block-0a5196e9.wp-block-uagb-image--layout-overlay .wp-block-uagb-image__figure:hover .wp-block-uagb-image--layout-overlay__color-wrapper{opacity: 1;}.uagb-block-0a5196e9.wp-block-uagb-image .wp-block-uagb-image--layout-overlay__inner .uagb-image-separator{width: 30%;border-top-width: 2px;border-top-color: #fff;opacity: 0;}.uagb-block-0a5196e9.wp-block-uagb-image .wp-block-uagb-image__figure img{width: 130px;height: auto;}.uagb-block-0a5196e9.wp-block-uagb-image .wp-block-uagb-image__figure:hover .wp-block-uagb-image--layout-overlay__inner .uagb-image-caption{opacity: 1;}.uagb-block-0a5196e9.wp-block-uagb-image .wp-block-uagb-image__figure:hover .wp-block-uagb-image--layout-overlay__inner .uagb-image-separator{opacity: 1;}.uagb-block-0a5196e9.wp-block-uagb-image--layout-default figure:hover img{box-shadow: 0px 0px 0 #00000070;}.uagb-block-0a5196e9.wp-block-uagb-image--layout-overlay figure:hover img{box-shadow: 0px 0px 0 #00000070;}@media only screen and (max-width: 976px) {.uagb-block-0a5196e9.wp-block-uagb-image .wp-block-uagb-image__figure img{width: 130px;height: auto;}}@media only screen and (max-width: 767px) {.uagb-block-0a5196e9.wp-block-uagb-image .wp-block-uagb-image__figure img{width: 130px;height: auto;}}.uagb-block-27431b2e.wp-block-uagb-image--layout-default figure img{box-shadow: 0px 0px 0 #00000070;}.uagb-block-27431b2e.wp-block-uagb-image .wp-block-uagb-image__figure figcaption{font-style: normal;align-self: center;}.uagb-block-27431b2e.wp-block-uagb-image--layout-overlay figure img{box-shadow: 0px 0px 0 #00000070;}.uagb-block-27431b2e.wp-block-uagb-image--layout-overlay .wp-block-uagb-image--layout-overlay__color-wrapper{opacity: 0.2;}.uagb-block-27431b2e.wp-block-uagb-image--layout-overlay .wp-block-uagb-image--layout-overlay__inner{left: 15px;right: 15px;top: 15px;bottom: 15px;}.uagb-block-27431b2e.wp-block-uagb-image--layout-overlay .wp-block-uagb-image--layout-overlay__inner .uagb-image-heading{font-style: normal;color: #fff;opacity: 1;}.uagb-block-27431b2e.wp-block-uagb-image--layout-overlay .wp-block-uagb-image--layout-overlay__inner .uagb-image-heading a{color: #fff;}.uagb-block-27431b2e.wp-block-uagb-image--layout-overlay .wp-block-uagb-image--layout-overlay__inner .uagb-image-caption{opacity: 0;}.uagb-block-27431b2e.wp-block-uagb-image--layout-overlay .wp-block-uagb-image__figure:hover .wp-block-uagb-image--layout-overlay__color-wrapper{opacity: 1;}.uagb-block-27431b2e.wp-block-uagb-image .wp-block-uagb-image--layout-overlay__inner .uagb-image-separator{width: 30%;border-top-width: 2px;border-top-color: #fff;opacity: 0;}.uagb-block-27431b2e.wp-block-uagb-image .wp-block-uagb-image__figure img{width: 291px;height: auto;}.uagb-block-27431b2e.wp-block-uagb-image .wp-block-uagb-image__figure:hover .wp-block-uagb-image--layout-overlay__inner .uagb-image-caption{opacity: 1;}.uagb-block-27431b2e.wp-block-uagb-image .wp-block-uagb-image__figure:hover .wp-block-uagb-image--layout-overlay__inner .uagb-image-separator{opacity: 1;}.uagb-block-27431b2e.wp-block-uagb-image--layout-default figure:hover img{box-shadow: 0px 0px 0 #00000070;}.uagb-block-27431b2e.wp-block-uagb-image--layout-overlay figure:hover img{box-shadow: 0px 0px 0 #00000070;}@media only screen and (max-width: 976px) {.uagb-block-27431b2e.wp-block-uagb-image .wp-block-uagb-image__figure img{width: 291px;height: auto;}}@media only screen and (max-width: 767px) {.uagb-block-27431b2e.wp-block-uagb-image .wp-block-uagb-image__figure img{width: 291px;height: auto;}}\";s:2:\"js\";s:575:\"document.addEventListener(\"DOMContentLoaded\", function(){ \t\t\t\twindow.addEventListener( 'DOMContentLoaded', () => {\n\t\t\t\t\tconst blockScope = document.querySelector( '.uagb-block-36e55f8d' );\n\t\t\t\t\tif ( ! blockScope ) {\n\t\t\t\t\t\treturn;\n\t\t\t\t\t}\n\n\t\t\t\t\tconst anchorElement = blockScope.querySelector('a');\n\t\t\t\t\tif (!anchorElement) {\n\t\t\t\t\t\treturn;\n\t\t\t\t\t} \n\n\t\t\t\t\t \n\t\t\t\t\tblockScope.addEventListener('keydown', (event) => {\n\t\t\t\t\t\tif ( 13 === event.keyCode || 32 === event.keyCode ) {\n\t\t\t\t\t\t\tevent.preventDefault();\n\t\t\t\t\t\t\t \n\t\t\t\t\t\t\tanchorElement.click();\t\n\t\t\t\t\t\t}\n\t\t\t\t\t} );\n\t\t\t\t} );\n\t\t\t });\";s:18:\"current_block_list\";a:12:{i:0;s:10:\"uagb\/image\";i:1;s:14:\"core\/paragraph\";i:2;s:9:\"uagb\/icon\";i:3;s:21:\"uagb\/advanced-heading\";i:4;s:12:\"core\/buttons\";i:5;s:11:\"core\/button\";i:6;s:21:\"trp\/language-switcher\";i:7;s:26:\"woocommerce\/filter-wrapper\";i:8;s:12:\"core\/heading\";i:9;s:28:\"woocommerce\/attribute-filter\";i:10;s:24:\"woocommerce\/stock-filter\";i:11;s:24:\"woocommerce\/price-filter\";}s:8:\"uag_flag\";b:1;s:11:\"uag_version\";i:1776570124;s:6:\"gfonts\";a:0:{}s:10:\"gfonts_url\";s:0:\"\";s:12:\"gfonts_files\";a:0:{}s:14:\"uag_faq_layout\";b:0;}"]},"uagb_featured_image_src":{"full":["https:\/\/golden-group.eu\/wp-content\/uploads\/2025\/11\/Materac-dla-kierowcy-busa-rzut-z-boku.webp",2000,2000,false],"thumbnail":["https:\/\/golden-group.eu\/wp-content\/uploads\/2025\/11\/Materac-dla-kierowcy-busa-rzut-z-boku.webp",96,96,false],"medium":["https:\/\/golden-group.eu\/wp-content\/uploads\/2025\/11\/Materac-dla-kierowcy-busa-rzut-z-boku.webp",2000,2000,false],"medium_large":["https:\/\/golden-group.eu\/wp-content\/uploads\/2025\/11\/Materac-dla-kierowcy-busa-rzut-z-boku-768x768.webp",768,768,true],"large":["https:\/\/golden-group.eu\/wp-content\/uploads\/2025\/11\/Materac-dla-kierowcy-busa-rzut-z-boku.webp",2000,2000,false],"1536x1536":["https:\/\/golden-group.eu\/wp-content\/uploads\/2025\/11\/Materac-dla-kierowcy-busa-rzut-z-boku-1536x1536.webp",1536,1536,true],"2048x2048":["https:\/\/golden-group.eu\/wp-content\/uploads\/2025\/11\/Materac-dla-kierowcy-busa-rzut-z-boku.webp",2000,2000,false],"trp-custom-language-flag":["https:\/\/golden-group.eu\/wp-content\/uploads\/2025\/11\/Materac-dla-kierowcy-busa-rzut-z-boku-12x12.webp",12,12,true],"mailpoet_newsletter_max":["https:\/\/golden-group.eu\/wp-content\/uploads\/2025\/11\/Materac-dla-kierowcy-busa-rzut-z-boku-1320x1320.webp",1320,1320,true],"woocommerce_thumbnail":["https:\/\/golden-group.eu\/wp-content\/uploads\/2025\/11\/Materac-dla-kierowcy-busa-rzut-z-boku-800x800.webp",800,800,true],"woocommerce_single":["https:\/\/golden-group.eu\/wp-content\/uploads\/2025\/11\/Materac-dla-kierowcy-busa-rzut-z-boku-1250x1250.webp",1250,1250,true],"woocommerce_gallery_thumbnail":["https:\/\/golden-group.eu\/wp-content\/uploads\/2025\/11\/Materac-dla-kierowcy-busa-rzut-z-boku-250x250.webp",250,250,true]},"uagb_author_info":{"display_name":"golden","author_link":"https:\/\/golden-group.eu\/en\/author\/"},"uagb_comment_info":0,"uagb_excerpt":null,"_links":{"self":[{"href":"https:\/\/golden-group.eu\/en\/wp-json\/wp\/v2\/product\/58783","targetHints":{"allow":["GET"]}}],"collection":[{"href":"https:\/\/golden-group.eu\/en\/wp-json\/wp\/v2\/product"}],"about":[{"href":"https:\/\/golden-group.eu\/en\/wp-json\/wp\/v2\/types\/product"}],"replies":[{"embeddable":true,"href":"https:\/\/golden-group.eu\/en\/wp-json\/wp\/v2\/comments?post=58783"}],"wp:featuredmedia":[{"embeddable":true,"href":"https:\/\/golden-group.eu\/en\/wp-json\/wp\/v2\/media\/58723"}],"wp:attachment":[{"href":"https:\/\/golden-group.eu\/en\/wp-json\/wp\/v2\/media?parent=58783"}],"wp:term":[{"taxonomy":"product_brand","embeddable":true,"href":"https:\/\/golden-group.eu\/en\/wp-json\/wp\/v2\/product_brand?post=58783"},{"taxonomy":"product_cat","embeddable":true,"href":"https:\/\/golden-group.eu\/en\/wp-json\/wp\/v2\/product_cat?post=58783"},{"taxonomy":"product_tag","embeddable":true,"href":"https:\/\/golden-group.eu\/en\/wp-json\/wp\/v2\/product_tag?post=58783"}],"curies":[{"name":"wp","href":"https:\/\/api.w.org\/{rel}","templated":true}]}}