{"id":60006,"date":"2025-11-19T11:17:02","date_gmt":"2025-11-19T10:17:02","guid":{"rendered":"https:\/\/golden-group.eu\/?post_type=product&#038;p=60006"},"modified":"2026-03-16T13:52:19","modified_gmt":"2026-03-16T12:52:19","slug":"poduszka-worek-sako","status":"publish","type":"product","link":"https:\/\/golden-group.eu\/en\/product\/poduszka-worek-sako\/","title":{"rendered":"Poduszka- worek sako"},"content":{"rendered":"<h2 data-start=\"395\" data-end=\"805\"><strong data-start=\"395\" data-end=\"620\">Poduszka -Worek sako<\/strong><\/h2>\n<p data-start=\"395\" data-end=\"805\"><strong data-start=\"395\" data-end=\"620\">Wype\u0142niony granulatem piankowym i kulk\u0105 silikonow\u0105 <\/strong><strong data-start=\"395\" data-end=\"620\">to nowoczesne, wyj\u0105tkowo komfortowe siedzisko stworzone z my\u015bl\u0105 o codziennym u\u017cytkowaniu w szko\u0142ach, przedszkolach, domowych strefach relaksu oraz pokojach dzieci\u0119cych.<\/strong><br data-start=\"620\" data-end=\"623\" \/>Dzi\u0119ki po\u0142\u0105czeniu lekkiego granulatu piankowego oraz spr\u0119\u017cystej kulki silikonowej worek idealnie dopasowuje si\u0119 do cia\u0142a, zapewniaj\u0105c wygod\u0119 zar\u00f3wno podczas siedzenia, jak i le\u017cenia.<\/p>\n<p data-start=\"807\" data-end=\"1071\">Trwa\u0142a, odporna na przetarcia tkanina sprawia, \u017ce produkt doskonale nadaje si\u0119 tak\u017ce do intensywnie u\u017cytkowanych przestrzeni \u2013 \u015bwietlic, sal zabaw czy k\u0105cik\u00f3w czytelniczych. Siedzisko zachowuje sw\u00f3j kszta\u0142t i nie odkszta\u0142ca si\u0119 nawet przy d\u0142ugotrwa\u0142ym u\u017cytkowaniu.<\/p>\n<p data-start=\"1073\" data-end=\"1324\">Worek\u2013sako wyposa\u017cony jest w praktyczny, zdejmowany pokrowiec z zamkiem b\u0142yskawicznym, kt\u00f3ry mo\u017cna \u0142atwo wypra\u0107. Wn\u0119trze posiada dodatkowy worek ochronny zabezpieczaj\u0105cy wype\u0142nienie, co u\u0142atwia utrzymanie higieny i znacz\u0105co wyd\u0142u\u017ca \u017cywotno\u015b\u0107 produktu.<\/p>\n<p data-start=\"1326\" data-end=\"1450\">To po\u0142\u0105czenie komfortu, trwa\u0142o\u015bci i bezpiecze\u0144stwa \u2014 idealne do miejsc, w kt\u00f3rych liczy si\u0119 wygoda oraz \u0142atwo\u015b\u0107 piel\u0119gnacji.<\/p>\n<h3 data-start=\"1359\" data-end=\"1373\"><strong data-start=\"1359\" data-end=\"1371\">Dimensions:<\/strong><\/h3>\n<ul data-start=\"1374\" data-end=\"1536\">\n<li data-start=\"1374\" data-end=\"1434\">\n<p data-start=\"1376\" data-end=\"1434\"><strong data-start=\"1376\" data-end=\"1399\">Wysoko\u015b\u0107 ca\u0142kowita:<\/strong> 30-40cm<\/p>\n<\/li>\n<li data-start=\"1435\" data-end=\"1486\">\n<p data-start=\"1437\" data-end=\"1486\"><strong data-start=\"1437\" data-end=\"1451\">Szeroko\u015b\u0107: 100<\/strong>cm<\/p>\n<\/li>\n<li data-start=\"1487\" data-end=\"1536\">\n<p data-start=\"1489\" data-end=\"1536\"><strong data-start=\"1489\" data-end=\"1501\">Length: <\/strong>140cm<\/p>\n<\/li>\n<\/ul>\n<h3 data-start=\"1538\" data-end=\"1560\"><strong data-start=\"1538\" data-end=\"1558\">Zalety produktu:<\/strong><\/h3>\n<ul data-start=\"1561\" data-end=\"2060\">\n<li data-start=\"1561\" data-end=\"1636\">\n<p data-start=\"1563\" data-end=\"1636\">Wype\u0142nienie z granulatem\u00a0 piankowym i kulk\u0105 silikonow\u0105\u00a0 \u2013worek idealnie dopasowuje si\u0119 do cia\u0142a<\/p>\n<\/li>\n<li data-start=\"1687\" data-end=\"1766\">\n<p data-start=\"1689\" data-end=\"1766\">Zdejmowany pokrowiec z tkaniny wodoodpornej \u2013 \u0142atwy w utrzymaniu czysto\u015bci.<\/p>\n<\/li>\n<li data-start=\"1767\" data-end=\"1824\">\n<p data-start=\"1769\" data-end=\"1824\">Dodatkowy pokrowiec wewn\u0119trzny chroni\u0105cy wype\u0142nienie.<\/p>\n<\/li>\n<li data-start=\"1825\" data-end=\"1892\">\n<p data-start=\"1827\" data-end=\"1892\">Wodoodporna tkanina \u2013 mo\u017cliwo\u015b\u0107 u\u017cytkowania r\u00f3wnie\u017c w ogrodzie.<\/p>\n<\/li>\n<li data-start=\"1893\" data-end=\"1984\">\n<p data-start=\"1895\" data-end=\"1984\">Odpowiednia wysoko\u015b\u0107 i ergonomiczny kszta\u0142t \u2013 komfort siedzenia dla dzieci i doros\u0142ych.<\/p>\n<\/li>\n<li data-start=\"1985\" data-end=\"2060\">\n<p data-start=\"1987\" data-end=\"2060\">Przeznaczona dla przedszkoli, szk\u00f3\u0142, \u015bwietlic, stref relaksu i ogrod\u00f3w.<\/p>\n<\/li>\n<\/ul>\n<h3 data-start=\"2062\" data-end=\"2081\"><strong data-start=\"2062\" data-end=\"2079\">Specification:<\/strong><\/h3>\n<ul data-start=\"2082\" data-end=\"2302\">\n<li data-start=\"2082\" data-end=\"2139\">\n<p data-start=\"2084\" data-end=\"2139\">Materia\u0142: tkanina wodoodporna, odporna na zabrudzenia<\/p>\n<\/li>\n<li data-start=\"2140\" data-end=\"2174\">\n<p data-start=\"2142\" data-end=\"2174\">Wype\u0142nienie: granulat piankowy, kulka silikonowa<\/p>\n<\/li>\n<li data-start=\"2175\" data-end=\"2220\">\n<p data-start=\"2177\" data-end=\"2220\">Pokrowiec: zdejmowany, zamek b\u0142yskawiczny<\/p>\n<\/li>\n<li data-start=\"2221\" data-end=\"2250\">\n<p data-start=\"2223\" data-end=\"2250\">Pokrowiec wewn\u0119trzny: tak<\/p>\n<\/li>\n<li data-start=\"2251\" data-end=\"2302\">\n<p data-start=\"2253\" data-end=\"2302\">Zastosowanie: wn\u0119trza i przestrzenie zewn\u0119trzne<\/p>\n<\/li>\n<\/ul>\n<p data-start=\"395\" data-end=\"805\"><strong data-start=\"395\" data-end=\"620\">Worek\u2013sako <\/strong>z granulatem piankowym i kulk\u0105 silikonow\u0105 to praktyczne, trwa\u0142e i bezpieczne rozwi\u0105zanie, kt\u00f3re zapewnia wygod\u0119 i estetyczny wygl\u0105d w ka\u017cdej przestrzeni edukacyjnej lub rekreacyjnej.<\/p>\n<p data-start=\"395\" data-end=\"805\">Plik do pobrania-certyfikat<\/p>\n<p><a href=\"https:\/\/golden-group.eu\/wp-content\/uploads\/2025\/11\/worek-saco-kolory.pdf\">https:\/\/golden-group.eu\/wp-content\/uploads\/2025\/11\/worek-saco-kolory.pdf<\/a><\/p>","protected":false},"excerpt":{"rendered":"<p>Poduszka -Worek sako Wype\u0142niony granulatem piankowym i kulk\u0105 silikonow\u0105 to nowoczesne, wyj\u0105tkowo komfortowe siedzisko stworzone z my\u015bl\u0105 o codziennym u\u017cytkowaniu w szko\u0142ach, przedszkolach, domowych strefach relaksu oraz pokojach dzieci\u0119cych.Dzi\u0119ki po\u0142\u0105czeniu lekkiego granulatu piankowego oraz spr\u0119\u017cystej kulki silikonowej worek idealnie dopasowuje si\u0119 do cia\u0142a, zapewniaj\u0105c wygod\u0119 zar\u00f3wno podczas siedzenia, jak i le\u017cenia. Trwa\u0142a, odporna na przetarcia [&hellip;]<\/p>\n","protected":false},"featured_media":60035,"comment_status":"open","ping_status":"closed","template":"","meta":{"_acf_changed":false,"_uag_custom_page_level_css":"","site-sidebar-layout":"default","site-content-layout":"","ast-site-content-layout":"default","site-content-style":"default","site-sidebar-style":"default","ast-global-header-display":"","ast-banner-title-visibility":"","ast-main-header-display":"","ast-hfb-above-header-display":"","ast-hfb-below-header-display":"","ast-hfb-mobile-header-display":"","site-post-title":"","ast-breadcrumbs-content":"","ast-featured-img":"","footer-sml-layout":"","ast-disable-related-posts":"","theme-transparent-header-meta":"default","adv-header-id-meta":"","stick-header-meta":"default","header-above-stick-meta":"","header-main-stick-meta":"","header-below-stick-meta":"","astra-migrate-meta-layouts":"set","ast-page-background-enabled":"default","ast-page-background-meta":{"desktop":{"background-color":"","background-image":"","background-repeat":"repeat","background-position":"center center","background-size":"auto","background-attachment":"scroll","background-type":"","background-media":"","overlay-type":"","overlay-color":"","overlay-opacity":"","overlay-gradient":""},"tablet":{"background-color":"","background-image":"","background-repeat":"repeat","background-position":"center center","background-size":"auto","background-attachment":"scroll","background-type":"","background-media":"","overlay-type":"","overlay-color":"","overlay-opacity":"","overlay-gradient":""},"mobile":{"background-color":"","background-image":"","background-repeat":"repeat","background-position":"center center","background-size":"auto","background-attachment":"scroll","background-type":"","background-media":"","overlay-type":"","overlay-color":"","overlay-opacity":"","overlay-gradient":""}},"ast-content-background-meta":{"desktop":{"background-color":"var(--ast-global-color-5)","background-image":"","background-repeat":"repeat","background-position":"center center","background-size":"auto","background-attachment":"scroll","background-type":"","background-media":"","overlay-type":"","overlay-color":"","overlay-opacity":"","overlay-gradient":""},"tablet":{"background-color":"var(--ast-global-color-5)","background-image":"","background-repeat":"repeat","background-position":"center center","background-size":"auto","background-attachment":"scroll","background-type":"","background-media":"","overlay-type":"","overlay-color":"","overlay-opacity":"","overlay-gradient":""},"mobile":{"background-color":"var(--ast-global-color-5)","background-image":"","background-repeat":"repeat","background-position":"center center","background-size":"auto","background-attachment":"scroll","background-type":"","background-media":"","overlay-type":"","overlay-color":"","overlay-opacity":"","overlay-gradient":""}}},"product_brand":[360],"product_cat":[392],"product_tag":[],"class_list":{"0":"post-60006","1":"product","2":"type-product","3":"status-publish","4":"has-post-thumbnail","6":"product_brand-golden-kids","7":"product_cat-oferta-dla-szkol-i-przedszkoli","8":"product_shipping_class-36zl","9":"desktop-align-center","10":"tablet-align-center","11":"mobile-align-center","12":"ast-product-gallery-layout-horizontal","13":"ast-product-single-variable","14":"ast-product-tabs-layout-accordion","16":"first","17":"instock","18":"taxable","19":"shipping-taxable","20":"purchasable","21":"product-type-variable","22":"add-to-wishlist-before_image"},"acf":[],"spectra_custom_meta":{"rank_math_internal_links_processed":["1","1","1","1","1","1"],"total_sales":["11"],"_tax_status":["taxable"],"_tax_class":[""],"_manage_stock":["no"],"_backorders":["no"],"_sold_individually":["no"],"_virtual":["no"],"_downloadable":["no"],"_product_image_gallery":["60037,60029,60030,60033,60036,60034,60022,60023,60024,60025,60026,60027,60028"],"_download_limit":["0"],"_download_expiry":["0"],"_thumbnail_id":["60035"],"_stock":[null],"_stock_status":["instock"],"_wc_average_rating":["0"],"_wc_review_count":["0"],"_product_attributes":["a:4:{s:14:\"pa_kolorystyka\";a:6:{s:4:\"name\";s:14:\"pa_kolorystyka\";s:5:\"value\";s:0:\"\";s:8:\"position\";i:0;s:10:\"is_visible\";i:0;s:12:\"is_variation\";i:1;s:11:\"is_taxonomy\";i:1;}s:7:\"dlugosc\";a:6:{s:4:\"name\";s:10:\"D\u0142ugo\u015b\u0107\";s:5:\"value\";s:5:\"138cm\";s:8:\"position\";i:1;s:10:\"is_visible\";i:1;s:12:\"is_variation\";i:0;s:11:\"is_taxonomy\";i:0;}s:9:\"szerokosc\";a:6:{s:4:\"name\";s:11:\"Szeroko\u015b\u0107\";s:5:\"value\";s:4:\"98cm\";s:8:\"position\";i:2;s:10:\"is_visible\";i:1;s:12:\"is_variation\";i:0;s:11:\"is_taxonomy\";i:0;}s:11:\"pa_wysokosc\";a:6:{s:4:\"name\";s:11:\"pa_wysokosc\";s:5:\"value\";s:0:\"\";s:8:\"position\";i:3;s:10:\"is_visible\";i:1;s:12:\"is_variation\";i:0;s:11:\"is_taxonomy\";i:1;}}"],"_product_version":["10.6.1"],"site-sidebar-layout":["default"],"ast-site-content-layout":["default"],"site-content-style":["default"],"site-sidebar-style":["default"],"theme-transparent-header-meta":["default"],"stick-header-meta":["default"],"_iwo_price_last_change":["a:4:{s:5:\"price\";s:0:\"\";s:10:\"price_sale\";s:0:\"\";s:19:\"price_including_tax\";d:2170;s:9:\"timestamp\";i:1729766962;}"],"astra_style_timestamp_css":["1733732304"],"rank_math_seo_score":["14"],"rank_math_primary_product_cat":["392"],"rank_math_focus_keyword":["basen z kulkami,basen z kulkami xxl"],"tabela_rozmiarow":[""],"_tabela_rozmiarow":["field_67a2094c6aa58"],"_pys_head_footer":["a:7:{s:14:\"disable_global\";b:0;s:8:\"head_any\";s:0:\"\";s:12:\"head_desktop\";s:0:\"\";s:11:\"head_mobile\";s:0:\"\";s:10:\"footer_any\";s:0:\"\";s:14:\"footer_desktop\";s:0:\"\";s:13:\"footer_mobile\";s:0:\"\";}"],"rank_math_primary_product_brand":["0"],"_edit_lock":["1764328203:2"],"_edit_last":["2"],"_oembed_3b33e1d658785abb0cbcab949c7338b8":["{{unknown}}"],"astra-migrate-meta-layouts":["set"],"_price":["199"],"_uag_page_assets":["a:9:{s:3:\"css\";s:10439:\".uagb-block-0871d717.wp-block-uagb-image{text-align: left;justify-content: flex-start;align-self: flex-start;}.uagb-block-0871d717 .wp-block-uagb-image__figure{align-items: flex-start;}.uagb-block-0871d717.wp-block-uagb-image--layout-default figure img{box-shadow: 0px 0px 0 #00000070;}.uagb-block-0871d717.wp-block-uagb-image .wp-block-uagb-image__figure figcaption{font-style: normal;align-self: center;}.uagb-block-0871d717.wp-block-uagb-image--layout-overlay figure img{box-shadow: 0px 0px 0 #00000070;}.uagb-block-0871d717.wp-block-uagb-image--layout-overlay .wp-block-uagb-image--layout-overlay__color-wrapper{opacity: 0.2;}.uagb-block-0871d717.wp-block-uagb-image--layout-overlay .wp-block-uagb-image--layout-overlay__inner{left: 15px;right: 15px;top: 15px;bottom: 15px;}.uagb-block-0871d717.wp-block-uagb-image--layout-overlay .wp-block-uagb-image--layout-overlay__inner .uagb-image-heading{font-style: normal;color: #fff;opacity: 1;}.uagb-block-0871d717.wp-block-uagb-image--layout-overlay .wp-block-uagb-image--layout-overlay__inner .uagb-image-heading a{color: #fff;}.uagb-block-0871d717.wp-block-uagb-image--layout-overlay .wp-block-uagb-image--layout-overlay__inner .uagb-image-caption{opacity: 0;}.uagb-block-0871d717.wp-block-uagb-image--layout-overlay .wp-block-uagb-image__figure:hover .wp-block-uagb-image--layout-overlay__color-wrapper{opacity: 1;}.uagb-block-0871d717.wp-block-uagb-image .wp-block-uagb-image--layout-overlay__inner .uagb-image-separator{width: 30%;border-top-width: 2px;border-top-color: #fff;opacity: 0;}.uagb-block-0871d717.wp-block-uagb-image .wp-block-uagb-image__figure img{width: 91px;height: auto;}.uagb-block-0871d717.wp-block-uagb-image .wp-block-uagb-image__figure:hover .wp-block-uagb-image--layout-overlay__inner .uagb-image-caption{opacity: 1;}.uagb-block-0871d717.wp-block-uagb-image .wp-block-uagb-image__figure:hover .wp-block-uagb-image--layout-overlay__inner .uagb-image-separator{opacity: 1;}.uagb-block-0871d717.wp-block-uagb-image--layout-default figure:hover img{box-shadow: 0px 0px 0 #00000070;}.uagb-block-0871d717.wp-block-uagb-image--layout-overlay figure:hover img{box-shadow: 0px 0px 0 #00000070;}@media only screen and (max-width: 976px) {.uagb-block-0871d717.wp-block-uagb-image .wp-block-uagb-image__figure img{width: 91px;height: auto;}}@media only screen and (max-width: 767px) {.uagb-block-0871d717.wp-block-uagb-image .wp-block-uagb-image__figure img{width: 91px;height: auto;}} .uagb-block-36e55f8d.uagb-icon-wrapper{text-align: center;} .uagb-block-36e55f8d.uagb-icon-wrapper .uagb-svg-wrapper a{display: contents;} .uagb-block-36e55f8d.uagb-icon-wrapper svg{width: 20px;height: 20px;transform: rotate(0deg);box-sizing: content-box;fill: #333;filter: drop-shadow( 0px 0px 0px #00000070 );} .uagb-block-36e55f8d.uagb-icon-wrapper .uagb-svg-wrapper{display: inline-flex;padding-top: 0px;padding-right: 0px;padding-bottom: 0px;padding-left: 0px;border-style: default;box-shadow: 0px 0px 0 #00000070 ;} .uagb-block-36e55f8d.uagb-icon-wrapper .uagb-svg-wrapper:hover{box-shadow: 0px 0px 0 #00000070 ;} .uagb-block-36e55f8d.uagb-icon-wrapper .uagb-svg-wrapper:focus-visible{box-shadow: 0px 0px 0 #00000070 ;} .uagb-block-36e55f8d.uagb-icon-wrapper.wp-block-uagb-icon--has-margin .uagb-icon-margin-wrapper{margin-top: 0px;margin-right: 0px;margin-bottom: 0px;margin-left: 0px;}@media only screen and (max-width: 976px) { .uagb-block-36e55f8d.uagb-icon-wrapper .uagb-svg-wrapper{display: inline-flex;}}@media only screen and (max-width: 767px) { .uagb-block-36e55f8d.uagb-icon-wrapper .uagb-svg-wrapper{display: inline-flex;} .uagb-block-36e55f8d.uagb-icon-wrapper.wp-block-uagb-icon--has-margin .uagb-icon-margin-wrapper{margin-top: 0px;margin-right: 0px;margin-bottom: 0px;margin-left: 0px;}}.wp-block-uagb-advanced-heading.uagb-block-b31b8376.wp-block-uagb-advanced-heading .uagb-heading-text{color: #ffffff;}.wp-block-uagb-advanced-heading.uagb-block-b31b8376.wp-block-uagb-advanced-heading a{color: #ffffff;}.wp-block-uagb-advanced-heading.uagb-block-b31b8376.wp-block-uagb-advanced-heading a:hover{color: #d6d6d6;}.wp-block-uagb-advanced-heading.uagb-block-b31b8376.wp-block-uagb-advanced-heading .uagb-desc-text{color: #ffffff;margin-bottom: 15px;}.wp-block-uagb-advanced-heading.uagb-block-b31b8376.wp-block-uagb-advanced-heading .uagb-highlight{font-style: normal;font-weight: Default;background: #007cba;color: #fff;-webkit-text-fill-color: #fff;}.wp-block-uagb-advanced-heading.uagb-block-b31b8376.wp-block-uagb-advanced-heading .uagb-highlight::-moz-selection{color: #fff;background: #007cba;-webkit-text-fill-color: #fff;}.wp-block-uagb-advanced-heading.uagb-block-b31b8376.wp-block-uagb-advanced-heading .uagb-highlight::selection{color: #fff;background: #007cba;-webkit-text-fill-color: #fff;}.wp-block-uagb-advanced-heading.uagb-block-b31b8376 .uagb-heading-text{font-weight: 400;font-size: 21px;margin-bottom: 15px;}@media only screen and (max-width: 767px) {.wp-block-uagb-advanced-heading.uagb-block-b31b8376.wp-block-uagb-advanced-heading {text-align: left;}}.wp-block-uagb-advanced-heading.uagb-block-ad29589e.wp-block-uagb-advanced-heading .uagb-desc-text{margin-bottom: 15px;}.wp-block-uagb-advanced-heading.uagb-block-ad29589e.wp-block-uagb-advanced-heading .uagb-highlight{font-style: normal;font-weight: Default;background: #007cba;color: #fff;-webkit-text-fill-color: #fff;}.wp-block-uagb-advanced-heading.uagb-block-ad29589e.wp-block-uagb-advanced-heading .uagb-highlight::-moz-selection{color: #fff;background: #007cba;-webkit-text-fill-color: #fff;}.wp-block-uagb-advanced-heading.uagb-block-ad29589e.wp-block-uagb-advanced-heading .uagb-highlight::selection{color: #fff;background: #007cba;-webkit-text-fill-color: #fff;}.uagb-block-0a5196e9.wp-block-uagb-image{text-align: left;justify-content: flex-start;align-self: flex-start;}.uagb-block-0a5196e9 .wp-block-uagb-image__figure{align-items: flex-start;}.uagb-block-0a5196e9.wp-block-uagb-image--layout-default figure img{box-shadow: 0px 0px 0 #00000070;}.uagb-block-0a5196e9.wp-block-uagb-image .wp-block-uagb-image__figure figcaption{font-style: normal;align-self: center;}.uagb-block-0a5196e9.wp-block-uagb-image--layout-overlay figure img{box-shadow: 0px 0px 0 #00000070;}.uagb-block-0a5196e9.wp-block-uagb-image--layout-overlay .wp-block-uagb-image--layout-overlay__color-wrapper{opacity: 0.2;}.uagb-block-0a5196e9.wp-block-uagb-image--layout-overlay .wp-block-uagb-image--layout-overlay__inner{left: 15px;right: 15px;top: 15px;bottom: 15px;}.uagb-block-0a5196e9.wp-block-uagb-image--layout-overlay .wp-block-uagb-image--layout-overlay__inner .uagb-image-heading{font-style: normal;color: #fff;opacity: 1;}.uagb-block-0a5196e9.wp-block-uagb-image--layout-overlay .wp-block-uagb-image--layout-overlay__inner .uagb-image-heading a{color: #fff;}.uagb-block-0a5196e9.wp-block-uagb-image--layout-overlay .wp-block-uagb-image--layout-overlay__inner .uagb-image-caption{opacity: 0;}.uagb-block-0a5196e9.wp-block-uagb-image--layout-overlay .wp-block-uagb-image__figure:hover .wp-block-uagb-image--layout-overlay__color-wrapper{opacity: 1;}.uagb-block-0a5196e9.wp-block-uagb-image .wp-block-uagb-image--layout-overlay__inner .uagb-image-separator{width: 30%;border-top-width: 2px;border-top-color: #fff;opacity: 0;}.uagb-block-0a5196e9.wp-block-uagb-image .wp-block-uagb-image__figure img{width: 130px;height: auto;}.uagb-block-0a5196e9.wp-block-uagb-image .wp-block-uagb-image__figure:hover .wp-block-uagb-image--layout-overlay__inner .uagb-image-caption{opacity: 1;}.uagb-block-0a5196e9.wp-block-uagb-image .wp-block-uagb-image__figure:hover .wp-block-uagb-image--layout-overlay__inner .uagb-image-separator{opacity: 1;}.uagb-block-0a5196e9.wp-block-uagb-image--layout-default figure:hover img{box-shadow: 0px 0px 0 #00000070;}.uagb-block-0a5196e9.wp-block-uagb-image--layout-overlay figure:hover img{box-shadow: 0px 0px 0 #00000070;}@media only screen and (max-width: 976px) {.uagb-block-0a5196e9.wp-block-uagb-image .wp-block-uagb-image__figure img{width: 130px;height: auto;}}@media only screen and (max-width: 767px) {.uagb-block-0a5196e9.wp-block-uagb-image .wp-block-uagb-image__figure img{width: 130px;height: auto;}}.uagb-block-27431b2e.wp-block-uagb-image--layout-default figure img{box-shadow: 0px 0px 0 #00000070;}.uagb-block-27431b2e.wp-block-uagb-image .wp-block-uagb-image__figure figcaption{font-style: normal;align-self: center;}.uagb-block-27431b2e.wp-block-uagb-image--layout-overlay figure img{box-shadow: 0px 0px 0 #00000070;}.uagb-block-27431b2e.wp-block-uagb-image--layout-overlay .wp-block-uagb-image--layout-overlay__color-wrapper{opacity: 0.2;}.uagb-block-27431b2e.wp-block-uagb-image--layout-overlay .wp-block-uagb-image--layout-overlay__inner{left: 15px;right: 15px;top: 15px;bottom: 15px;}.uagb-block-27431b2e.wp-block-uagb-image--layout-overlay .wp-block-uagb-image--layout-overlay__inner .uagb-image-heading{font-style: normal;color: #fff;opacity: 1;}.uagb-block-27431b2e.wp-block-uagb-image--layout-overlay .wp-block-uagb-image--layout-overlay__inner .uagb-image-heading a{color: #fff;}.uagb-block-27431b2e.wp-block-uagb-image--layout-overlay .wp-block-uagb-image--layout-overlay__inner .uagb-image-caption{opacity: 0;}.uagb-block-27431b2e.wp-block-uagb-image--layout-overlay .wp-block-uagb-image__figure:hover .wp-block-uagb-image--layout-overlay__color-wrapper{opacity: 1;}.uagb-block-27431b2e.wp-block-uagb-image .wp-block-uagb-image--layout-overlay__inner .uagb-image-separator{width: 30%;border-top-width: 2px;border-top-color: #fff;opacity: 0;}.uagb-block-27431b2e.wp-block-uagb-image .wp-block-uagb-image__figure img{width: 291px;height: auto;}.uagb-block-27431b2e.wp-block-uagb-image .wp-block-uagb-image__figure:hover .wp-block-uagb-image--layout-overlay__inner .uagb-image-caption{opacity: 1;}.uagb-block-27431b2e.wp-block-uagb-image .wp-block-uagb-image__figure:hover .wp-block-uagb-image--layout-overlay__inner .uagb-image-separator{opacity: 1;}.uagb-block-27431b2e.wp-block-uagb-image--layout-default figure:hover img{box-shadow: 0px 0px 0 #00000070;}.uagb-block-27431b2e.wp-block-uagb-image--layout-overlay figure:hover img{box-shadow: 0px 0px 0 #00000070;}@media only screen and (max-width: 976px) {.uagb-block-27431b2e.wp-block-uagb-image .wp-block-uagb-image__figure img{width: 291px;height: auto;}}@media only screen and (max-width: 767px) {.uagb-block-27431b2e.wp-block-uagb-image .wp-block-uagb-image__figure img{width: 291px;height: auto;}}\";s:2:\"js\";s:575:\"document.addEventListener(\"DOMContentLoaded\", function(){ \t\t\t\twindow.addEventListener( 'DOMContentLoaded', () => {\n\t\t\t\t\tconst blockScope = document.querySelector( '.uagb-block-36e55f8d' );\n\t\t\t\t\tif ( ! blockScope ) {\n\t\t\t\t\t\treturn;\n\t\t\t\t\t}\n\n\t\t\t\t\tconst anchorElement = blockScope.querySelector('a');\n\t\t\t\t\tif (!anchorElement) {\n\t\t\t\t\t\treturn;\n\t\t\t\t\t} \n\n\t\t\t\t\t \n\t\t\t\t\tblockScope.addEventListener('keydown', (event) => {\n\t\t\t\t\t\tif ( 13 === event.keyCode || 32 === event.keyCode ) {\n\t\t\t\t\t\t\tevent.preventDefault();\n\t\t\t\t\t\t\t \n\t\t\t\t\t\t\tanchorElement.click();\t\n\t\t\t\t\t\t}\n\t\t\t\t\t} );\n\t\t\t\t} );\n\t\t\t });\";s:18:\"current_block_list\";a:12:{i:0;s:10:\"uagb\/image\";i:1;s:14:\"core\/paragraph\";i:2;s:9:\"uagb\/icon\";i:3;s:21:\"uagb\/advanced-heading\";i:4;s:12:\"core\/buttons\";i:5;s:11:\"core\/button\";i:6;s:21:\"trp\/language-switcher\";i:7;s:26:\"woocommerce\/filter-wrapper\";i:8;s:12:\"core\/heading\";i:9;s:28:\"woocommerce\/attribute-filter\";i:10;s:24:\"woocommerce\/stock-filter\";i:11;s:24:\"woocommerce\/price-filter\";}s:8:\"uag_flag\";b:1;s:11:\"uag_version\";i:1777323498;s:6:\"gfonts\";a:0:{}s:10:\"gfonts_url\";s:0:\"\";s:12:\"gfonts_files\";a:0:{}s:14:\"uag_faq_layout\";b:0;}"]},"uagb_featured_image_src":{"full":["https:\/\/golden-group.eu\/wp-content\/uploads\/2025\/11\/worek-sako-niebieski-22.webp",2000,2000,false],"thumbnail":["https:\/\/golden-group.eu\/wp-content\/uploads\/2025\/11\/worek-sako-niebieski-22.webp",96,96,false],"medium":["https:\/\/golden-group.eu\/wp-content\/uploads\/2025\/11\/worek-sako-niebieski-22.webp",2000,2000,false],"medium_large":["https:\/\/golden-group.eu\/wp-content\/uploads\/2025\/11\/worek-sako-niebieski-22-768x768.webp",768,768,true],"large":["https:\/\/golden-group.eu\/wp-content\/uploads\/2025\/11\/worek-sako-niebieski-22.webp",2000,2000,false],"1536x1536":["https:\/\/golden-group.eu\/wp-content\/uploads\/2025\/11\/worek-sako-niebieski-22-1536x1536.webp",1536,1536,true],"2048x2048":["https:\/\/golden-group.eu\/wp-content\/uploads\/2025\/11\/worek-sako-niebieski-22.webp",2000,2000,false],"trp-custom-language-flag":["https:\/\/golden-group.eu\/wp-content\/uploads\/2025\/11\/worek-sako-niebieski-22-12x12.webp",12,12,true],"mailpoet_newsletter_max":["https:\/\/golden-group.eu\/wp-content\/uploads\/2025\/11\/worek-sako-niebieski-22-1320x1320.webp",1320,1320,true],"woocommerce_thumbnail":["https:\/\/golden-group.eu\/wp-content\/uploads\/2025\/11\/worek-sako-niebieski-22-800x800.webp",800,800,true],"woocommerce_single":["https:\/\/golden-group.eu\/wp-content\/uploads\/2025\/11\/worek-sako-niebieski-22-1250x1250.webp",1250,1250,true],"woocommerce_gallery_thumbnail":["https:\/\/golden-group.eu\/wp-content\/uploads\/2025\/11\/worek-sako-niebieski-22-250x250.webp",250,250,true]},"uagb_author_info":{"display_name":"golden","author_link":"https:\/\/golden-group.eu\/en\/author\/"},"uagb_comment_info":0,"uagb_excerpt":"Poduszka -Worek sako Wype\u0142niony granulatem piankowym i kulk\u0105 silikonow\u0105 to nowoczesne, wyj\u0105tkowo komfortowe siedzisko stworzone z my\u015bl\u0105 o codziennym u\u017cytkowaniu w szko\u0142ach, przedszkolach, domowych strefach relaksu oraz pokojach dzieci\u0119cych.Dzi\u0119ki po\u0142\u0105czeniu lekkiego granulatu piankowego oraz spr\u0119\u017cystej kulki silikonowej worek idealnie dopasowuje si\u0119 do cia\u0142a, zapewniaj\u0105c wygod\u0119 zar\u00f3wno podczas siedzenia, jak i le\u017cenia. Trwa\u0142a, odporna na przetarcia&hellip;","_links":{"self":[{"href":"https:\/\/golden-group.eu\/en\/wp-json\/wp\/v2\/product\/60006","targetHints":{"allow":["GET"]}}],"collection":[{"href":"https:\/\/golden-group.eu\/en\/wp-json\/wp\/v2\/product"}],"about":[{"href":"https:\/\/golden-group.eu\/en\/wp-json\/wp\/v2\/types\/product"}],"replies":[{"embeddable":true,"href":"https:\/\/golden-group.eu\/en\/wp-json\/wp\/v2\/comments?post=60006"}],"wp:featuredmedia":[{"embeddable":true,"href":"https:\/\/golden-group.eu\/en\/wp-json\/wp\/v2\/media\/60035"}],"wp:attachment":[{"href":"https:\/\/golden-group.eu\/en\/wp-json\/wp\/v2\/media?parent=60006"}],"wp:term":[{"taxonomy":"product_brand","embeddable":true,"href":"https:\/\/golden-group.eu\/en\/wp-json\/wp\/v2\/product_brand?post=60006"},{"taxonomy":"product_cat","embeddable":true,"href":"https:\/\/golden-group.eu\/en\/wp-json\/wp\/v2\/product_cat?post=60006"},{"taxonomy":"product_tag","embeddable":true,"href":"https:\/\/golden-group.eu\/en\/wp-json\/wp\/v2\/product_tag?post=60006"}],"curies":[{"name":"wp","href":"https:\/\/api.w.org\/{rel}","templated":true}]}}