{"id":60057,"date":"2025-11-19T12:56:12","date_gmt":"2025-11-19T11:56:12","guid":{"rendered":"https:\/\/golden-group.eu\/?post_type=product&#038;p=60057"},"modified":"2026-03-02T15:37:27","modified_gmt":"2026-03-02T14:37:27","slug":"poduszka-50x50-z-uchwytem","status":"publish","type":"product","link":"https:\/\/golden-group.eu\/en\/product\/poduszka-50x50-z-uchwytem\/","title":{"rendered":"Poduszka 50&#215;50 z uchwytem"},"content":{"rendered":"<h3 data-start=\"471\" data-end=\"793\"><strong data-start=\"471\" data-end=\"625\">Poduszka piankowa 50\u00d750\u00d712 cm<\/strong><\/h3>\n<p>&nbsp;<\/p>\n<p data-start=\"471\" data-end=\"793\"><strong data-start=\"471\" data-end=\"625\">To trwa\u0142e, stabilne i wygodne siedzisko stworzone do zabawy, siedzenia i aran\u017cacji przestrzeni dla dzieci oraz doros\u0142ych.<\/strong> Wykonana z <strong data-start=\"637\" data-end=\"655\">twardej pianki<\/strong>, owini\u0119tej mi\u0119kk\u0105 w\u0142\u00f3knin\u0105, zapewnia komfort podczas u\u017cytkowania, jednocze\u015bnie zachowuj\u0105c sw\u00f3j kszta\u0142t nawet przy intensywnym obci\u0105\u017ceniu.<\/p>\n<p data-start=\"795\" data-end=\"1123\">Wytrzyma\u0142a tkanina obiciowa dost\u0119pna jest w szerokiej gamie kolor\u00f3w, co pozwala na dopasowanie poduszki do ka\u017cdej przestrzeni \u2013 sali zabaw, przedszkola, szko\u0142y, \u015bwietlicy czy domowego k\u0105cika relaksu.<br data-start=\"994\" data-end=\"997\" \/>Poduszki mo\u017cna <strong data-start=\"1012\" data-end=\"1036\">\u0142atwo uk\u0142ada\u0107 w stos<\/strong>, co u\u0142atwia przechowywanie oraz tworzenie ciekawych konstrukcji i miejsc do siedzenia.<\/p>\n<p data-start=\"1125\" data-end=\"1274\">Dekoracyjny <strong data-start=\"1137\" data-end=\"1162\">wypust na kraw\u0119dziach<\/strong> dodaje eleganckiego wyko\u0144czenia, a praktyczny uchwyt boczny u\u0142atwia przenoszenie poduszki z miejsca na miejsce.<\/p>\n<p data-start=\"1276\" data-end=\"1292\"><strong data-start=\"1276\" data-end=\"1292\">W\u0142a\u015bciwo\u015bci:<\/strong><\/p>\n<ul data-start=\"1293\" data-end=\"1519\">\n<li data-start=\"1293\" data-end=\"1324\">\n<p data-start=\"1295\" data-end=\"1324\">Dimensions: <strong data-start=\"1304\" data-end=\"1322\">50 \u00d7 50 \u00d712 cm<\/strong><\/p>\n<\/li>\n<li data-start=\"1325\" data-end=\"1383\">\n<p data-start=\"1327\" data-end=\"1383\">Filling: <strong data-start=\"1340\" data-end=\"1381\">twarda pianka + w\u0142\u00f3knina dla komfortu<\/strong><\/p>\n<\/li>\n<li data-start=\"1384\" data-end=\"1437\">\n<p data-start=\"1386\" data-end=\"1437\">Zastosowanie: siedzenie, zabawa, uk\u0142adanie w stos<\/p>\n<\/li>\n<li data-start=\"1438\" data-end=\"1463\">\n<p data-start=\"1440\" data-end=\"1463\">Bogata paleta kolor\u00f3w<\/p>\n<\/li>\n<li data-start=\"1464\" data-end=\"1486\">\n<p data-start=\"1466\" data-end=\"1486\">Dekoracyjny wypust<\/p>\n<\/li>\n<li data-start=\"1487\" data-end=\"1519\">\n<p data-start=\"1489\" data-end=\"1519\">Trwa\u0142a i odporna na deformacje<\/p>\n<\/li>\n<\/ul>\n<p data-start=\"1521\" data-end=\"1591\">Idealna do codziennego u\u017cytkowania w plac\u00f3wkach edukacyjnych i w domu.<\/p>\n<h3 data-start=\"1359\" data-end=\"1373\"><strong data-start=\"1359\" data-end=\"1371\">Dimensions:<\/strong><\/h3>\n<ul data-start=\"1374\" data-end=\"1536\">\n<li data-start=\"1374\" data-end=\"1434\">\n<p data-start=\"1376\" data-end=\"1434\"><strong data-start=\"1376\" data-end=\"1399\">Wysoko\u015b\u0107 ca\u0142kowita:<\/strong> 50x50x12cm<\/p>\n<\/li>\n<li data-start=\"1435\" data-end=\"1486\">\n<p data-start=\"1437\" data-end=\"1486\"><strong data-start=\"1437\" data-end=\"1451\">Szeroko\u015b\u0107: 50<\/strong>cm<\/p>\n<\/li>\n<li data-start=\"1487\" data-end=\"1536\">\n<p data-start=\"1489\" data-end=\"1536\"><strong data-start=\"1489\" data-end=\"1501\">Length: <\/strong>50cm<\/p>\n<\/li>\n<\/ul>\n<h3 data-start=\"1538\" data-end=\"1560\"><strong data-start=\"1538\" data-end=\"1558\">Zalety produktu:<\/strong><\/h3>\n<ul data-start=\"1561\" data-end=\"2060\">\n<li data-start=\"1561\" data-end=\"1636\">\n<p data-start=\"1563\" data-end=\"1636\">Wype\u0142nienie z twarda pianka<\/p>\n<\/li>\n<li data-start=\"1687\" data-end=\"1766\">\n<p data-start=\"1689\" data-end=\"1766\">Zdejmowany pokrowiec z tkaniny wodoodpornej \u2013 \u0142atwy w utrzymaniu czysto\u015bci.<\/p>\n<\/li>\n<li data-start=\"1825\" data-end=\"1892\">\n<p data-start=\"1827\" data-end=\"1892\">Wodoodporna tkanina \u2013 mo\u017cliwo\u015b\u0107 u\u017cytkowania r\u00f3wnie\u017c w ogrodzie.<\/p>\n<\/li>\n<li data-start=\"1985\" data-end=\"2060\">\n<p data-start=\"1987\" data-end=\"2060\">Przeznaczona dla przedszkoli, szk\u00f3\u0142, \u015bwietlic, stref relaksu i ogrod\u00f3w.<\/p>\n<\/li>\n<\/ul>\n<h3 data-start=\"2062\" data-end=\"2081\"><strong data-start=\"2062\" data-end=\"2079\">Specification:<\/strong><\/h3>\n<ul data-start=\"2082\" data-end=\"2302\">\n<li data-start=\"2082\" data-end=\"2139\">\n<p data-start=\"2084\" data-end=\"2139\">Materia\u0142: tkanina wodoodporna, odporna na zabrudzenia<\/p>\n<\/li>\n<li data-start=\"2140\" data-end=\"2174\">\n<p data-start=\"2142\" data-end=\"2174\">Wype\u0142nienie: pianka<\/p>\n<\/li>\n<li data-start=\"2175\" data-end=\"2220\">\n<p data-start=\"2177\" data-end=\"2220\">Pokrowiec: zdejmowany, zamek b\u0142yskawiczny<\/p>\n<\/li>\n<li data-start=\"2251\" data-end=\"2302\">\n<p data-start=\"2253\" data-end=\"2302\">Zastosowanie: wn\u0119trza i przestrzenie zewn\u0119trzne<\/p>\n<\/li>\n<\/ul>\n<p data-start=\"395\" data-end=\"805\"><strong data-start=\"395\" data-end=\"620\">Poduszka\u00a0 <\/strong>z uchwytem wype\u0142niona twarda\u00a0 piank\u0105 to praktyczne, trwa\u0142e i bezpieczne rozwi\u0105zanie, kt\u00f3re zapewnia wygod\u0119 i estetyczny wygl\u0105d w ka\u017cdej przestrzeni edukacyjnej lub rekreacyjnej.<\/p>","protected":false},"excerpt":{"rendered":"<p>Poduszka piankowa 50\u00d750\u00d712 cm &nbsp; To trwa\u0142e, stabilne i wygodne siedzisko stworzone do zabawy, siedzenia i aran\u017cacji przestrzeni dla dzieci oraz doros\u0142ych. Wykonana z twardej pianki, owini\u0119tej mi\u0119kk\u0105 w\u0142\u00f3knin\u0105, zapewnia komfort podczas u\u017cytkowania, jednocze\u015bnie zachowuj\u0105c sw\u00f3j kszta\u0142t nawet przy intensywnym obci\u0105\u017ceniu. Wytrzyma\u0142a tkanina obiciowa dost\u0119pna jest w szerokiej gamie kolor\u00f3w, co pozwala na dopasowanie poduszki [&hellip;]<\/p>\n","protected":false},"featured_media":60075,"comment_status":"open","ping_status":"closed","template":"","meta":{"_acf_changed":false,"_uag_custom_page_level_css":"","site-sidebar-layout":"default","site-content-layout":"","ast-site-content-layout":"default","site-content-style":"default","site-sidebar-style":"default","ast-global-header-display":"","ast-banner-title-visibility":"","ast-main-header-display":"","ast-hfb-above-header-display":"","ast-hfb-below-header-display":"","ast-hfb-mobile-header-display":"","site-post-title":"","ast-breadcrumbs-content":"","ast-featured-img":"","footer-sml-layout":"","ast-disable-related-posts":"","theme-transparent-header-meta":"default","adv-header-id-meta":"","stick-header-meta":"default","header-above-stick-meta":"","header-main-stick-meta":"","header-below-stick-meta":"","astra-migrate-meta-layouts":"set","ast-page-background-enabled":"default","ast-page-background-meta":{"desktop":{"background-color":"","background-image":"","background-repeat":"repeat","background-position":"center center","background-size":"auto","background-attachment":"scroll","background-type":"","background-media":"","overlay-type":"","overlay-color":"","overlay-opacity":"","overlay-gradient":""},"tablet":{"background-color":"","background-image":"","background-repeat":"repeat","background-position":"center center","background-size":"auto","background-attachment":"scroll","background-type":"","background-media":"","overlay-type":"","overlay-color":"","overlay-opacity":"","overlay-gradient":""},"mobile":{"background-color":"","background-image":"","background-repeat":"repeat","background-position":"center center","background-size":"auto","background-attachment":"scroll","background-type":"","background-media":"","overlay-type":"","overlay-color":"","overlay-opacity":"","overlay-gradient":""}},"ast-content-background-meta":{"desktop":{"background-color":"var(--ast-global-color-5)","background-image":"","background-repeat":"repeat","background-position":"center center","background-size":"auto","background-attachment":"scroll","background-type":"","background-media":"","overlay-type":"","overlay-color":"","overlay-opacity":"","overlay-gradient":""},"tablet":{"background-color":"var(--ast-global-color-5)","background-image":"","background-repeat":"repeat","background-position":"center center","background-size":"auto","background-attachment":"scroll","background-type":"","background-media":"","overlay-type":"","overlay-color":"","overlay-opacity":"","overlay-gradient":""},"mobile":{"background-color":"var(--ast-global-color-5)","background-image":"","background-repeat":"repeat","background-position":"center center","background-size":"auto","background-attachment":"scroll","background-type":"","background-media":"","overlay-type":"","overlay-color":"","overlay-opacity":"","overlay-gradient":""}}},"product_brand":[360],"product_cat":[392],"product_tag":[],"class_list":{"0":"post-60057","1":"product","2":"type-product","3":"status-publish","4":"has-post-thumbnail","6":"product_brand-golden-kids","7":"product_cat-oferta-dla-szkol-i-przedszkoli","8":"product_shipping_class-36zl","9":"desktop-align-center","10":"tablet-align-center","11":"mobile-align-center","12":"ast-product-gallery-layout-horizontal","13":"ast-product-single-variable","14":"ast-product-tabs-layout-accordion","16":"first","17":"instock","18":"taxable","19":"shipping-taxable","20":"purchasable","21":"product-type-variable","22":"add-to-wishlist-before_image"},"acf":[],"spectra_custom_meta":{"rank_math_internal_links_processed":["1","1","1","1","1","1","1"],"total_sales":["0"],"_tax_status":["taxable"],"_tax_class":[""],"_manage_stock":["no"],"_backorders":["no"],"_sold_individually":["no"],"_virtual":["no"],"_downloadable":["no"],"_product_image_gallery":["60079,60078,60077,60076,60075,60074,60073,60072"],"_download_limit":["0"],"_download_expiry":["0"],"_thumbnail_id":["60075"],"_stock":[null],"_stock_status":["instock"],"_wc_average_rating":["0"],"_wc_review_count":["0"],"_product_attributes":["a:4:{s:14:\"pa_kolorystyka\";a:6:{s:4:\"name\";s:14:\"pa_kolorystyka\";s:5:\"value\";s:0:\"\";s:8:\"position\";i:0;s:10:\"is_visible\";i:0;s:12:\"is_variation\";i:1;s:11:\"is_taxonomy\";i:1;}s:7:\"dlugosc\";a:6:{s:4:\"name\";s:10:\"D\u0142ugo\u015b\u0107\";s:5:\"value\";s:4:\"50cm\";s:8:\"position\";i:1;s:10:\"is_visible\";i:1;s:12:\"is_variation\";i:0;s:11:\"is_taxonomy\";i:0;}s:9:\"szerokosc\";a:6:{s:4:\"name\";s:11:\"Szeroko\u015b\u0107\";s:5:\"value\";s:4:\"50cm\";s:8:\"position\";i:2;s:10:\"is_visible\";i:1;s:12:\"is_variation\";i:0;s:11:\"is_taxonomy\";i:0;}s:11:\"pa_wysokosc\";a:6:{s:4:\"name\";s:11:\"pa_wysokosc\";s:5:\"value\";s:0:\"\";s:8:\"position\";i:3;s:10:\"is_visible\";i:1;s:12:\"is_variation\";i:0;s:11:\"is_taxonomy\";i:1;}}"],"_product_version":["10.5.2"],"site-sidebar-layout":["default"],"ast-site-content-layout":["default"],"site-content-style":["default"],"site-sidebar-style":["default"],"theme-transparent-header-meta":["default"],"stick-header-meta":["default"],"_iwo_price_last_change":["a:4:{s:5:\"price\";s:0:\"\";s:10:\"price_sale\";s:0:\"\";s:19:\"price_including_tax\";d:2170;s:9:\"timestamp\";i:1729766962;}"],"astra_style_timestamp_css":["1733732304"],"rank_math_seo_score":["10"],"rank_math_primary_product_cat":["392"],"rank_math_focus_keyword":["basen z kulkami,basen z kulkami xxl"],"tabela_rozmiarow":[""],"_tabela_rozmiarow":["field_67a2094c6aa58"],"_pys_head_footer":["a:7:{s:14:\"disable_global\";b:0;s:8:\"head_any\";s:0:\"\";s:12:\"head_desktop\";s:0:\"\";s:11:\"head_mobile\";s:0:\"\";s:10:\"footer_any\";s:0:\"\";s:14:\"footer_desktop\";s:0:\"\";s:13:\"footer_mobile\";s:0:\"\";}"],"rank_math_primary_product_brand":["0"],"_edit_lock":["1766140751:2"],"_edit_last":["2"],"astra-migrate-meta-layouts":["set"],"_price":["120"],"_uag_page_assets":["a:9:{s:3:\"css\";s:10439:\".uagb-block-0871d717.wp-block-uagb-image{text-align: left;justify-content: flex-start;align-self: flex-start;}.uagb-block-0871d717 .wp-block-uagb-image__figure{align-items: flex-start;}.uagb-block-0871d717.wp-block-uagb-image--layout-default figure img{box-shadow: 0px 0px 0 #00000070;}.uagb-block-0871d717.wp-block-uagb-image .wp-block-uagb-image__figure figcaption{font-style: normal;align-self: center;}.uagb-block-0871d717.wp-block-uagb-image--layout-overlay figure img{box-shadow: 0px 0px 0 #00000070;}.uagb-block-0871d717.wp-block-uagb-image--layout-overlay .wp-block-uagb-image--layout-overlay__color-wrapper{opacity: 0.2;}.uagb-block-0871d717.wp-block-uagb-image--layout-overlay .wp-block-uagb-image--layout-overlay__inner{left: 15px;right: 15px;top: 15px;bottom: 15px;}.uagb-block-0871d717.wp-block-uagb-image--layout-overlay .wp-block-uagb-image--layout-overlay__inner .uagb-image-heading{font-style: normal;color: #fff;opacity: 1;}.uagb-block-0871d717.wp-block-uagb-image--layout-overlay .wp-block-uagb-image--layout-overlay__inner .uagb-image-heading a{color: #fff;}.uagb-block-0871d717.wp-block-uagb-image--layout-overlay .wp-block-uagb-image--layout-overlay__inner .uagb-image-caption{opacity: 0;}.uagb-block-0871d717.wp-block-uagb-image--layout-overlay .wp-block-uagb-image__figure:hover .wp-block-uagb-image--layout-overlay__color-wrapper{opacity: 1;}.uagb-block-0871d717.wp-block-uagb-image .wp-block-uagb-image--layout-overlay__inner .uagb-image-separator{width: 30%;border-top-width: 2px;border-top-color: #fff;opacity: 0;}.uagb-block-0871d717.wp-block-uagb-image .wp-block-uagb-image__figure img{width: 91px;height: auto;}.uagb-block-0871d717.wp-block-uagb-image .wp-block-uagb-image__figure:hover .wp-block-uagb-image--layout-overlay__inner .uagb-image-caption{opacity: 1;}.uagb-block-0871d717.wp-block-uagb-image .wp-block-uagb-image__figure:hover .wp-block-uagb-image--layout-overlay__inner .uagb-image-separator{opacity: 1;}.uagb-block-0871d717.wp-block-uagb-image--layout-default figure:hover img{box-shadow: 0px 0px 0 #00000070;}.uagb-block-0871d717.wp-block-uagb-image--layout-overlay figure:hover img{box-shadow: 0px 0px 0 #00000070;}@media only screen and (max-width: 976px) {.uagb-block-0871d717.wp-block-uagb-image .wp-block-uagb-image__figure img{width: 91px;height: auto;}}@media only screen and (max-width: 767px) {.uagb-block-0871d717.wp-block-uagb-image .wp-block-uagb-image__figure img{width: 91px;height: auto;}} .uagb-block-36e55f8d.uagb-icon-wrapper{text-align: center;} .uagb-block-36e55f8d.uagb-icon-wrapper .uagb-svg-wrapper a{display: contents;} .uagb-block-36e55f8d.uagb-icon-wrapper svg{width: 20px;height: 20px;transform: rotate(0deg);box-sizing: content-box;fill: #333;filter: drop-shadow( 0px 0px 0px #00000070 );} .uagb-block-36e55f8d.uagb-icon-wrapper .uagb-svg-wrapper{display: inline-flex;padding-top: 0px;padding-right: 0px;padding-bottom: 0px;padding-left: 0px;border-style: default;box-shadow: 0px 0px 0 #00000070 ;} .uagb-block-36e55f8d.uagb-icon-wrapper .uagb-svg-wrapper:hover{box-shadow: 0px 0px 0 #00000070 ;} .uagb-block-36e55f8d.uagb-icon-wrapper .uagb-svg-wrapper:focus-visible{box-shadow: 0px 0px 0 #00000070 ;} .uagb-block-36e55f8d.uagb-icon-wrapper.wp-block-uagb-icon--has-margin .uagb-icon-margin-wrapper{margin-top: 0px;margin-right: 0px;margin-bottom: 0px;margin-left: 0px;}@media only screen and (max-width: 976px) { .uagb-block-36e55f8d.uagb-icon-wrapper .uagb-svg-wrapper{display: inline-flex;}}@media only screen and (max-width: 767px) { .uagb-block-36e55f8d.uagb-icon-wrapper .uagb-svg-wrapper{display: inline-flex;} .uagb-block-36e55f8d.uagb-icon-wrapper.wp-block-uagb-icon--has-margin .uagb-icon-margin-wrapper{margin-top: 0px;margin-right: 0px;margin-bottom: 0px;margin-left: 0px;}}.wp-block-uagb-advanced-heading.uagb-block-b31b8376.wp-block-uagb-advanced-heading .uagb-heading-text{color: #ffffff;}.wp-block-uagb-advanced-heading.uagb-block-b31b8376.wp-block-uagb-advanced-heading a{color: #ffffff;}.wp-block-uagb-advanced-heading.uagb-block-b31b8376.wp-block-uagb-advanced-heading a:hover{color: #d6d6d6;}.wp-block-uagb-advanced-heading.uagb-block-b31b8376.wp-block-uagb-advanced-heading .uagb-desc-text{color: #ffffff;margin-bottom: 15px;}.wp-block-uagb-advanced-heading.uagb-block-b31b8376.wp-block-uagb-advanced-heading .uagb-highlight{font-style: normal;font-weight: Default;background: #007cba;color: #fff;-webkit-text-fill-color: #fff;}.wp-block-uagb-advanced-heading.uagb-block-b31b8376.wp-block-uagb-advanced-heading .uagb-highlight::-moz-selection{color: #fff;background: #007cba;-webkit-text-fill-color: #fff;}.wp-block-uagb-advanced-heading.uagb-block-b31b8376.wp-block-uagb-advanced-heading .uagb-highlight::selection{color: #fff;background: #007cba;-webkit-text-fill-color: #fff;}.wp-block-uagb-advanced-heading.uagb-block-b31b8376 .uagb-heading-text{font-weight: 400;font-size: 21px;margin-bottom: 15px;}@media only screen and (max-width: 767px) {.wp-block-uagb-advanced-heading.uagb-block-b31b8376.wp-block-uagb-advanced-heading {text-align: left;}}.wp-block-uagb-advanced-heading.uagb-block-ad29589e.wp-block-uagb-advanced-heading .uagb-desc-text{margin-bottom: 15px;}.wp-block-uagb-advanced-heading.uagb-block-ad29589e.wp-block-uagb-advanced-heading .uagb-highlight{font-style: normal;font-weight: Default;background: #007cba;color: #fff;-webkit-text-fill-color: #fff;}.wp-block-uagb-advanced-heading.uagb-block-ad29589e.wp-block-uagb-advanced-heading .uagb-highlight::-moz-selection{color: #fff;background: #007cba;-webkit-text-fill-color: #fff;}.wp-block-uagb-advanced-heading.uagb-block-ad29589e.wp-block-uagb-advanced-heading .uagb-highlight::selection{color: #fff;background: #007cba;-webkit-text-fill-color: #fff;}.uagb-block-0a5196e9.wp-block-uagb-image{text-align: left;justify-content: flex-start;align-self: flex-start;}.uagb-block-0a5196e9 .wp-block-uagb-image__figure{align-items: flex-start;}.uagb-block-0a5196e9.wp-block-uagb-image--layout-default figure img{box-shadow: 0px 0px 0 #00000070;}.uagb-block-0a5196e9.wp-block-uagb-image .wp-block-uagb-image__figure figcaption{font-style: normal;align-self: center;}.uagb-block-0a5196e9.wp-block-uagb-image--layout-overlay figure img{box-shadow: 0px 0px 0 #00000070;}.uagb-block-0a5196e9.wp-block-uagb-image--layout-overlay .wp-block-uagb-image--layout-overlay__color-wrapper{opacity: 0.2;}.uagb-block-0a5196e9.wp-block-uagb-image--layout-overlay .wp-block-uagb-image--layout-overlay__inner{left: 15px;right: 15px;top: 15px;bottom: 15px;}.uagb-block-0a5196e9.wp-block-uagb-image--layout-overlay .wp-block-uagb-image--layout-overlay__inner .uagb-image-heading{font-style: normal;color: #fff;opacity: 1;}.uagb-block-0a5196e9.wp-block-uagb-image--layout-overlay .wp-block-uagb-image--layout-overlay__inner .uagb-image-heading a{color: #fff;}.uagb-block-0a5196e9.wp-block-uagb-image--layout-overlay .wp-block-uagb-image--layout-overlay__inner .uagb-image-caption{opacity: 0;}.uagb-block-0a5196e9.wp-block-uagb-image--layout-overlay .wp-block-uagb-image__figure:hover .wp-block-uagb-image--layout-overlay__color-wrapper{opacity: 1;}.uagb-block-0a5196e9.wp-block-uagb-image .wp-block-uagb-image--layout-overlay__inner .uagb-image-separator{width: 30%;border-top-width: 2px;border-top-color: #fff;opacity: 0;}.uagb-block-0a5196e9.wp-block-uagb-image .wp-block-uagb-image__figure img{width: 130px;height: auto;}.uagb-block-0a5196e9.wp-block-uagb-image .wp-block-uagb-image__figure:hover .wp-block-uagb-image--layout-overlay__inner .uagb-image-caption{opacity: 1;}.uagb-block-0a5196e9.wp-block-uagb-image .wp-block-uagb-image__figure:hover .wp-block-uagb-image--layout-overlay__inner .uagb-image-separator{opacity: 1;}.uagb-block-0a5196e9.wp-block-uagb-image--layout-default figure:hover img{box-shadow: 0px 0px 0 #00000070;}.uagb-block-0a5196e9.wp-block-uagb-image--layout-overlay figure:hover img{box-shadow: 0px 0px 0 #00000070;}@media only screen and (max-width: 976px) {.uagb-block-0a5196e9.wp-block-uagb-image .wp-block-uagb-image__figure img{width: 130px;height: auto;}}@media only screen and (max-width: 767px) {.uagb-block-0a5196e9.wp-block-uagb-image .wp-block-uagb-image__figure img{width: 130px;height: auto;}}.uagb-block-27431b2e.wp-block-uagb-image--layout-default figure img{box-shadow: 0px 0px 0 #00000070;}.uagb-block-27431b2e.wp-block-uagb-image .wp-block-uagb-image__figure figcaption{font-style: normal;align-self: center;}.uagb-block-27431b2e.wp-block-uagb-image--layout-overlay figure img{box-shadow: 0px 0px 0 #00000070;}.uagb-block-27431b2e.wp-block-uagb-image--layout-overlay .wp-block-uagb-image--layout-overlay__color-wrapper{opacity: 0.2;}.uagb-block-27431b2e.wp-block-uagb-image--layout-overlay .wp-block-uagb-image--layout-overlay__inner{left: 15px;right: 15px;top: 15px;bottom: 15px;}.uagb-block-27431b2e.wp-block-uagb-image--layout-overlay .wp-block-uagb-image--layout-overlay__inner .uagb-image-heading{font-style: normal;color: #fff;opacity: 1;}.uagb-block-27431b2e.wp-block-uagb-image--layout-overlay .wp-block-uagb-image--layout-overlay__inner .uagb-image-heading a{color: #fff;}.uagb-block-27431b2e.wp-block-uagb-image--layout-overlay .wp-block-uagb-image--layout-overlay__inner .uagb-image-caption{opacity: 0;}.uagb-block-27431b2e.wp-block-uagb-image--layout-overlay .wp-block-uagb-image__figure:hover .wp-block-uagb-image--layout-overlay__color-wrapper{opacity: 1;}.uagb-block-27431b2e.wp-block-uagb-image .wp-block-uagb-image--layout-overlay__inner .uagb-image-separator{width: 30%;border-top-width: 2px;border-top-color: #fff;opacity: 0;}.uagb-block-27431b2e.wp-block-uagb-image .wp-block-uagb-image__figure img{width: 291px;height: auto;}.uagb-block-27431b2e.wp-block-uagb-image .wp-block-uagb-image__figure:hover .wp-block-uagb-image--layout-overlay__inner .uagb-image-caption{opacity: 1;}.uagb-block-27431b2e.wp-block-uagb-image .wp-block-uagb-image__figure:hover .wp-block-uagb-image--layout-overlay__inner .uagb-image-separator{opacity: 1;}.uagb-block-27431b2e.wp-block-uagb-image--layout-default figure:hover img{box-shadow: 0px 0px 0 #00000070;}.uagb-block-27431b2e.wp-block-uagb-image--layout-overlay figure:hover img{box-shadow: 0px 0px 0 #00000070;}@media only screen and (max-width: 976px) {.uagb-block-27431b2e.wp-block-uagb-image .wp-block-uagb-image__figure img{width: 291px;height: auto;}}@media only screen and (max-width: 767px) {.uagb-block-27431b2e.wp-block-uagb-image .wp-block-uagb-image__figure img{width: 291px;height: auto;}}\";s:2:\"js\";s:575:\"document.addEventListener(\"DOMContentLoaded\", function(){ \t\t\t\twindow.addEventListener( 'DOMContentLoaded', () => {\n\t\t\t\t\tconst blockScope = document.querySelector( '.uagb-block-36e55f8d' );\n\t\t\t\t\tif ( ! blockScope ) {\n\t\t\t\t\t\treturn;\n\t\t\t\t\t}\n\n\t\t\t\t\tconst anchorElement = blockScope.querySelector('a');\n\t\t\t\t\tif (!anchorElement) {\n\t\t\t\t\t\treturn;\n\t\t\t\t\t} \n\n\t\t\t\t\t \n\t\t\t\t\tblockScope.addEventListener('keydown', (event) => {\n\t\t\t\t\t\tif ( 13 === event.keyCode || 32 === event.keyCode ) {\n\t\t\t\t\t\t\tevent.preventDefault();\n\t\t\t\t\t\t\t \n\t\t\t\t\t\t\tanchorElement.click();\t\n\t\t\t\t\t\t}\n\t\t\t\t\t} );\n\t\t\t\t} );\n\t\t\t });\";s:18:\"current_block_list\";a:12:{i:0;s:10:\"uagb\/image\";i:1;s:14:\"core\/paragraph\";i:2;s:9:\"uagb\/icon\";i:3;s:21:\"uagb\/advanced-heading\";i:4;s:12:\"core\/buttons\";i:5;s:11:\"core\/button\";i:6;s:21:\"trp\/language-switcher\";i:7;s:26:\"woocommerce\/filter-wrapper\";i:8;s:12:\"core\/heading\";i:9;s:28:\"woocommerce\/attribute-filter\";i:10;s:24:\"woocommerce\/stock-filter\";i:11;s:24:\"woocommerce\/price-filter\";}s:8:\"uag_flag\";b:1;s:11:\"uag_version\";i:1777296300;s:6:\"gfonts\";a:0:{}s:10:\"gfonts_url\";s:0:\"\";s:12:\"gfonts_files\";a:0:{}s:14:\"uag_faq_layout\";b:0;}"]},"uagb_featured_image_src":{"full":["https:\/\/golden-group.eu\/wp-content\/uploads\/2025\/11\/poduszka-do-siedzenia-z-uchem.webp",2000,2000,false],"thumbnail":["https:\/\/golden-group.eu\/wp-content\/uploads\/2025\/11\/poduszka-do-siedzenia-z-uchem.webp",96,96,false],"medium":["https:\/\/golden-group.eu\/wp-content\/uploads\/2025\/11\/poduszka-do-siedzenia-z-uchem.webp",2000,2000,false],"medium_large":["https:\/\/golden-group.eu\/wp-content\/uploads\/2025\/11\/poduszka-do-siedzenia-z-uchem-768x768.webp",768,768,true],"large":["https:\/\/golden-group.eu\/wp-content\/uploads\/2025\/11\/poduszka-do-siedzenia-z-uchem.webp",2000,2000,false],"1536x1536":["https:\/\/golden-group.eu\/wp-content\/uploads\/2025\/11\/poduszka-do-siedzenia-z-uchem-1536x1536.webp",1536,1536,true],"2048x2048":["https:\/\/golden-group.eu\/wp-content\/uploads\/2025\/11\/poduszka-do-siedzenia-z-uchem.webp",2000,2000,false],"trp-custom-language-flag":["https:\/\/golden-group.eu\/wp-content\/uploads\/2025\/11\/poduszka-do-siedzenia-z-uchem-12x12.webp",12,12,true],"mailpoet_newsletter_max":["https:\/\/golden-group.eu\/wp-content\/uploads\/2025\/11\/poduszka-do-siedzenia-z-uchem-1320x1320.webp",1320,1320,true],"woocommerce_thumbnail":["https:\/\/golden-group.eu\/wp-content\/uploads\/2025\/11\/poduszka-do-siedzenia-z-uchem-800x800.webp",800,800,true],"woocommerce_single":["https:\/\/golden-group.eu\/wp-content\/uploads\/2025\/11\/poduszka-do-siedzenia-z-uchem-1250x1250.webp",1250,1250,true],"woocommerce_gallery_thumbnail":["https:\/\/golden-group.eu\/wp-content\/uploads\/2025\/11\/poduszka-do-siedzenia-z-uchem-250x250.webp",250,250,true]},"uagb_author_info":{"display_name":"golden","author_link":"https:\/\/golden-group.eu\/en\/author\/"},"uagb_comment_info":0,"uagb_excerpt":"Poduszka piankowa 50\u00d750\u00d712 cm &nbsp; To trwa\u0142e, stabilne i wygodne siedzisko stworzone do zabawy, siedzenia i aran\u017cacji przestrzeni dla dzieci oraz doros\u0142ych. Wykonana z twardej pianki, owini\u0119tej mi\u0119kk\u0105 w\u0142\u00f3knin\u0105, zapewnia komfort podczas u\u017cytkowania, jednocze\u015bnie zachowuj\u0105c sw\u00f3j kszta\u0142t nawet przy intensywnym obci\u0105\u017ceniu. Wytrzyma\u0142a tkanina obiciowa dost\u0119pna jest w szerokiej gamie kolor\u00f3w, co pozwala na dopasowanie poduszki&hellip;","_links":{"self":[{"href":"https:\/\/golden-group.eu\/en\/wp-json\/wp\/v2\/product\/60057","targetHints":{"allow":["GET"]}}],"collection":[{"href":"https:\/\/golden-group.eu\/en\/wp-json\/wp\/v2\/product"}],"about":[{"href":"https:\/\/golden-group.eu\/en\/wp-json\/wp\/v2\/types\/product"}],"replies":[{"embeddable":true,"href":"https:\/\/golden-group.eu\/en\/wp-json\/wp\/v2\/comments?post=60057"}],"wp:featuredmedia":[{"embeddable":true,"href":"https:\/\/golden-group.eu\/en\/wp-json\/wp\/v2\/media\/60075"}],"wp:attachment":[{"href":"https:\/\/golden-group.eu\/en\/wp-json\/wp\/v2\/media?parent=60057"}],"wp:term":[{"taxonomy":"product_brand","embeddable":true,"href":"https:\/\/golden-group.eu\/en\/wp-json\/wp\/v2\/product_brand?post=60057"},{"taxonomy":"product_cat","embeddable":true,"href":"https:\/\/golden-group.eu\/en\/wp-json\/wp\/v2\/product_cat?post=60057"},{"taxonomy":"product_tag","embeddable":true,"href":"https:\/\/golden-group.eu\/en\/wp-json\/wp\/v2\/product_tag?post=60057"}],"curies":[{"name":"wp","href":"https:\/\/api.w.org\/{rel}","templated":true}]}}