{"id":60704,"date":"2025-11-26T14:00:50","date_gmt":"2025-11-26T13:00:50","guid":{"rendered":"https:\/\/golden-group.eu\/?post_type=product&#038;p=60704"},"modified":"2026-03-02T15:37:27","modified_gmt":"2026-03-02T14:37:27","slug":"duza-poduszka-podlogowa","status":"publish","type":"product","link":"https:\/\/golden-group.eu\/en\/product\/duza-poduszka-podlogowa\/","title":{"rendered":"Du\u017ca poduszka pod\u0142ogowa"},"content":{"rendered":"<h2 data-start=\"296\" data-end=\"370\"><strong data-start=\"299\" data-end=\"370\">Du\u017ca poduszka pod\u0142ogowa <\/strong><strong data-start=\"471\" data-end=\"625\">\u015brednica-95cm h-22cm\u00a0<\/strong><strong data-start=\"299\" data-end=\"370\">\u2013 idealna do przedszkola, \u017c\u0142obka i domu<\/strong><\/h2>\n<p data-start=\"372\" data-end=\"804\">Du\u017ca, okr\u0105g\u0142a <strong data-start=\"386\" data-end=\"426\">poduszka pod\u0142ogowa o \u015brednicy 95cm<\/strong> to praktyczny i wygodny element wyposa\u017cenia ka\u017cdej przestrzeni dla dzieci. Sprawdza si\u0119 w przedszkolach, \u017c\u0142obkach, salach zabaw, klubikach dzieci\u0119cych oraz w domu, tworz\u0105c komfortowe miejsce do siedzenia, zabawy, \u0107wicze\u0144 i odpoczynku. Poduszka jest mi\u0119kka, stabilna i dopasowuje si\u0119 do pozycji cia\u0142a, zapewniaj\u0105c dzieciom wygod\u0119 i bezpiecze\u0144stwo podczas codziennych aktywno\u015bci.<\/p>\n<h2 data-start=\"806\" data-end=\"843\"><strong data-start=\"809\" data-end=\"843\">Najwa\u017cniejsze zalety poduszki:<\/strong><\/h2>\n<ul data-start=\"845\" data-end=\"1318\">\n<li data-start=\"845\" data-end=\"918\">\n<p data-start=\"847\" data-end=\"918\"><strong data-start=\"847\" data-end=\"866\">\u015arednica 95cm metr<\/strong> \u2013 du\u017ca powierzchnia do wsp\u00f3lnej zabawy i relaksu.<\/p>\n<\/li>\n<li data-start=\"919\" data-end=\"1004\">\n<p data-start=\"921\" data-end=\"1004\"><strong data-start=\"921\" data-end=\"947\">Comfortable filling<\/strong> \u2013<span style=\"font-size: 16px;\">Filling: <\/span><strong style=\"font-size: 16px;\" data-start=\"1340\" data-end=\"1381\">granulat piankowy + w\u0142\u00f3knina dla komfortu<\/strong><\/p>\n<\/li>\n<li data-start=\"1005\" data-end=\"1100\">\n<p data-start=\"1007\" data-end=\"1100\"><strong data-start=\"1007\" data-end=\"1029\">Bezpieczna tkanina<\/strong> \u2013 odporna na przetarcia, przyjazna dla sk\u00f3ry i \u0142atwa do czyszczenia.<\/p>\n<\/li>\n<li data-start=\"1101\" data-end=\"1217\">\n<p data-start=\"1103\" data-end=\"1217\"><strong data-start=\"1103\" data-end=\"1124\">Nowoczesny wygl\u0105d<\/strong> \u2013 idealny do aran\u017cacji wn\u0119trz w stylu skandynawskim i edukacyjnych przestrzeni dla dzieci.<\/p>\n<\/li>\n<li data-start=\"1218\" data-end=\"1318\">\n<p data-start=\"1220\" data-end=\"1318\"><strong data-start=\"1220\" data-end=\"1250\">Wszechstronne zastosowanie<\/strong> \u2013 do siedzenia, le\u017cenia, \u0107wicze\u0144 sensorycznych i zabawy grupowej.<\/p>\n<\/li>\n<\/ul>\n<h2 data-start=\"1320\" data-end=\"1388\"><strong data-start=\"1323\" data-end=\"1388\">Poduszka pod\u0142ogowa dla dzieci \u2013 do zabawy, odpoczynku i nauki<\/strong><\/h2>\n<p data-start=\"1390\" data-end=\"1632\">Poduszka zapewnia komfortow\u0105 i bezpieczn\u0105 przestrze\u0144, kt\u00f3ra sprzyja kreatywnej zabawie oraz wspiera rozw\u00f3j motoryczny dzieci.<\/p>\n<p data-start=\"1390\" data-end=\"1632\">Dzi\u0119ki du\u017cej powierzchni nadaje si\u0119 r\u00f3wnie\u017c do zaj\u0119\u0107 grupowych, zabaw w kole, zaj\u0119\u0107 terapeutycznych oraz relaksacji.<\/p>\n<h2 data-start=\"1634\" data-end=\"1670\"><strong data-start=\"1637\" data-end=\"1670\">Gdzie sprawdzi si\u0119 najlepiej?<\/strong><\/h2>\n<ul>\n<li data-start=\"1674\" data-end=\"1696\">przedszkole i \u017c\u0142obek<\/li>\n<li data-start=\"1699\" data-end=\"1733\">k\u0105ciki zabaw i klubiki dzieci\u0119ce<\/li>\n<li data-start=\"1736\" data-end=\"1768\">sala terapeutyczna, gabinet SI<\/li>\n<li data-start=\"1771\" data-end=\"1786\">pok\u00f3j dziecka<\/li>\n<li data-start=\"1789\" data-end=\"1812\">strefa relaksu w domu<\/li>\n<\/ul>\n<h3 data-start=\"1359\" data-end=\"1373\"><strong data-start=\"1359\" data-end=\"1371\">Dimensions:<\/strong><\/h3>\n<ul>\n<li data-start=\"1376\" data-end=\"1434\"><strong data-start=\"1376\" data-end=\"1399\">Wysoko\u015b\u0107 ca\u0142kowita:<\/strong>22cm<\/li>\n<li data-start=\"1437\" data-end=\"1486\"><strong data-start=\"1437\" data-end=\"1451\">Width: <\/strong>95cm<\/li>\n<li data-start=\"1489\" data-end=\"1536\"><strong data-start=\"1489\" data-end=\"1501\">Length: <\/strong>95cm<\/li>\n<\/ul>\n<h3 data-start=\"1538\" data-end=\"1560\"><strong data-start=\"1538\" data-end=\"1558\">Zalety produktu:<\/strong><\/h3>\n<p>&nbsp;<\/p>\n<ul>\n<li data-start=\"1689\" data-end=\"1766\">Zdejmowany pokrowiec z tkaniny wodoodpornej \u2013 \u0142atwy w utrzymaniu czysto\u015bci.<\/li>\n<li data-start=\"1827\" data-end=\"1892\">Wodoodporna tkanina \u2013 mo\u017cliwo\u015b\u0107 u\u017cytkowania r\u00f3wnie\u017c w ogrodzie.<\/li>\n<li data-start=\"1827\" data-end=\"1892\">Zastosowanie: wn\u0119trza i przestrzenie zewn\u0119trzne<\/li>\n<li>w \u015brodku dodatkowy pokrowiec na wype\u0142nienie poduszki.<\/li>\n<li>zabezpieczenia zamk\u00f3w.<\/li>\n<\/ul>","protected":false},"excerpt":{"rendered":"<p>Du\u017ca poduszka pod\u0142ogowa \u015brednica-95cm h-22cm\u00a0\u2013 idealna do przedszkola, \u017c\u0142obka i domu Du\u017ca, okr\u0105g\u0142a poduszka pod\u0142ogowa o \u015brednicy 95cm to praktyczny i wygodny element wyposa\u017cenia ka\u017cdej przestrzeni dla dzieci. Sprawdza si\u0119 w przedszkolach, \u017c\u0142obkach, salach zabaw, klubikach dzieci\u0119cych oraz w domu, tworz\u0105c komfortowe miejsce do siedzenia, zabawy, \u0107wicze\u0144 i odpoczynku. Poduszka jest mi\u0119kka, stabilna i dopasowuje [&hellip;]<\/p>\n","protected":false},"featured_media":60732,"comment_status":"open","ping_status":"closed","template":"","meta":{"_acf_changed":false,"_uag_custom_page_level_css":"","site-sidebar-layout":"default","site-content-layout":"","ast-site-content-layout":"default","site-content-style":"default","site-sidebar-style":"default","ast-global-header-display":"","ast-banner-title-visibility":"","ast-main-header-display":"","ast-hfb-above-header-display":"","ast-hfb-below-header-display":"","ast-hfb-mobile-header-display":"","site-post-title":"","ast-breadcrumbs-content":"","ast-featured-img":"","footer-sml-layout":"","ast-disable-related-posts":"","theme-transparent-header-meta":"default","adv-header-id-meta":"","stick-header-meta":"default","header-above-stick-meta":"","header-main-stick-meta":"","header-below-stick-meta":"","astra-migrate-meta-layouts":"set","ast-page-background-enabled":"default","ast-page-background-meta":{"desktop":{"background-color":"","background-image":"","background-repeat":"repeat","background-position":"center center","background-size":"auto","background-attachment":"scroll","background-type":"","background-media":"","overlay-type":"","overlay-color":"","overlay-opacity":"","overlay-gradient":""},"tablet":{"background-color":"","background-image":"","background-repeat":"repeat","background-position":"center center","background-size":"auto","background-attachment":"scroll","background-type":"","background-media":"","overlay-type":"","overlay-color":"","overlay-opacity":"","overlay-gradient":""},"mobile":{"background-color":"","background-image":"","background-repeat":"repeat","background-position":"center center","background-size":"auto","background-attachment":"scroll","background-type":"","background-media":"","overlay-type":"","overlay-color":"","overlay-opacity":"","overlay-gradient":""}},"ast-content-background-meta":{"desktop":{"background-color":"var(--ast-global-color-5)","background-image":"","background-repeat":"repeat","background-position":"center center","background-size":"auto","background-attachment":"scroll","background-type":"","background-media":"","overlay-type":"","overlay-color":"","overlay-opacity":"","overlay-gradient":""},"tablet":{"background-color":"var(--ast-global-color-5)","background-image":"","background-repeat":"repeat","background-position":"center center","background-size":"auto","background-attachment":"scroll","background-type":"","background-media":"","overlay-type":"","overlay-color":"","overlay-opacity":"","overlay-gradient":""},"mobile":{"background-color":"var(--ast-global-color-5)","background-image":"","background-repeat":"repeat","background-position":"center center","background-size":"auto","background-attachment":"scroll","background-type":"","background-media":"","overlay-type":"","overlay-color":"","overlay-opacity":"","overlay-gradient":""}}},"product_brand":[360],"product_cat":[392],"product_tag":[],"class_list":{"0":"post-60704","1":"product","2":"type-product","3":"status-publish","4":"has-post-thumbnail","6":"product_brand-golden-kids","7":"product_cat-oferta-dla-szkol-i-przedszkoli","8":"product_shipping_class-36zl","9":"desktop-align-center","10":"tablet-align-center","11":"mobile-align-center","12":"ast-product-gallery-layout-horizontal","13":"ast-product-single-variable","14":"ast-product-tabs-layout-accordion","16":"first","17":"instock","18":"taxable","19":"shipping-taxable","20":"purchasable","21":"product-type-variable","22":"add-to-wishlist-before_image"},"acf":[],"spectra_custom_meta":{"rank_math_internal_links_processed":["1","1","1","1","1","1","1","1"],"total_sales":["0"],"_tax_status":["taxable"],"_tax_class":[""],"_manage_stock":["yes"],"_backorders":["no"],"_sold_individually":["no"],"_virtual":["no"],"_downloadable":["no"],"_product_image_gallery":["60721,60701,60698,60700,60696,60695,60697,60694,60720,60719,60703,60702,60699,60725"],"_download_limit":["0"],"_download_expiry":["0"],"_thumbnail_id":["60732"],"_stock":["50"],"_stock_status":["instock"],"_wc_average_rating":["0"],"_wc_review_count":["0"],"_product_attributes":["a:4:{s:14:\"pa_kolorystyka\";a:6:{s:4:\"name\";s:14:\"pa_kolorystyka\";s:5:\"value\";s:0:\"\";s:8:\"position\";i:0;s:10:\"is_visible\";i:0;s:12:\"is_variation\";i:1;s:11:\"is_taxonomy\";i:1;}s:7:\"dlugosc\";a:6:{s:4:\"name\";s:10:\"D\u0142ugo\u015b\u0107\";s:5:\"value\";s:4:\"95cm\";s:8:\"position\";i:1;s:10:\"is_visible\";i:1;s:12:\"is_variation\";i:0;s:11:\"is_taxonomy\";i:0;}s:9:\"szerokosc\";a:6:{s:4:\"name\";s:11:\"Szeroko\u015b\u0107\";s:5:\"value\";s:4:\"95cm\";s:8:\"position\";i:2;s:10:\"is_visible\";i:1;s:12:\"is_variation\";i:0;s:11:\"is_taxonomy\";i:0;}s:11:\"pa_wysokosc\";a:6:{s:4:\"name\";s:11:\"pa_wysokosc\";s:5:\"value\";s:0:\"\";s:8:\"position\";i:3;s:10:\"is_visible\";i:1;s:12:\"is_variation\";i:0;s:11:\"is_taxonomy\";i:1;}}"],"_product_version":["10.5.2"],"site-sidebar-layout":["default"],"ast-site-content-layout":["default"],"site-content-style":["default"],"site-sidebar-style":["default"],"theme-transparent-header-meta":["default"],"stick-header-meta":["default"],"_iwo_price_last_change":["a:4:{s:5:\"price\";s:0:\"\";s:10:\"price_sale\";s:0:\"\";s:19:\"price_including_tax\";d:2170;s:9:\"timestamp\";i:1729766962;}"],"astra_style_timestamp_css":["1733732304"],"rank_math_seo_score":["10"],"rank_math_primary_product_cat":["392"],"rank_math_focus_keyword":["basen z kulkami,basen z kulkami xxl"],"tabela_rozmiarow":[""],"_tabela_rozmiarow":["field_67a2094c6aa58"],"_pys_head_footer":["a:7:{s:14:\"disable_global\";b:0;s:8:\"head_any\";s:0:\"\";s:12:\"head_desktop\";s:0:\"\";s:11:\"head_mobile\";s:0:\"\";s:10:\"footer_any\";s:0:\"\";s:14:\"footer_desktop\";s:0:\"\";s:13:\"footer_mobile\";s:0:\"\";}"],"rank_math_primary_product_brand":["0"],"_edit_lock":["1766041400:2"],"_edit_last":["2"],"astra-migrate-meta-layouts":["set"],"_price":["250","250.00"],"_uag_page_assets":["a:9:{s:3:\"css\";s:10439:\".uagb-block-0871d717.wp-block-uagb-image{text-align: left;justify-content: flex-start;align-self: flex-start;}.uagb-block-0871d717 .wp-block-uagb-image__figure{align-items: flex-start;}.uagb-block-0871d717.wp-block-uagb-image--layout-default figure img{box-shadow: 0px 0px 0 #00000070;}.uagb-block-0871d717.wp-block-uagb-image .wp-block-uagb-image__figure figcaption{font-style: normal;align-self: center;}.uagb-block-0871d717.wp-block-uagb-image--layout-overlay figure img{box-shadow: 0px 0px 0 #00000070;}.uagb-block-0871d717.wp-block-uagb-image--layout-overlay .wp-block-uagb-image--layout-overlay__color-wrapper{opacity: 0.2;}.uagb-block-0871d717.wp-block-uagb-image--layout-overlay .wp-block-uagb-image--layout-overlay__inner{left: 15px;right: 15px;top: 15px;bottom: 15px;}.uagb-block-0871d717.wp-block-uagb-image--layout-overlay .wp-block-uagb-image--layout-overlay__inner .uagb-image-heading{font-style: normal;color: #fff;opacity: 1;}.uagb-block-0871d717.wp-block-uagb-image--layout-overlay .wp-block-uagb-image--layout-overlay__inner .uagb-image-heading a{color: #fff;}.uagb-block-0871d717.wp-block-uagb-image--layout-overlay .wp-block-uagb-image--layout-overlay__inner .uagb-image-caption{opacity: 0;}.uagb-block-0871d717.wp-block-uagb-image--layout-overlay .wp-block-uagb-image__figure:hover .wp-block-uagb-image--layout-overlay__color-wrapper{opacity: 1;}.uagb-block-0871d717.wp-block-uagb-image .wp-block-uagb-image--layout-overlay__inner .uagb-image-separator{width: 30%;border-top-width: 2px;border-top-color: #fff;opacity: 0;}.uagb-block-0871d717.wp-block-uagb-image .wp-block-uagb-image__figure img{width: 91px;height: auto;}.uagb-block-0871d717.wp-block-uagb-image .wp-block-uagb-image__figure:hover .wp-block-uagb-image--layout-overlay__inner .uagb-image-caption{opacity: 1;}.uagb-block-0871d717.wp-block-uagb-image .wp-block-uagb-image__figure:hover .wp-block-uagb-image--layout-overlay__inner .uagb-image-separator{opacity: 1;}.uagb-block-0871d717.wp-block-uagb-image--layout-default figure:hover img{box-shadow: 0px 0px 0 #00000070;}.uagb-block-0871d717.wp-block-uagb-image--layout-overlay figure:hover img{box-shadow: 0px 0px 0 #00000070;}@media only screen and (max-width: 976px) {.uagb-block-0871d717.wp-block-uagb-image .wp-block-uagb-image__figure img{width: 91px;height: auto;}}@media only screen and (max-width: 767px) {.uagb-block-0871d717.wp-block-uagb-image .wp-block-uagb-image__figure img{width: 91px;height: auto;}} .uagb-block-36e55f8d.uagb-icon-wrapper{text-align: center;} .uagb-block-36e55f8d.uagb-icon-wrapper .uagb-svg-wrapper a{display: contents;} .uagb-block-36e55f8d.uagb-icon-wrapper svg{width: 20px;height: 20px;transform: rotate(0deg);box-sizing: content-box;fill: #333;filter: drop-shadow( 0px 0px 0px #00000070 );} .uagb-block-36e55f8d.uagb-icon-wrapper .uagb-svg-wrapper{display: inline-flex;padding-top: 0px;padding-right: 0px;padding-bottom: 0px;padding-left: 0px;border-style: default;box-shadow: 0px 0px 0 #00000070 ;} .uagb-block-36e55f8d.uagb-icon-wrapper .uagb-svg-wrapper:hover{box-shadow: 0px 0px 0 #00000070 ;} .uagb-block-36e55f8d.uagb-icon-wrapper .uagb-svg-wrapper:focus-visible{box-shadow: 0px 0px 0 #00000070 ;} .uagb-block-36e55f8d.uagb-icon-wrapper.wp-block-uagb-icon--has-margin .uagb-icon-margin-wrapper{margin-top: 0px;margin-right: 0px;margin-bottom: 0px;margin-left: 0px;}@media only screen and (max-width: 976px) { .uagb-block-36e55f8d.uagb-icon-wrapper .uagb-svg-wrapper{display: inline-flex;}}@media only screen and (max-width: 767px) { .uagb-block-36e55f8d.uagb-icon-wrapper .uagb-svg-wrapper{display: inline-flex;} .uagb-block-36e55f8d.uagb-icon-wrapper.wp-block-uagb-icon--has-margin .uagb-icon-margin-wrapper{margin-top: 0px;margin-right: 0px;margin-bottom: 0px;margin-left: 0px;}}.wp-block-uagb-advanced-heading.uagb-block-b31b8376.wp-block-uagb-advanced-heading .uagb-heading-text{color: #ffffff;}.wp-block-uagb-advanced-heading.uagb-block-b31b8376.wp-block-uagb-advanced-heading a{color: #ffffff;}.wp-block-uagb-advanced-heading.uagb-block-b31b8376.wp-block-uagb-advanced-heading a:hover{color: #d6d6d6;}.wp-block-uagb-advanced-heading.uagb-block-b31b8376.wp-block-uagb-advanced-heading .uagb-desc-text{color: #ffffff;margin-bottom: 15px;}.wp-block-uagb-advanced-heading.uagb-block-b31b8376.wp-block-uagb-advanced-heading .uagb-highlight{font-style: normal;font-weight: Default;background: #007cba;color: #fff;-webkit-text-fill-color: #fff;}.wp-block-uagb-advanced-heading.uagb-block-b31b8376.wp-block-uagb-advanced-heading .uagb-highlight::-moz-selection{color: #fff;background: #007cba;-webkit-text-fill-color: #fff;}.wp-block-uagb-advanced-heading.uagb-block-b31b8376.wp-block-uagb-advanced-heading .uagb-highlight::selection{color: #fff;background: #007cba;-webkit-text-fill-color: #fff;}.wp-block-uagb-advanced-heading.uagb-block-b31b8376 .uagb-heading-text{font-weight: 400;font-size: 21px;margin-bottom: 15px;}@media only screen and (max-width: 767px) {.wp-block-uagb-advanced-heading.uagb-block-b31b8376.wp-block-uagb-advanced-heading {text-align: left;}}.wp-block-uagb-advanced-heading.uagb-block-ad29589e.wp-block-uagb-advanced-heading .uagb-desc-text{margin-bottom: 15px;}.wp-block-uagb-advanced-heading.uagb-block-ad29589e.wp-block-uagb-advanced-heading .uagb-highlight{font-style: normal;font-weight: Default;background: #007cba;color: #fff;-webkit-text-fill-color: #fff;}.wp-block-uagb-advanced-heading.uagb-block-ad29589e.wp-block-uagb-advanced-heading .uagb-highlight::-moz-selection{color: #fff;background: #007cba;-webkit-text-fill-color: #fff;}.wp-block-uagb-advanced-heading.uagb-block-ad29589e.wp-block-uagb-advanced-heading .uagb-highlight::selection{color: #fff;background: #007cba;-webkit-text-fill-color: #fff;}.uagb-block-0a5196e9.wp-block-uagb-image{text-align: left;justify-content: flex-start;align-self: flex-start;}.uagb-block-0a5196e9 .wp-block-uagb-image__figure{align-items: flex-start;}.uagb-block-0a5196e9.wp-block-uagb-image--layout-default figure img{box-shadow: 0px 0px 0 #00000070;}.uagb-block-0a5196e9.wp-block-uagb-image .wp-block-uagb-image__figure figcaption{font-style: normal;align-self: center;}.uagb-block-0a5196e9.wp-block-uagb-image--layout-overlay figure img{box-shadow: 0px 0px 0 #00000070;}.uagb-block-0a5196e9.wp-block-uagb-image--layout-overlay .wp-block-uagb-image--layout-overlay__color-wrapper{opacity: 0.2;}.uagb-block-0a5196e9.wp-block-uagb-image--layout-overlay .wp-block-uagb-image--layout-overlay__inner{left: 15px;right: 15px;top: 15px;bottom: 15px;}.uagb-block-0a5196e9.wp-block-uagb-image--layout-overlay .wp-block-uagb-image--layout-overlay__inner .uagb-image-heading{font-style: normal;color: #fff;opacity: 1;}.uagb-block-0a5196e9.wp-block-uagb-image--layout-overlay .wp-block-uagb-image--layout-overlay__inner .uagb-image-heading a{color: #fff;}.uagb-block-0a5196e9.wp-block-uagb-image--layout-overlay .wp-block-uagb-image--layout-overlay__inner .uagb-image-caption{opacity: 0;}.uagb-block-0a5196e9.wp-block-uagb-image--layout-overlay .wp-block-uagb-image__figure:hover .wp-block-uagb-image--layout-overlay__color-wrapper{opacity: 1;}.uagb-block-0a5196e9.wp-block-uagb-image .wp-block-uagb-image--layout-overlay__inner .uagb-image-separator{width: 30%;border-top-width: 2px;border-top-color: #fff;opacity: 0;}.uagb-block-0a5196e9.wp-block-uagb-image .wp-block-uagb-image__figure img{width: 130px;height: auto;}.uagb-block-0a5196e9.wp-block-uagb-image .wp-block-uagb-image__figure:hover .wp-block-uagb-image--layout-overlay__inner .uagb-image-caption{opacity: 1;}.uagb-block-0a5196e9.wp-block-uagb-image .wp-block-uagb-image__figure:hover .wp-block-uagb-image--layout-overlay__inner .uagb-image-separator{opacity: 1;}.uagb-block-0a5196e9.wp-block-uagb-image--layout-default figure:hover img{box-shadow: 0px 0px 0 #00000070;}.uagb-block-0a5196e9.wp-block-uagb-image--layout-overlay figure:hover img{box-shadow: 0px 0px 0 #00000070;}@media only screen and (max-width: 976px) {.uagb-block-0a5196e9.wp-block-uagb-image .wp-block-uagb-image__figure img{width: 130px;height: auto;}}@media only screen and (max-width: 767px) {.uagb-block-0a5196e9.wp-block-uagb-image .wp-block-uagb-image__figure img{width: 130px;height: auto;}}.uagb-block-27431b2e.wp-block-uagb-image--layout-default figure img{box-shadow: 0px 0px 0 #00000070;}.uagb-block-27431b2e.wp-block-uagb-image .wp-block-uagb-image__figure figcaption{font-style: normal;align-self: center;}.uagb-block-27431b2e.wp-block-uagb-image--layout-overlay figure img{box-shadow: 0px 0px 0 #00000070;}.uagb-block-27431b2e.wp-block-uagb-image--layout-overlay .wp-block-uagb-image--layout-overlay__color-wrapper{opacity: 0.2;}.uagb-block-27431b2e.wp-block-uagb-image--layout-overlay .wp-block-uagb-image--layout-overlay__inner{left: 15px;right: 15px;top: 15px;bottom: 15px;}.uagb-block-27431b2e.wp-block-uagb-image--layout-overlay .wp-block-uagb-image--layout-overlay__inner .uagb-image-heading{font-style: normal;color: #fff;opacity: 1;}.uagb-block-27431b2e.wp-block-uagb-image--layout-overlay .wp-block-uagb-image--layout-overlay__inner .uagb-image-heading a{color: #fff;}.uagb-block-27431b2e.wp-block-uagb-image--layout-overlay .wp-block-uagb-image--layout-overlay__inner .uagb-image-caption{opacity: 0;}.uagb-block-27431b2e.wp-block-uagb-image--layout-overlay .wp-block-uagb-image__figure:hover .wp-block-uagb-image--layout-overlay__color-wrapper{opacity: 1;}.uagb-block-27431b2e.wp-block-uagb-image .wp-block-uagb-image--layout-overlay__inner .uagb-image-separator{width: 30%;border-top-width: 2px;border-top-color: #fff;opacity: 0;}.uagb-block-27431b2e.wp-block-uagb-image .wp-block-uagb-image__figure img{width: 291px;height: auto;}.uagb-block-27431b2e.wp-block-uagb-image .wp-block-uagb-image__figure:hover .wp-block-uagb-image--layout-overlay__inner .uagb-image-caption{opacity: 1;}.uagb-block-27431b2e.wp-block-uagb-image .wp-block-uagb-image__figure:hover .wp-block-uagb-image--layout-overlay__inner .uagb-image-separator{opacity: 1;}.uagb-block-27431b2e.wp-block-uagb-image--layout-default figure:hover img{box-shadow: 0px 0px 0 #00000070;}.uagb-block-27431b2e.wp-block-uagb-image--layout-overlay figure:hover img{box-shadow: 0px 0px 0 #00000070;}@media only screen and (max-width: 976px) {.uagb-block-27431b2e.wp-block-uagb-image .wp-block-uagb-image__figure img{width: 291px;height: auto;}}@media only screen and (max-width: 767px) {.uagb-block-27431b2e.wp-block-uagb-image .wp-block-uagb-image__figure img{width: 291px;height: auto;}}\";s:2:\"js\";s:575:\"document.addEventListener(\"DOMContentLoaded\", function(){ \t\t\t\twindow.addEventListener( 'DOMContentLoaded', () => {\n\t\t\t\t\tconst blockScope = document.querySelector( '.uagb-block-36e55f8d' );\n\t\t\t\t\tif ( ! blockScope ) {\n\t\t\t\t\t\treturn;\n\t\t\t\t\t}\n\n\t\t\t\t\tconst anchorElement = blockScope.querySelector('a');\n\t\t\t\t\tif (!anchorElement) {\n\t\t\t\t\t\treturn;\n\t\t\t\t\t} \n\n\t\t\t\t\t \n\t\t\t\t\tblockScope.addEventListener('keydown', (event) => {\n\t\t\t\t\t\tif ( 13 === event.keyCode || 32 === event.keyCode ) {\n\t\t\t\t\t\t\tevent.preventDefault();\n\t\t\t\t\t\t\t \n\t\t\t\t\t\t\tanchorElement.click();\t\n\t\t\t\t\t\t}\n\t\t\t\t\t} );\n\t\t\t\t} );\n\t\t\t });\";s:18:\"current_block_list\";a:12:{i:0;s:10:\"uagb\/image\";i:1;s:14:\"core\/paragraph\";i:2;s:9:\"uagb\/icon\";i:3;s:21:\"uagb\/advanced-heading\";i:4;s:12:\"core\/buttons\";i:5;s:11:\"core\/button\";i:6;s:21:\"trp\/language-switcher\";i:7;s:26:\"woocommerce\/filter-wrapper\";i:8;s:12:\"core\/heading\";i:9;s:28:\"woocommerce\/attribute-filter\";i:10;s:24:\"woocommerce\/stock-filter\";i:11;s:24:\"woocommerce\/price-filter\";}s:8:\"uag_flag\";b:1;s:11:\"uag_version\";i:1777296300;s:6:\"gfonts\";a:0:{}s:10:\"gfonts_url\";s:0:\"\";s:12:\"gfonts_files\";a:0:{}s:14:\"uag_faq_layout\";b:0;}"]},"uagb_featured_image_src":{"full":["https:\/\/golden-group.eu\/wp-content\/uploads\/2025\/11\/pufa-do-siedzenia-dla-dzieci-do-przedszkola-.-kolor-zolty.webp",1024,1024,false],"thumbnail":["https:\/\/golden-group.eu\/wp-content\/uploads\/2025\/11\/pufa-do-siedzenia-dla-dzieci-do-przedszkola-.-kolor-zolty.webp",96,96,false],"medium":["https:\/\/golden-group.eu\/wp-content\/uploads\/2025\/11\/pufa-do-siedzenia-dla-dzieci-do-przedszkola-.-kolor-zolty.webp",1024,1024,false],"medium_large":["https:\/\/golden-group.eu\/wp-content\/uploads\/2025\/11\/pufa-do-siedzenia-dla-dzieci-do-przedszkola-.-kolor-zolty-768x768.webp",768,768,true],"large":["https:\/\/golden-group.eu\/wp-content\/uploads\/2025\/11\/pufa-do-siedzenia-dla-dzieci-do-przedszkola-.-kolor-zolty.webp",1024,1024,false],"1536x1536":["https:\/\/golden-group.eu\/wp-content\/uploads\/2025\/11\/pufa-do-siedzenia-dla-dzieci-do-przedszkola-.-kolor-zolty.webp",1024,1024,false],"2048x2048":["https:\/\/golden-group.eu\/wp-content\/uploads\/2025\/11\/pufa-do-siedzenia-dla-dzieci-do-przedszkola-.-kolor-zolty.webp",1024,1024,false],"trp-custom-language-flag":["https:\/\/golden-group.eu\/wp-content\/uploads\/2025\/11\/pufa-do-siedzenia-dla-dzieci-do-przedszkola-.-kolor-zolty-12x12.webp",12,12,true],"mailpoet_newsletter_max":["https:\/\/golden-group.eu\/wp-content\/uploads\/2025\/11\/pufa-do-siedzenia-dla-dzieci-do-przedszkola-.-kolor-zolty.webp",1024,1024,false],"woocommerce_thumbnail":["https:\/\/golden-group.eu\/wp-content\/uploads\/2025\/11\/pufa-do-siedzenia-dla-dzieci-do-przedszkola-.-kolor-zolty-800x800.webp",800,800,true],"woocommerce_single":["https:\/\/golden-group.eu\/wp-content\/uploads\/2025\/11\/pufa-do-siedzenia-dla-dzieci-do-przedszkola-.-kolor-zolty.webp",1024,1024,false],"woocommerce_gallery_thumbnail":["https:\/\/golden-group.eu\/wp-content\/uploads\/2025\/11\/pufa-do-siedzenia-dla-dzieci-do-przedszkola-.-kolor-zolty-250x250.webp",250,250,true]},"uagb_author_info":{"display_name":"golden","author_link":"https:\/\/golden-group.eu\/en\/author\/"},"uagb_comment_info":0,"uagb_excerpt":"Du\u017ca poduszka pod\u0142ogowa \u015brednica-95cm h-22cm\u00a0\u2013 idealna do przedszkola, \u017c\u0142obka i domu Du\u017ca, okr\u0105g\u0142a poduszka pod\u0142ogowa o \u015brednicy 95cm to praktyczny i wygodny element wyposa\u017cenia ka\u017cdej przestrzeni dla dzieci. Sprawdza si\u0119 w przedszkolach, \u017c\u0142obkach, salach zabaw, klubikach dzieci\u0119cych oraz w domu, tworz\u0105c komfortowe miejsce do siedzenia, zabawy, \u0107wicze\u0144 i odpoczynku. Poduszka jest mi\u0119kka, stabilna i dopasowuje&hellip;","_links":{"self":[{"href":"https:\/\/golden-group.eu\/en\/wp-json\/wp\/v2\/product\/60704","targetHints":{"allow":["GET"]}}],"collection":[{"href":"https:\/\/golden-group.eu\/en\/wp-json\/wp\/v2\/product"}],"about":[{"href":"https:\/\/golden-group.eu\/en\/wp-json\/wp\/v2\/types\/product"}],"replies":[{"embeddable":true,"href":"https:\/\/golden-group.eu\/en\/wp-json\/wp\/v2\/comments?post=60704"}],"wp:featuredmedia":[{"embeddable":true,"href":"https:\/\/golden-group.eu\/en\/wp-json\/wp\/v2\/media\/60732"}],"wp:attachment":[{"href":"https:\/\/golden-group.eu\/en\/wp-json\/wp\/v2\/media?parent=60704"}],"wp:term":[{"taxonomy":"product_brand","embeddable":true,"href":"https:\/\/golden-group.eu\/en\/wp-json\/wp\/v2\/product_brand?post=60704"},{"taxonomy":"product_cat","embeddable":true,"href":"https:\/\/golden-group.eu\/en\/wp-json\/wp\/v2\/product_cat?post=60704"},{"taxonomy":"product_tag","embeddable":true,"href":"https:\/\/golden-group.eu\/en\/wp-json\/wp\/v2\/product_tag?post=60704"}],"curies":[{"name":"wp","href":"https:\/\/api.w.org\/{rel}","templated":true}]}}