{"id":61039,"date":"2025-12-11T18:11:07","date_gmt":"2025-12-11T17:11:07","guid":{"rendered":"https:\/\/golden-group.eu\/?post_type=product&#038;p=61039"},"modified":"2026-03-02T15:26:34","modified_gmt":"2026-03-02T14:26:34","slug":"poduszki-na-hustawke-150cm","status":"publish","type":"product","link":"https:\/\/golden-group.eu\/en\/product\/poduszki-na-hustawke-150cm\/","title":{"rendered":"Komplet poduszek na hu\u015btawk\u0119 ogrodow\u0105 180cm"},"content":{"rendered":"<h1 data-start=\"121\" data-end=\"180\"><strong data-start=\"128\" data-end=\"180\">Poduszki na hu\u015btawk\u0119 ogrodow\u0105 o d\u0142\u00a0 180cm<\/strong><\/h1>\n<p data-start=\"182\" data-end=\"596\"><strong data-start=\"182\" data-end=\"231\">Komplet poduszek na hu\u015btawk\u0119 ogrodow\u0105 o d\u0142\u00a0 180 cm<\/strong> to idealny wyb\u00f3r dla os\u00f3b, kt\u00f3re chc\u0105 po\u0142\u0105czy\u0107 komfort, trwa\u0142o\u015b\u0107 oraz elegancj\u0119. Zestaw zosta\u0142 zaprojektowany do hu\u015btawek o <strong data-start=\"356\" data-end=\"385\">d\u0142ugo\u015bci siedziska d\u0142 180 cm g\u0142\u0119boko\u015b\u0107 siedziska 50cm\u00a0<\/strong> and <strong data-start=\"388\" data-end=\"415\">wysoko\u015bci oparcia 60 cm<\/strong>, dzi\u0119ki czemu gwarantuje idealne dopasowanie. Poduszki nie tylko zapewniaj\u0105 wygod\u0119, ale r\u00f3wnie\u017c <strong data-start=\"512\" data-end=\"546\">dodaj\u0105 luksusu Twojej hu\u015btawce<\/strong>, podkre\u015blaj\u0105c jej nowoczesny i stylowy charakter.<\/p>\n<p data-start=\"598\" data-end=\"640\">W sk\u0142ad kompletu wchodzi <strong data-start=\"623\" data-end=\"637\">5 poduszek<\/strong>:<\/p>\n<ul data-start=\"641\" data-end=\"738\">\n<li data-start=\"641\" data-end=\"671\">\n<p data-start=\"643\" data-end=\"671\"><strong data-start=\"643\" data-end=\"668\">2 poduszki na oparcie (90&#215;60) x grubo\u015b\u0107 10 cm<\/strong><\/p>\n<\/li>\n<li data-start=\"672\" data-end=\"708\">\n<p data-start=\"674\" data-end=\"708\"><strong data-start=\"674\" data-end=\"705\">2 poduszki na pod\u0142okietniki (40&#215;30) x grubo\u015b\u0107 12cm<\/strong><\/p>\n<\/li>\n<li data-start=\"709\" data-end=\"738\">\n<p data-start=\"711\" data-end=\"738\"><strong data-start=\"711\" data-end=\"737\">1 materac na siedzisko (156&#215;45) x grubo\u015b\u0107 12cm\u00a0<\/strong><\/p>\n<\/li>\n<\/ul>\n<p data-start=\"740\" data-end=\"929\">Wype\u0142nienie wykonane z <strong data-start=\"763\" data-end=\"804\">wysokiej jako\u015bci granulatu piankowego<\/strong> zapewnia spr\u0119\u017cysto\u015b\u0107 i odporno\u015b\u0107 na odkszta\u0142cenia \u2014 poduszki <strong data-start=\"866\" data-end=\"887\">nie wysiaduj\u0105 si\u0119<\/strong> nawet podczas intensywnego u\u017cytkowania.<\/p>\n<p data-start=\"931\" data-end=\"1136\">Pokrowce posiadaj\u0105 <strong data-start=\"950\" data-end=\"966\">wszyte zamki<\/strong>, co umo\u017cliwia \u0142atwe zdejmowanie i pranie. Tkanina jest <strong data-start=\"1022\" data-end=\"1054\">odporna na promieniowanie UV<\/strong>, dzi\u0119ki czemu zachowuje kolor i trwa\u0142o\u015b\u0107 przez d\u0142ugi czas, nawet w pe\u0142nym s\u0142o\u0144cu.<\/p>\n<p data-start=\"1138\" data-end=\"1374\">To idealny zestaw dla ka\u017cdego, kto chce od\u015bwie\u017cy\u0107 wygl\u0105d swojej hu\u015btawki ogrodowej i stworzy\u0107 przestrze\u0144 sprzyjaj\u0105c\u0105 relaksowi. Poduszki podkre\u015blaj\u0105 elegancj\u0119 mebla, sprawiaj\u0105c, \u017ce hu\u015btawka prezentuje si\u0119 jak ekskluzywny element ogrodu.<\/p>\n<h3>Cleaning method<\/h3>\n<ul>\n<li>The whole thing can be disassembled and the cover can be washed in the washing machine at 40\u00b0C.<\/li>\n<li>Remove dirt with a soft sponge and a solution of soap and water (temperature 30\u00b0C).<\/li>\n<li><strong>ATTENTION<\/strong>: Avoid aggressive chemicals containing solvents and bleaches.<\/li>\n<\/ul>\n<p>&nbsp;<\/p>\n<h3>Summary<\/h3>\n<p>Dekoracyjna poduszka na hu\u015btawk\u0119 to idealne po\u0142\u0105czenie wygody i elegancji. Dzi\u0119ki wysokiej jako\u015bci materia\u0142om i starannemu wykonaniu, jest to produkt, kt\u00f3ry spe\u0142ni oczekiwania nawet najbardziej wymagaj\u0105cych u\u017cytkownik\u00f3w.<\/p>","protected":false},"excerpt":{"rendered":"<p>Poduszki na hu\u015btawk\u0119 ogrodow\u0105 o d\u0142\u00a0 180cm Komplet poduszek na hu\u015btawk\u0119 ogrodow\u0105 o d\u0142\u00a0 180 cm to idealny wyb\u00f3r dla os\u00f3b, kt\u00f3re chc\u0105 po\u0142\u0105czy\u0107 komfort, trwa\u0142o\u015b\u0107 oraz elegancj\u0119. Zestaw zosta\u0142 zaprojektowany do hu\u015btawek o d\u0142ugo\u015bci siedziska d\u0142 180 cm g\u0142\u0119boko\u015b\u0107 siedziska 50cm\u00a0 i wysoko\u015bci oparcia 60 cm, dzi\u0119ki czemu gwarantuje idealne dopasowanie. Poduszki nie tylko [&hellip;]<\/p>\n","protected":false},"featured_media":61032,"comment_status":"open","ping_status":"closed","template":"","meta":{"_acf_changed":false,"_uag_custom_page_level_css":"","site-sidebar-layout":"default","site-content-layout":"","ast-site-content-layout":"default","site-content-style":"default","site-sidebar-style":"default","ast-global-header-display":"","ast-banner-title-visibility":"","ast-main-header-display":"","ast-hfb-above-header-display":"","ast-hfb-below-header-display":"","ast-hfb-mobile-header-display":"","site-post-title":"","ast-breadcrumbs-content":"","ast-featured-img":"","footer-sml-layout":"","ast-disable-related-posts":"","theme-transparent-header-meta":"default","adv-header-id-meta":"","stick-header-meta":"default","header-above-stick-meta":"","header-main-stick-meta":"","header-below-stick-meta":"","astra-migrate-meta-layouts":"set","ast-page-background-enabled":"default","ast-page-background-meta":{"desktop":{"background-color":"","background-image":"","background-repeat":"repeat","background-position":"center center","background-size":"auto","background-attachment":"scroll","background-type":"","background-media":"","overlay-type":"","overlay-color":"","overlay-opacity":"","overlay-gradient":""},"tablet":{"background-color":"","background-image":"","background-repeat":"repeat","background-position":"center center","background-size":"auto","background-attachment":"scroll","background-type":"","background-media":"","overlay-type":"","overlay-color":"","overlay-opacity":"","overlay-gradient":""},"mobile":{"background-color":"","background-image":"","background-repeat":"repeat","background-position":"center center","background-size":"auto","background-attachment":"scroll","background-type":"","background-media":"","overlay-type":"","overlay-color":"","overlay-opacity":"","overlay-gradient":""}},"ast-content-background-meta":{"desktop":{"background-color":"var(--ast-global-color-5)","background-image":"","background-repeat":"repeat","background-position":"center center","background-size":"auto","background-attachment":"scroll","background-type":"","background-media":"","overlay-type":"","overlay-color":"","overlay-opacity":"","overlay-gradient":""},"tablet":{"background-color":"var(--ast-global-color-5)","background-image":"","background-repeat":"repeat","background-position":"center center","background-size":"auto","background-attachment":"scroll","background-type":"","background-media":"","overlay-type":"","overlay-color":"","overlay-opacity":"","overlay-gradient":""},"mobile":{"background-color":"var(--ast-global-color-5)","background-image":"","background-repeat":"repeat","background-position":"center center","background-size":"auto","background-attachment":"scroll","background-type":"","background-media":"","overlay-type":"","overlay-color":"","overlay-opacity":"","overlay-gradient":""}}},"product_brand":[361],"product_cat":[410],"product_tag":[],"class_list":{"0":"post-61039","1":"product","2":"type-product","3":"status-publish","4":"has-post-thumbnail","6":"product_brand-golden-garden","7":"product_cat-na-hustawki","8":"product_shipping_class-50-zl","9":"desktop-align-center","10":"tablet-align-center","11":"mobile-align-center","12":"ast-product-gallery-layout-horizontal","13":"ast-product-single-variable","14":"ast-product-tabs-layout-accordion","16":"first","17":"instock","18":"taxable","19":"shipping-taxable","20":"purchasable","21":"product-type-variable","22":"add-to-wishlist-before_image"},"acf":[],"spectra_custom_meta":{"rank_math_internal_links_processed":["1","1"],"total_sales":["0"],"_tax_status":["taxable"],"_tax_class":[""],"_manage_stock":["no"],"_backorders":["no"],"_sold_individually":["no"],"_weight":["15"],"_virtual":["no"],"_downloadable":["no"],"_product_image_gallery":["61062,61063,61064,61066,61067,61068,61069,61065,61123"],"_download_limit":["0"],"_download_expiry":["0"],"_thumbnail_id":["61032"],"_stock":[null],"_stock_status":["instock"],"_wc_average_rating":["0"],"_wc_review_count":["0"],"_product_attributes":["a:3:{s:18:\"pa_wymiary-dl-szer\";a:6:{s:4:\"name\";s:18:\"pa_wymiary-dl-szer\";s:5:\"value\";s:0:\"\";s:8:\"position\";i:0;s:10:\"is_visible\";i:1;s:12:\"is_variation\";i:0;s:11:\"is_taxonomy\";i:1;}s:29:\"pa_grubosc-wysokosc-siedziska\";a:6:{s:4:\"name\";s:29:\"pa_grubosc-wysokosc-siedziska\";s:5:\"value\";s:0:\"\";s:8:\"position\";i:1;s:10:\"is_visible\";i:1;s:12:\"is_variation\";i:0;s:11:\"is_taxonomy\";i:1;}s:14:\"pa_kolorystyka\";a:6:{s:4:\"name\";s:14:\"pa_kolorystyka\";s:5:\"value\";s:0:\"\";s:8:\"position\";i:2;s:10:\"is_visible\";i:1;s:12:\"is_variation\";i:1;s:11:\"is_taxonomy\";i:1;}}"],"_product_version":["10.5.2"],"astra_style_timestamp_css":["1733734141"],"rank_math_seo_score":["10"],"_iwo_price_last_change":["a:4:{s:5:\"price\";s:0:\"\";s:10:\"price_sale\";s:0:\"\";s:19:\"price_including_tax\";d:0;s:9:\"timestamp\";i:1765453704;}"],"tabela_rozmiarow":[""],"_tabela_rozmiarow":["field_67a2094c6aa58"],"_pys_head_footer":["a:7:{s:14:\"disable_global\";b:0;s:8:\"head_any\";s:0:\"\";s:12:\"head_desktop\";s:0:\"\";s:11:\"head_mobile\";s:0:\"\";s:10:\"footer_any\";s:0:\"\";s:14:\"footer_desktop\";s:0:\"\";s:13:\"footer_mobile\";s:0:\"\";}"],"site-sidebar-layout":["default"],"ast-site-content-layout":["default"],"site-content-style":["default"],"site-sidebar-style":["default"],"theme-transparent-header-meta":["default"],"stick-header-meta":["default"],"_edit_lock":["1766038891:2"],"_edit_last":["2"],"_length":["80"],"_width":["55"],"_height":["55"],"astra-migrate-meta-layouts":["set"],"_price":["450"]},"uagb_featured_image_src":{"full":["https:\/\/golden-group.eu\/wp-content\/uploads\/2025\/12\/hustawka-kremowa.webp",1024,1024,false],"thumbnail":["https:\/\/golden-group.eu\/wp-content\/uploads\/2025\/12\/hustawka-kremowa.webp",96,96,false],"medium":["https:\/\/golden-group.eu\/wp-content\/uploads\/2025\/12\/hustawka-kremowa.webp",1024,1024,false],"medium_large":["https:\/\/golden-group.eu\/wp-content\/uploads\/2025\/12\/hustawka-kremowa-768x768.webp",768,768,true],"large":["https:\/\/golden-group.eu\/wp-content\/uploads\/2025\/12\/hustawka-kremowa.webp",1024,1024,false],"1536x1536":["https:\/\/golden-group.eu\/wp-content\/uploads\/2025\/12\/hustawka-kremowa.webp",1024,1024,false],"2048x2048":["https:\/\/golden-group.eu\/wp-content\/uploads\/2025\/12\/hustawka-kremowa.webp",1024,1024,false],"trp-custom-language-flag":["https:\/\/golden-group.eu\/wp-content\/uploads\/2025\/12\/hustawka-kremowa-12x12.webp",12,12,true],"mailpoet_newsletter_max":["https:\/\/golden-group.eu\/wp-content\/uploads\/2025\/12\/hustawka-kremowa.webp",1024,1024,false],"woocommerce_thumbnail":["https:\/\/golden-group.eu\/wp-content\/uploads\/2025\/12\/hustawka-kremowa-800x800.webp",800,800,true],"woocommerce_single":["https:\/\/golden-group.eu\/wp-content\/uploads\/2025\/12\/hustawka-kremowa.webp",1024,1024,false],"woocommerce_gallery_thumbnail":["https:\/\/golden-group.eu\/wp-content\/uploads\/2025\/12\/hustawka-kremowa-250x250.webp",250,250,true]},"uagb_author_info":{"display_name":"golden","author_link":"https:\/\/golden-group.eu\/en\/author\/"},"uagb_comment_info":0,"uagb_excerpt":"Poduszki na hu\u015btawk\u0119 ogrodow\u0105 o d\u0142\u00a0 180cm Komplet poduszek na hu\u015btawk\u0119 ogrodow\u0105 o d\u0142\u00a0 180 cm to idealny wyb\u00f3r dla os\u00f3b, kt\u00f3re chc\u0105 po\u0142\u0105czy\u0107 komfort, trwa\u0142o\u015b\u0107 oraz elegancj\u0119. Zestaw zosta\u0142 zaprojektowany do hu\u015btawek o d\u0142ugo\u015bci siedziska d\u0142 180 cm g\u0142\u0119boko\u015b\u0107 siedziska 50cm\u00a0 i wysoko\u015bci oparcia 60 cm, dzi\u0119ki czemu gwarantuje idealne dopasowanie. Poduszki nie tylko&hellip;","_links":{"self":[{"href":"https:\/\/golden-group.eu\/en\/wp-json\/wp\/v2\/product\/61039","targetHints":{"allow":["GET"]}}],"collection":[{"href":"https:\/\/golden-group.eu\/en\/wp-json\/wp\/v2\/product"}],"about":[{"href":"https:\/\/golden-group.eu\/en\/wp-json\/wp\/v2\/types\/product"}],"replies":[{"embeddable":true,"href":"https:\/\/golden-group.eu\/en\/wp-json\/wp\/v2\/comments?post=61039"}],"wp:featuredmedia":[{"embeddable":true,"href":"https:\/\/golden-group.eu\/en\/wp-json\/wp\/v2\/media\/61032"}],"wp:attachment":[{"href":"https:\/\/golden-group.eu\/en\/wp-json\/wp\/v2\/media?parent=61039"}],"wp:term":[{"taxonomy":"product_brand","embeddable":true,"href":"https:\/\/golden-group.eu\/en\/wp-json\/wp\/v2\/product_brand?post=61039"},{"taxonomy":"product_cat","embeddable":true,"href":"https:\/\/golden-group.eu\/en\/wp-json\/wp\/v2\/product_cat?post=61039"},{"taxonomy":"product_tag","embeddable":true,"href":"https:\/\/golden-group.eu\/en\/wp-json\/wp\/v2\/product_tag?post=61039"}],"curies":[{"name":"wp","href":"https:\/\/api.w.org\/{rel}","templated":true}]}}