{"id":63563,"date":"2026-02-03T12:22:46","date_gmt":"2026-02-03T11:22:46","guid":{"rendered":"https:\/\/golden-group.eu\/?post_type=product&#038;p=63563"},"modified":"2026-03-02T15:06:42","modified_gmt":"2026-03-02T14:06:42","slug":"tipi-dla-psa-royal-szare-kopia","status":"publish","type":"product","link":"https:\/\/golden-group.eu\/en\/product\/tipi-dla-psa-royal-szare-kopia\/","title":{"rendered":"Tipi dla psa Royal granatowy"},"content":{"rendered":"<div class=\"mpof_ki myre_zn myre_8v_l _0d3bd_YrWCD\">\n<div class=\"mp4t_16_s mryx_16_s mr3m_1 mli2_1 mh85_56 mh85_0_l\">\n<div class=\"mgn2_16 _0d3bd_5pK0q\"><b>Description<\/b> The Tipi bed is the perfect place for your pet to rest. The tipi is a bed made of the highest quality Royal velvet polyester. It is equipped with a comfortable cushion that is permanently attached to the bottom. The tipi is stable and does not move. The cushion is filled with a silicone ball. Nice and fluffy. The filling provides good air circulation. <b>The set includes:<\/b> - tent - base dimensions 70cm x 70cm, height approx. 90cm - beech frame, 4 sticks with a height of 90cm and a diameter of 2.5cm - cushion with filling, dimensions 70cm x 70cm, height approx. 8cm - 2 bone mascots - ribbon to tie the sticks <b>Material:<\/b> -tent: high quality Royal Velvet polyester -pillow filled with silicone ball. Nice and fluffy. -pillow (permanently connected to the tipi) Royal Velvet fabric with removable filling. The safety of the materials used and the filling of our beds is confirmed by the Oeko Tex Standard 100 Certificate*. <b>Cleaning:<\/b> - the tent with the cushion can be washed in a washing machine at 30\u00b0C using a small amount of mild detergent and spinning at low speed - you can clean it with a damp cloth with mild detergent, do not scrub - fur can be easily removed with a vacuum cleaner<\/div>\n<\/div>\n<\/div>","protected":false},"excerpt":{"rendered":"<p><img loading=\"lazy\" decoding=\"async\" class=\"alignnone size-full wp-image-6419\" src=\"https:\/\/golden-group.eu\/wp-content\/uploads\/2024\/10\/37.webp\" alt=\"\" width=\"1000\" height=\"1000\" srcset=\"https:\/\/golden-group.eu\/wp-content\/uploads\/2024\/10\/37.webp 1000w, https:\/\/golden-group.eu\/wp-content\/uploads\/2024\/10\/37-800x800.webp 800w, https:\/\/golden-group.eu\/wp-content\/uploads\/2024\/10\/37-250x250.webp 250w, https:\/\/golden-group.eu\/wp-content\/uploads\/2024\/10\/37-700x700.webp 700w, https:\/\/golden-group.eu\/wp-content\/uploads\/2024\/10\/37-768x768.webp 768w\" sizes=\"auto, (max-width: 1000px) 100vw, 1000px\" \/><\/p>","protected":false},"featured_media":63550,"comment_status":"open","ping_status":"closed","template":"","meta":{"_acf_changed":false,"_uag_custom_page_level_css":"","site-sidebar-layout":"default","site-content-layout":"","ast-site-content-layout":"default","site-content-style":"default","site-sidebar-style":"default","ast-global-header-display":"","ast-banner-title-visibility":"","ast-main-header-display":"","ast-hfb-above-header-display":"","ast-hfb-below-header-display":"","ast-hfb-mobile-header-display":"","site-post-title":"","ast-breadcrumbs-content":"","ast-featured-img":"","footer-sml-layout":"","ast-disable-related-posts":"","theme-transparent-header-meta":"default","adv-header-id-meta":"","stick-header-meta":"default","header-above-stick-meta":"","header-main-stick-meta":"","header-below-stick-meta":"","astra-migrate-meta-layouts":"set","ast-page-background-enabled":"default","ast-page-background-meta":{"desktop":{"background-color":"","background-image":"","background-repeat":"repeat","background-position":"center center","background-size":"auto","background-attachment":"scroll","background-type":"","background-media":"","overlay-type":"","overlay-color":"","overlay-opacity":"","overlay-gradient":""},"tablet":{"background-color":"","background-image":"","background-repeat":"repeat","background-position":"center center","background-size":"auto","background-attachment":"scroll","background-type":"","background-media":"","overlay-type":"","overlay-color":"","overlay-opacity":"","overlay-gradient":""},"mobile":{"background-color":"","background-image":"","background-repeat":"repeat","background-position":"center center","background-size":"auto","background-attachment":"scroll","background-type":"","background-media":"","overlay-type":"","overlay-color":"","overlay-opacity":"","overlay-gradient":""}},"ast-content-background-meta":{"desktop":{"background-color":"var(--ast-global-color-5)","background-image":"","background-repeat":"repeat","background-position":"center center","background-size":"auto","background-attachment":"scroll","background-type":"","background-media":"","overlay-type":"","overlay-color":"","overlay-opacity":"","overlay-gradient":""},"tablet":{"background-color":"var(--ast-global-color-5)","background-image":"","background-repeat":"repeat","background-position":"center center","background-size":"auto","background-attachment":"scroll","background-type":"","background-media":"","overlay-type":"","overlay-color":"","overlay-opacity":"","overlay-gradient":""},"mobile":{"background-color":"var(--ast-global-color-5)","background-image":"","background-repeat":"repeat","background-position":"center center","background-size":"auto","background-attachment":"scroll","background-type":"","background-media":"","overlay-type":"","overlay-color":"","overlay-opacity":"","overlay-gradient":""}}},"product_brand":[359],"product_cat":[106],"product_tag":[],"class_list":{"0":"post-63563","1":"product","2":"type-product","3":"status-publish","4":"has-post-thumbnail","6":"product_brand-golden-dog","7":"product_cat-tipi","8":"product_shipping_class-tipi-dla-psow","9":"desktop-align-center","10":"tablet-align-center","11":"mobile-align-center","12":"ast-product-gallery-layout-horizontal","13":"ast-product-tabs-layout-accordion","15":"first","16":"instock","17":"taxable","18":"shipping-taxable","19":"purchasable","20":"product-type-simple","21":"add-to-wishlist-before_image"},"acf":[],"spectra_custom_meta":{"rank_math_internal_links_processed":["1","1"],"_sku":["5904533637540"],"_regular_price":["220.00"],"total_sales":["0"],"_tax_status":["taxable"],"_tax_class":[""],"_manage_stock":["yes"],"_backorders":["no"],"_sold_individually":["no"],"_weight":["0"],"_virtual":["no"],"_downloadable":["no"],"_product_image_gallery":["63551,63560"],"_download_limit":["0"],"_download_expiry":["0"],"_thumbnail_id":["63550"],"_stock":["50"],"_stock_status":["instock"],"_wc_average_rating":["0"],"_wc_review_count":["0"],"_product_attributes":["a:6:{s:8:\"pa_kolor\";a:6:{s:4:\"name\";s:8:\"pa_kolor\";s:5:\"value\";s:0:\"\";s:8:\"position\";i:0;s:10:\"is_visible\";i:1;s:12:\"is_variation\";i:0;s:11:\"is_taxonomy\";i:1;}s:10:\"pa_tkanina\";a:6:{s:4:\"name\";s:10:\"pa_tkanina\";s:5:\"value\";s:0:\"\";s:8:\"position\";i:1;s:10:\"is_visible\";i:1;s:12:\"is_variation\";i:0;s:11:\"is_taxonomy\";i:1;}s:15:\"wymiar-podstawy\";a:6:{s:4:\"name\";s:15:\"wymiar podstawy\";s:5:\"value\";s:11:\"70cm x 70cm\";s:8:\"position\";i:2;s:10:\"is_visible\";i:1;s:12:\"is_variation\";i:0;s:11:\"is_taxonomy\";i:0;}s:13:\"wysokosc-tipi\";a:6:{s:4:\"name\";s:15:\"wysoko\u015b\u0107 tipi\";s:5:\"value\";s:4:\"90cm\";s:8:\"position\";i:3;s:10:\"is_visible\";i:1;s:12:\"is_variation\";i:0;s:11:\"is_taxonomy\";i:0;}s:16:\"wysokosc-wejscia\";a:6:{s:4:\"name\";s:19:\"wysoko\u015b\u0107 wej\u015bcia\";s:5:\"value\";s:4:\"38cm\";s:8:\"position\";i:4;s:10:\"is_visible\";i:1;s:12:\"is_variation\";i:0;s:11:\"is_taxonomy\";i:0;}s:11:\"konstrukcja\";a:6:{s:4:\"name\";s:11:\"konstrukcja\";s:5:\"value\";s:36:\"pokrowiec tipi po\u0142\u0105czony ze spodem\";s:8:\"position\";i:5;s:10:\"is_visible\";i:1;s:12:\"is_variation\";i:0;s:11:\"is_taxonomy\";i:0;}}"],"_product_version":["10.5.2"],"_price":["220.00"],"_iwo_price_last_change":["a:4:{s:5:\"price\";s:6:\"220.00\";s:10:\"price_sale\";s:0:\"\";s:19:\"price_including_tax\";d:220;s:9:\"timestamp\";i:1729281272;}"],"site-sidebar-layout":["default"],"ast-site-content-layout":["default"],"site-content-style":["default"],"site-sidebar-style":["default"],"theme-transparent-header-meta":["default"],"stick-header-meta":["default"],"astra_style_timestamp_css":["1733752823"],"rank_math_seo_score":["10"],"tabela_rozmiarow":[""],"_tabela_rozmiarow":["field_67a2094c6aa58"],"_pys_head_footer":["a:7:{s:14:\"disable_global\";b:0;s:8:\"head_any\";s:0:\"\";s:12:\"head_desktop\";s:0:\"\";s:11:\"head_mobile\";s:0:\"\";s:10:\"footer_any\";s:0:\"\";s:14:\"footer_desktop\";s:0:\"\";s:13:\"footer_mobile\";s:0:\"\";}"],"astra-migrate-meta-layouts":["set"]},"uagb_featured_image_src":{"full":["https:\/\/golden-group.eu\/wp-content\/uploads\/2024\/10\/Tipi-Royal-granat-z-kotem.webp",1024,1024,false],"thumbnail":["https:\/\/golden-group.eu\/wp-content\/uploads\/2024\/10\/Tipi-Royal-granat-z-kotem.webp",96,96,false],"medium":["https:\/\/golden-group.eu\/wp-content\/uploads\/2024\/10\/Tipi-Royal-granat-z-kotem.webp",1024,1024,false],"medium_large":["https:\/\/golden-group.eu\/wp-content\/uploads\/2024\/10\/Tipi-Royal-granat-z-kotem-768x768.webp",768,768,true],"large":["https:\/\/golden-group.eu\/wp-content\/uploads\/2024\/10\/Tipi-Royal-granat-z-kotem.webp",1024,1024,false],"1536x1536":["https:\/\/golden-group.eu\/wp-content\/uploads\/2024\/10\/Tipi-Royal-granat-z-kotem.webp",1024,1024,false],"2048x2048":["https:\/\/golden-group.eu\/wp-content\/uploads\/2024\/10\/Tipi-Royal-granat-z-kotem.webp",1024,1024,false],"trp-custom-language-flag":["https:\/\/golden-group.eu\/wp-content\/uploads\/2024\/10\/Tipi-Royal-granat-z-kotem-12x12.webp",12,12,true],"mailpoet_newsletter_max":["https:\/\/golden-group.eu\/wp-content\/uploads\/2024\/10\/Tipi-Royal-granat-z-kotem.webp",1024,1024,false],"woocommerce_thumbnail":["https:\/\/golden-group.eu\/wp-content\/uploads\/2024\/10\/Tipi-Royal-granat-z-kotem-800x800.webp",800,800,true],"woocommerce_single":["https:\/\/golden-group.eu\/wp-content\/uploads\/2024\/10\/Tipi-Royal-granat-z-kotem.webp",1024,1024,false],"woocommerce_gallery_thumbnail":["https:\/\/golden-group.eu\/wp-content\/uploads\/2024\/10\/Tipi-Royal-granat-z-kotem-250x250.webp",250,250,true]},"uagb_author_info":{"display_name":"golden","author_link":"https:\/\/golden-group.eu\/en\/author\/"},"uagb_comment_info":0,"uagb_excerpt":null,"_links":{"self":[{"href":"https:\/\/golden-group.eu\/en\/wp-json\/wp\/v2\/product\/63563","targetHints":{"allow":["GET"]}}],"collection":[{"href":"https:\/\/golden-group.eu\/en\/wp-json\/wp\/v2\/product"}],"about":[{"href":"https:\/\/golden-group.eu\/en\/wp-json\/wp\/v2\/types\/product"}],"replies":[{"embeddable":true,"href":"https:\/\/golden-group.eu\/en\/wp-json\/wp\/v2\/comments?post=63563"}],"wp:featuredmedia":[{"embeddable":true,"href":"https:\/\/golden-group.eu\/en\/wp-json\/wp\/v2\/media\/63550"}],"wp:attachment":[{"href":"https:\/\/golden-group.eu\/en\/wp-json\/wp\/v2\/media?parent=63563"}],"wp:term":[{"taxonomy":"product_brand","embeddable":true,"href":"https:\/\/golden-group.eu\/en\/wp-json\/wp\/v2\/product_brand?post=63563"},{"taxonomy":"product_cat","embeddable":true,"href":"https:\/\/golden-group.eu\/en\/wp-json\/wp\/v2\/product_cat?post=63563"},{"taxonomy":"product_tag","embeddable":true,"href":"https:\/\/golden-group.eu\/en\/wp-json\/wp\/v2\/product_tag?post=63563"}],"curies":[{"name":"wp","href":"https:\/\/api.w.org\/{rel}","templated":true}]}}