{"id":693,"date":"2024-09-20T20:27:30","date_gmt":"2024-09-20T18:27:30","guid":{"rendered":"https:\/\/golden-group.pl\/?post_type=product&#038;p=693"},"modified":"2026-03-02T15:37:50","modified_gmt":"2026-03-02T14:37:50","slug":"plac-zabaw-sofa12-elementow","status":"publish","type":"product","link":"https:\/\/golden-group.eu\/en\/product\/plac-zabaw-sofa12-elementow\/","title":{"rendered":"Playground\/sofa12 items"},"content":{"rendered":"<h2>Sofa\/Foam Playground \u2013 Obstacle Course and Foam Blocks<\/h2>\n<p>A wonderful developmental game that has a positive impact on the child&#039;s development. Any configuration and compatibility of all elements develops the child&#039;s creativity and physical fitness.<br \/>\nA collection of blocks can be anything children dream of during play \u2013 a base, a tent, a house, a rocket, a car. It can also function as a sofa and a mattress for sleeping for our children&#039;s guests. It can be divided into two separate armchairs.<\/p>\n<p><span style=\"font-size: 16px; font-style: normal; font-weight: 400;\">Perfect for play from an early age (only under adult supervision).\u00a0<\/span><strong style=\"font-size: 16px; font-style: normal;\">Regardless of the child&#039;s age, play should take place under the supervision of an adult.<\/strong><\/p>\n<h3>Technical data<\/h3>\n<ul>\n<li>Made entirely of high-density and hardness foam, which makes it durable and functional.<\/li>\n<li>Covers made of pleasant-to-touch velvet fabric, safe for children.<\/li>\n<li>Cover with zipper, easily removed for washing (wash at 30\u00b0C).<\/li>\n<li>Products are vacuum packed to reduce the volume of the package. Please unpack carefully, do not use sharp tools. After unpacking, the product needs 24 hours to return to the desired shape.<\/li>\n<li>Entirely made in Poland.<\/li>\n<li>We have the necessary certificates (foam, fabric, balls). We send full documentation by email upon request.<\/li>\n<li>The colors in the photos may differ slightly from the actual ones due to individual monitor settings.<\/li>\n<\/ul>\n<p>&nbsp;<\/p>\n<h3>Element dimensions (width \/ length \/ height):<\/h3>\n<h4>The set includes:<\/h4>\n<ul>\n<li><strong>4x rectangular pillows<\/strong> (70\/75\/10 cm) \u2013 connected in pairs with zippers<\/li>\n<li><strong>2x pillar cushions<\/strong> (75\/10\/10cm)<\/li>\n<li><strong>2x triangle pillows<\/strong> (32\/32\/60cm)<\/li>\n<li><strong>4x round cushions<\/strong> 30 cm in diameter<\/li>\n<\/ul>\n<p>&nbsp;<\/p>\n<p><img loading=\"lazy\" decoding=\"async\" class=\"alignnone wp-image-6801\" style=\"font-weight: inherit;\" src=\"https:\/\/golden-group.eu\/wp-content\/uploads\/2023\/01\/techniczny-klocki-samochod.webp\" alt=\"Wymiary element\u00f3w placu zabaw\" width=\"800\" height=\"368\" \/><\/p>\n<p>&nbsp;<\/p>\n<p><strong>The playground\/sofa is available in 3 colours.<\/strong><\/p>\n<p>&nbsp;<\/p>\n<p><img loading=\"lazy\" decoding=\"async\" class=\"alignnone size-full wp-image-6790\" src=\"https:\/\/golden-group.eu\/wp-content\/uploads\/2023\/01\/akcesoria-dzieciece-otulacze-spiworki-kokony-baseny-z-kulkamitipi-820-x-312-px-2.webp\" alt=\"Kolory piankowego placu zabaw\" width=\"820\" height=\"312\" \/><\/p>","protected":false},"excerpt":{"rendered":"<p>Sofa\/Piankowy plac zabaw &#8211; tor przeszk\u00f3d i piankowe klocki Wspania\u0142a zabawa rozwojowa, kt\u00f3ra pozytywnie wp\u0142ywa na rozw\u00f3j dziecka. Dowolna konfiguracja i kompatybilno\u015b\u0107 wszystkich element\u00f3w rozwija kreatywno\u015b\u0107 dziecka i sprawno\u015b\u0107 fizyczn\u0105. Zbi\u00f3r klock\u00f3w mo\u017ce by\u0107 wszystkim, o czym dzieci marz\u0105 podczas zabawy \u2013 baz\u0105, namiotem, domkiem, rakiet\u0105, samochodem.\u00a0Mo\u017ce r\u00f3wnie\u017c pe\u0142ni\u0107 funkcj\u0119 sofy i materaca do spania [&hellip;]<\/p>\n","protected":false},"featured_media":694,"comment_status":"open","ping_status":"closed","template":"","meta":{"_acf_changed":false,"_uag_custom_page_level_css":"","site-sidebar-layout":"default","site-content-layout":"","ast-site-content-layout":"default","site-content-style":"default","site-sidebar-style":"default","ast-global-header-display":"","ast-banner-title-visibility":"","ast-main-header-display":"","ast-hfb-above-header-display":"","ast-hfb-below-header-display":"","ast-hfb-mobile-header-display":"","site-post-title":"","ast-breadcrumbs-content":"","ast-featured-img":"","footer-sml-layout":"","ast-disable-related-posts":"","theme-transparent-header-meta":"default","adv-header-id-meta":"","stick-header-meta":"default","header-above-stick-meta":"","header-main-stick-meta":"","header-below-stick-meta":"","astra-migrate-meta-layouts":"set","ast-page-background-enabled":"default","ast-page-background-meta":{"desktop":{"background-color":"","background-image":"","background-repeat":"repeat","background-position":"center center","background-size":"auto","background-attachment":"scroll","background-type":"","background-media":"","overlay-type":"","overlay-color":"","overlay-opacity":"","overlay-gradient":""},"tablet":{"background-color":"","background-image":"","background-repeat":"repeat","background-position":"center center","background-size":"auto","background-attachment":"scroll","background-type":"","background-media":"","overlay-type":"","overlay-color":"","overlay-opacity":"","overlay-gradient":""},"mobile":{"background-color":"","background-image":"","background-repeat":"repeat","background-position":"center center","background-size":"auto","background-attachment":"scroll","background-type":"","background-media":"","overlay-type":"","overlay-color":"","overlay-opacity":"","overlay-gradient":""}},"ast-content-background-meta":{"desktop":{"background-color":"var(--ast-global-color-5)","background-image":"","background-repeat":"repeat","background-position":"center center","background-size":"auto","background-attachment":"scroll","background-type":"","background-media":"","overlay-type":"","overlay-color":"","overlay-opacity":"","overlay-gradient":""},"tablet":{"background-color":"var(--ast-global-color-5)","background-image":"","background-repeat":"repeat","background-position":"center center","background-size":"auto","background-attachment":"scroll","background-type":"","background-media":"","overlay-type":"","overlay-color":"","overlay-opacity":"","overlay-gradient":""},"mobile":{"background-color":"var(--ast-global-color-5)","background-image":"","background-repeat":"repeat","background-position":"center center","background-size":"auto","background-attachment":"scroll","background-type":"","background-media":"","overlay-type":"","overlay-color":"","overlay-opacity":"","overlay-gradient":""}}},"product_brand":[360],"product_cat":[126],"product_tag":[],"class_list":{"0":"post-693","1":"product","2":"type-product","3":"status-publish","4":"has-post-thumbnail","6":"product_brand-golden-kids","7":"product_cat-place-zabaw","8":"product_shipping_class-plac-zabaw-bez-basenu","9":"desktop-align-center","10":"tablet-align-center","11":"mobile-align-center","12":"ast-product-gallery-layout-horizontal","13":"ast-product-single-variable","14":"ast-product-tabs-layout-accordion","16":"first","17":"instock","18":"taxable","19":"shipping-taxable","20":"purchasable","21":"product-type-variable","22":"add-to-wishlist-before_image"},"acf":[],"spectra_custom_meta":{"_sku":["5904533612462"],"total_sales":["0"],"_tax_status":["taxable"],"_tax_class":[""],"_manage_stock":["yes"],"_backorders":["no"],"_sold_individually":["no"],"_virtual":["no"],"_downloadable":["no"],"_download_limit":["0"],"_download_expiry":["0"],"_stock":["85"],"_stock_status":["instock"],"_wc_average_rating":["0"],"_wc_review_count":["0"],"_product_version":["10.5.2"],"_wp_old_slug":["import-placeholder-for-6792"],"_weight":["3"],"_thumbnail_id":["694"],"_product_attributes":["a:1:{s:14:\"pa_kolorystyka\";a:6:{s:4:\"name\";s:14:\"pa_kolorystyka\";s:5:\"value\";s:0:\"\";s:8:\"position\";i:0;s:10:\"is_visible\";i:0;s:12:\"is_variation\";i:1;s:11:\"is_taxonomy\";i:1;}}"],"_product_image_gallery":["695,696,697,698"],"_edit_lock":["1728646609:3"],"_edit_last":["3"],"_iwo_price_last_change":["a:4:{s:5:\"price\";s:0:\"\";s:10:\"price_sale\";s:0:\"\";s:19:\"price_including_tax\";d:915;s:9:\"timestamp\";i:1728646750;}"],"site-sidebar-layout":["default"],"ast-site-content-layout":["default"],"site-content-style":["default"],"site-sidebar-style":["default"],"theme-transparent-header-meta":["default"],"astra-migrate-meta-layouts":["set"],"stick-header-meta":["default"],"astra_style_timestamp_css":["1733754842"],"rank_math_internal_links_processed":["1"],"_price":["915"]},"uagb_featured_image_src":{"full":["https:\/\/golden-group.eu\/wp-content\/uploads\/2024\/09\/plac-zabaw-3.webp",1000,1000,false],"thumbnail":["https:\/\/golden-group.eu\/wp-content\/uploads\/2024\/09\/plac-zabaw-3.webp",96,96,false],"medium":["https:\/\/golden-group.eu\/wp-content\/uploads\/2024\/09\/plac-zabaw-3.webp",1000,1000,false],"medium_large":["https:\/\/golden-group.eu\/wp-content\/uploads\/2024\/09\/plac-zabaw-3-768x768.webp",768,768,true],"large":["https:\/\/golden-group.eu\/wp-content\/uploads\/2024\/09\/plac-zabaw-3.webp",1000,1000,false],"1536x1536":["https:\/\/golden-group.eu\/wp-content\/uploads\/2024\/09\/plac-zabaw-3.webp",1000,1000,false],"2048x2048":["https:\/\/golden-group.eu\/wp-content\/uploads\/2024\/09\/plac-zabaw-3.webp",1000,1000,false],"trp-custom-language-flag":["https:\/\/golden-group.eu\/wp-content\/uploads\/2024\/09\/plac-zabaw-3.webp",12,12,false],"mailpoet_newsletter_max":["https:\/\/golden-group.eu\/wp-content\/uploads\/2024\/09\/plac-zabaw-3.webp",1000,1000,false],"woocommerce_thumbnail":["https:\/\/golden-group.eu\/wp-content\/uploads\/2024\/09\/plac-zabaw-3-800x800.webp",800,800,true],"woocommerce_single":["https:\/\/golden-group.eu\/wp-content\/uploads\/2024\/09\/plac-zabaw-3.webp",1000,1000,false],"woocommerce_gallery_thumbnail":["https:\/\/golden-group.eu\/wp-content\/uploads\/2024\/09\/plac-zabaw-3-250x250.webp",250,250,true]},"uagb_author_info":{"display_name":"netmonster","author_link":"https:\/\/golden-group.eu\/en\/author\/"},"uagb_comment_info":0,"uagb_excerpt":"Sofa\/Piankowy plac zabaw &#8211; tor przeszk\u00f3d i piankowe klocki Wspania\u0142a zabawa rozwojowa, kt\u00f3ra pozytywnie wp\u0142ywa na rozw\u00f3j dziecka. Dowolna konfiguracja i kompatybilno\u015b\u0107 wszystkich element\u00f3w rozwija kreatywno\u015b\u0107 dziecka i sprawno\u015b\u0107 fizyczn\u0105. Zbi\u00f3r klock\u00f3w mo\u017ce by\u0107 wszystkim, o czym dzieci marz\u0105 podczas zabawy \u2013 baz\u0105, namiotem, domkiem, rakiet\u0105, samochodem.\u00a0Mo\u017ce r\u00f3wnie\u017c pe\u0142ni\u0107 funkcj\u0119 sofy i materaca do spania&hellip;","_links":{"self":[{"href":"https:\/\/golden-group.eu\/en\/wp-json\/wp\/v2\/product\/693","targetHints":{"allow":["GET"]}}],"collection":[{"href":"https:\/\/golden-group.eu\/en\/wp-json\/wp\/v2\/product"}],"about":[{"href":"https:\/\/golden-group.eu\/en\/wp-json\/wp\/v2\/types\/product"}],"replies":[{"embeddable":true,"href":"https:\/\/golden-group.eu\/en\/wp-json\/wp\/v2\/comments?post=693"}],"wp:featuredmedia":[{"embeddable":true,"href":"https:\/\/golden-group.eu\/en\/wp-json\/wp\/v2\/media\/694"}],"wp:attachment":[{"href":"https:\/\/golden-group.eu\/en\/wp-json\/wp\/v2\/media?parent=693"}],"wp:term":[{"taxonomy":"product_brand","embeddable":true,"href":"https:\/\/golden-group.eu\/en\/wp-json\/wp\/v2\/product_brand?post=693"},{"taxonomy":"product_cat","embeddable":true,"href":"https:\/\/golden-group.eu\/en\/wp-json\/wp\/v2\/product_cat?post=693"},{"taxonomy":"product_tag","embeddable":true,"href":"https:\/\/golden-group.eu\/en\/wp-json\/wp\/v2\/product_tag?post=693"}],"curies":[{"name":"wp","href":"https:\/\/api.w.org\/{rel}","templated":true}]}}